{"id":708950,"date":"2025-08-27T16:19:59","date_gmt":"2025-08-27T13:19:59","guid":{"rendered":"https:\/\/roveyayinevi.com.tr\/index.php\/urun\/geceleyin-gokyuzu\/"},"modified":"2026-04-16T02:17:37","modified_gmt":"2026-04-15T23:17:37","slug":"geceleyin-gokyuzu","status":"publish","type":"product","link":"https:\/\/roveyayinevi.com.tr\/index.php\/urun\/geceleyin-gokyuzu\/","title":{"rendered":"Geceleyin G\u00f6ky\u00fcz\u00fc"},"content":{"rendered":"<p>Bir deri bir kemik \u00f6yk\u00fcler. Ama zeki, \u00e7evik, haysiyetli. Erhan Memi\u015f\u2019in \u00f6yk\u00fc kitab\u0131 Geceleyin G\u00f6ky\u00fcz\u00fc, kendini ilk bak\u0131\u015fta belli eden \u201ctuhaf\u201dl\u0131kta metinlerden olu\u015fuyor. Dil kullan\u0131m\u0131yla, anlat\u0131c\u0131n\u0131n sesiyle, ele ald\u0131\u011f\u0131 anlar ve durumlarla bu kitap, 2017\u2019nin en \u00e7ok konu\u015fulacak \u00f6yk\u00fc kitaplar\u0131ndan biri olmaya aday. <\/p>\n","protected":false},"excerpt":{"rendered":"<p>Bir deri bir kemik \u00f6yk\u00fcler. Ama zeki, \u00e7evik, haysiyetli. Erhan Memi\u015f\u2019in \u00f6yk\u00fc kitab\u0131 Geceleyin G\u00f6ky\u00fcz\u00fc, kendini ilk bak\u0131\u015fta belli eden \u201ctuhaf\u201dl\u0131kta metinlerden olu\u015fuyor. Dil kullan\u0131m\u0131yla, anlat\u0131c\u0131n\u0131n<span class=\"excerpt-hellip\"> [\u2026]<\/span><\/p>\n","protected":false},"featured_media":0,"template":"","meta":{"_monsterinsights_skip_tracking":false,"_monsterinsights_sitenote_active":false,"_monsterinsights_sitenote_note":"","_monsterinsights_sitenote_category":0},"product_brand":[],"product_cat":[12291,12711],"product_tag":[],"class_list":{"0":"post-708950","1":"product","2":"type-product","3":"status-publish","5":"product_cat-edebiyat","6":"product_cat-roman-oyku","7":"pa_cilt-ciltsiz","8":"pa_tur-kitap","9":"pa_yayinevi-koc-universitesi-yayinlari","10":"pa_yazar-erhan-memis","12":"first","13":"instock","14":"sale","15":"shipping-taxable","16":"purchasable","17":"product-type-simple"},"_links":{"self":[{"href":"https:\/\/roveyayinevi.com.tr\/index.php\/wp-json\/wp\/v2\/product\/708950","targetHints":{"allow":["GET"]}}],"collection":[{"href":"https:\/\/roveyayinevi.com.tr\/index.php\/wp-json\/wp\/v2\/product"}],"about":[{"href":"https:\/\/roveyayinevi.com.tr\/index.php\/wp-json\/wp\/v2\/types\/product"}],"wp:attachment":[{"href":"https:\/\/roveyayinevi.com.tr\/index.php\/wp-json\/wp\/v2\/media?parent=708950"}],"wp:term":[{"taxonomy":"product_brand","embeddable":true,"href":"https:\/\/roveyayinevi.com.tr\/index.php\/wp-json\/wp\/v2\/product_brand?post=708950"},{"taxonomy":"product_cat","embeddable":true,"href":"https:\/\/roveyayinevi.com.tr\/index.php\/wp-json\/wp\/v2\/product_cat?post=708950"},{"taxonomy":"product_tag","embeddable":true,"href":"https:\/\/roveyayinevi.com.tr\/index.php\/wp-json\/wp\/v2\/product_tag?post=708950"}],"curies":[{"name":"wp","href":"https:\/\/api.w.org\/{rel}","templated":true}]}}