{"id":708948,"date":"2025-08-27T16:19:58","date_gmt":"2025-08-27T13:19:58","guid":{"rendered":"https:\/\/roveyayinevi.com.tr\/index.php\/urun\/hacli-seferi-3-2-album-birden\/"},"modified":"2026-04-16T02:17:37","modified_gmt":"2026-04-15T23:17:37","slug":"hacli-seferi-3-2-album-birden","status":"publish","type":"product","link":"https:\/\/roveyayinevi.com.tr\/index.php\/urun\/hacli-seferi-3-2-album-birden\/","title":{"rendered":"Ha\u00e7l\u0131 Seferi 3 &#8211; (2 Alb\u00fcm Birden)"},"content":{"rendered":"<p>HA\u00c7LI SEFER\u0130 3 \u2013 (2 ALB\u00dcM B\u0130RDEN) Deccal, Jebel Tarr\u2019da saklan\u0131yor. Jebel Tarr\u2019a gidecek kadar y\u00fcrekli tek bir ki\u015fi var: Flandre\u2019li Gauthier. Bir kad\u0131na verilmi\u015f s\u00f6z\u00fc olan Gauthier, verdi\u011fi s\u00f6z\u00fc yerine getirmek, Lhianes\u2019\u0131n k\u0131rba\u00e7\u00e7\u0131lar taraf\u0131ndan ka\u00e7\u0131r\u0131lan kay\u0131p k\u0131z karde\u015fini bulmak i\u00e7in yola koyulur. \u0130simsiz bir korku karanl\u0131klar i\u00e7inde onu bekliyordur. K\u00fcd\u00fcs\u2019te gerginlik artarken d\u00fcnyan\u0131n en \u00e7irkin insan\u0131 Guy de Lusignan sava\u015f istemektedir. Yurtsuz \u015f\u00f6valye ona kar\u015f\u0131 \u00e7\u0131kmak i\u00e7in zaman\u0131nda d\u00f6nebilecek midir? Deccal\u2019le y\u00fczle\u015fme vakti gittik\u00e7e yakla\u015fmaktad\u0131r.Xavier\u2019nin \u00e7izimleri, Dufeaux\u2019nun senaryosu ile Ha\u00e7l\u0131 Seferi serisinin son toplu alb\u00fcm\u00fc \u201c\u00c7\u00f6llerin Efendisi\u201d ve \u201cSon Nefes\u201d maceralar\u0131n\u0131 i\u00e7ermektedir. <\/p>\n","protected":false},"excerpt":{"rendered":"<p>HA\u00c7LI SEFER\u0130 3 \u2013 (2 ALB\u00dcM B\u0130RDEN) Deccal, Jebel Tarr\u2019da saklan\u0131yor. Jebel Tarr\u2019a gidecek kadar y\u00fcrekli tek bir ki\u015fi var: Flandre\u2019li Gauthier. Bir kad\u0131na verilmi\u015f s\u00f6z\u00fc<span class=\"excerpt-hellip\"> [\u2026]<\/span><\/p>\n","protected":false},"featured_media":0,"template":"","meta":{"_monsterinsights_skip_tracking":false,"_monsterinsights_sitenote_active":false,"_monsterinsights_sitenote_note":"","_monsterinsights_sitenote_category":0},"product_brand":[],"product_cat":[12689,12274],"product_tag":[],"class_list":{"0":"post-708948","1":"product","2":"type-product","3":"status-publish","5":"product_cat-cizgi-roman-cocuk-ve-genclik-kitaplari","6":"product_cat-cocuk-ve-genclik-kitaplari","7":"pa_cilt-ciltsiz","8":"pa_tur-kitap","9":"pa_yayinevi-yapi-kredi-yayinlari","10":"pa_yazar-jean-dufaux","12":"first","13":"instock","14":"sale","15":"shipping-taxable","16":"purchasable","17":"product-type-simple"},"_links":{"self":[{"href":"https:\/\/roveyayinevi.com.tr\/index.php\/wp-json\/wp\/v2\/product\/708948","targetHints":{"allow":["GET"]}}],"collection":[{"href":"https:\/\/roveyayinevi.com.tr\/index.php\/wp-json\/wp\/v2\/product"}],"about":[{"href":"https:\/\/roveyayinevi.com.tr\/index.php\/wp-json\/wp\/v2\/types\/product"}],"wp:attachment":[{"href":"https:\/\/roveyayinevi.com.tr\/index.php\/wp-json\/wp\/v2\/media?parent=708948"}],"wp:term":[{"taxonomy":"product_brand","embeddable":true,"href":"https:\/\/roveyayinevi.com.tr\/index.php\/wp-json\/wp\/v2\/product_brand?post=708948"},{"taxonomy":"product_cat","embeddable":true,"href":"https:\/\/roveyayinevi.com.tr\/index.php\/wp-json\/wp\/v2\/product_cat?post=708948"},{"taxonomy":"product_tag","embeddable":true,"href":"https:\/\/roveyayinevi.com.tr\/index.php\/wp-json\/wp\/v2\/product_tag?post=708948"}],"curies":[{"name":"wp","href":"https:\/\/api.w.org\/{rel}","templated":true}]}}