{"id":708947,"date":"2025-08-27T16:19:57","date_gmt":"2025-08-27T13:19:57","guid":{"rendered":"https:\/\/roveyayinevi.com.tr\/index.php\/urun\/roland-barthesin-dostlugu\/"},"modified":"2026-04-16T02:17:37","modified_gmt":"2026-04-15T23:17:37","slug":"roland-barthesin-dostlugu","status":"publish","type":"product","link":"https:\/\/roveyayinevi.com.tr\/index.php\/urun\/roland-barthesin-dostlugu\/","title":{"rendered":"Roland Barthes\u2019\u0131n Dostlu\u011fu"},"content":{"rendered":"<p>Philippe Sollers\u2019in de\u011fi\u015fik tarihlerde yazd\u0131\u011f\u0131 Roland Barthes\u2019la ilgili d\u00f6rt yaz\u0131 ile Barthes\u2019\u0131n 1964-1979 aras\u0131nda Sollers\u2019e g\u00f6nderdi\u011fi otuz be\u015f mektuptan olu\u015fuyor bu kitap.   \u0130ki yazar\u0131n aras\u0131nda epeyce ya\u015f fark\u0131 vard\u0131r. Barthes Sollers\u2019e \u00e7ok de\u011fer verir, yaz\u0131lar\u0131yla onu hep kollar, Sollers ise Barthes\u2019a hayrand\u0131r. Aralar\u0131ndaki sars\u0131lmaz dostlu\u011fun, bu kitapta,  Sollers\u2019in yaz\u0131lar\u0131na, Barthes\u2019\u0131n da mektuplar\u0131na yans\u0131d\u0131\u011f\u0131 a\u00e7\u0131k\u00e7a g\u00f6r\u00fcl\u00fcr.    \u201cBarthes \u00f6ld\u00fc\u011f\u00fcnde o kadar \u00fcz\u00fclm\u00fc\u015ft\u00fcm ki, ne bir \u015fey s\u00f6yleyebildim ne de yazabildim\u2026 Cenaze t\u00f6renine de gitmedim.\u2019\u2019 (Sollers) <\/p>\n","protected":false},"excerpt":{"rendered":"<p>Philippe Sollers\u2019in de\u011fi\u015fik tarihlerde yazd\u0131\u011f\u0131 Roland Barthes\u2019la ilgili d\u00f6rt yaz\u0131 ile Barthes\u2019\u0131n 1964-1979 aras\u0131nda Sollers\u2019e g\u00f6nderdi\u011fi otuz be\u015f mektuptan olu\u015fuyor bu kitap. \u0130ki yazar\u0131n aras\u0131nda epeyce<span class=\"excerpt-hellip\"> [\u2026]<\/span><\/p>\n","protected":false},"featured_media":0,"template":"","meta":{"_monsterinsights_skip_tracking":false,"_monsterinsights_sitenote_active":false,"_monsterinsights_sitenote_note":"","_monsterinsights_sitenote_category":0},"product_brand":[],"product_cat":[12291,12610],"product_tag":[],"class_list":{"0":"post-708947","1":"product","2":"type-product","3":"status-publish","5":"product_cat-edebiyat","6":"product_cat-elestiri-inceleme-kuram","7":"pa_cilt-ciltsiz","8":"pa_tur-kitap","9":"pa_yayinevi-yapi-kredi-yayinlari","10":"pa_yazar-philippe-sollers","12":"first","13":"instock","14":"sale","15":"shipping-taxable","16":"purchasable","17":"product-type-simple"},"_links":{"self":[{"href":"https:\/\/roveyayinevi.com.tr\/index.php\/wp-json\/wp\/v2\/product\/708947","targetHints":{"allow":["GET"]}}],"collection":[{"href":"https:\/\/roveyayinevi.com.tr\/index.php\/wp-json\/wp\/v2\/product"}],"about":[{"href":"https:\/\/roveyayinevi.com.tr\/index.php\/wp-json\/wp\/v2\/types\/product"}],"wp:attachment":[{"href":"https:\/\/roveyayinevi.com.tr\/index.php\/wp-json\/wp\/v2\/media?parent=708947"}],"wp:term":[{"taxonomy":"product_brand","embeddable":true,"href":"https:\/\/roveyayinevi.com.tr\/index.php\/wp-json\/wp\/v2\/product_brand?post=708947"},{"taxonomy":"product_cat","embeddable":true,"href":"https:\/\/roveyayinevi.com.tr\/index.php\/wp-json\/wp\/v2\/product_cat?post=708947"},{"taxonomy":"product_tag","embeddable":true,"href":"https:\/\/roveyayinevi.com.tr\/index.php\/wp-json\/wp\/v2\/product_tag?post=708947"}],"curies":[{"name":"wp","href":"https:\/\/api.w.org\/{rel}","templated":true}]}}