{"id":708946,"date":"2025-08-27T16:19:56","date_gmt":"2025-08-27T13:19:56","guid":{"rendered":"https:\/\/roveyayinevi.com.tr\/index.php\/urun\/2204\/"},"modified":"2026-04-16T02:17:37","modified_gmt":"2026-04-15T23:17:37","slug":"2204","status":"publish","type":"product","link":"https:\/\/roveyayinevi.com.tr\/index.php\/urun\/2204\/","title":{"rendered":"22:04"},"content":{"rendered":"<p>22:04\u2019\u00fcn kahraman\u0131, New York\u2019ta ya\u015fayan, ilk roman\u0131 ses getirmi\u015f bir yazar ve \u015fair. Yay\u0131nc\u0131lar\u0131n b\u00fcy\u00fck avanslar \u00f6demeye haz\u0131r oldu\u011fu ikinci roman\u0131na ba\u015flaman\u0131n e\u015fi\u011findeyken baz\u0131 geli\u015fmeler hayat\u0131n\u0131 de\u011fi\u015ftiriyor: \u00d6l\u00fcmc\u00fcl olmas\u0131 muhtemel bir kalp rahats\u0131zl\u0131\u011f\u0131 oldu\u011funu \u00f6\u011freniyor, \u00e7ocuk sahibi olmak isteyen en yak\u0131n arkada\u015f\u0131 ondan yard\u0131m istiyor, b\u00fcy\u00fck bir kas\u0131rga New York\u2019a yakla\u015f\u0131yor, Wall Street\u2019i \u0130\u015fgal Et hareketi \u015fehirde kendini hissettiriyor. Pek \u00e7ok gelecek ihtimalini bar\u0131nd\u0131ran bu manzaran\u0131n i\u00e7inde yolunu bulmaya \u00e7al\u0131\u015f\u0131rken, 22:04\u2019\u00fcn kahraman\u0131 ger\u00e7ek ve kurmaca, ge\u00e7mi\u015f ve gelecek, sanat ve hayat \u00fczerine d\u00fc\u015f\u00fcnecek ve ba\u015fkalar\u0131yla ba\u011f kurman\u0131n, ironiden samimiyete varman\u0131n imk\u00e2nlar\u0131n\u0131 ara\u015ft\u0131racak.   \u00c7a\u011fda\u015f sanattan Walt Whitman\u2019a, Amerikan tarihinden ekolojik felakete, kapitalizmden modern t\u0131bba ve g\u00fcn\u00fcm\u00fcz yay\u0131nc\u0131l\u0131\u011f\u0131na geni\u015f bir d\u00fcnyay\u0131 i\u00e7ine alan, \u015fiirlere, foto\u011fraf ve ill\u00fcstrasyonlara, deneme par\u00e7alar\u0131na yer veren yenilik\u00e7i bir roman 22:04. Amerikan edebiyat\u0131n\u0131n son d\u00f6nemdeki en parlak yazarlar\u0131ndan biri olan Ben Lerner\u2019dan, son y\u0131llar\u0131n en \u00f6nemli romanlar\u0131ndan biri.   Lerner\u2019\u0131n mesele edindi\u011fi \u015feyler, i\u00e7inde ya\u015fad\u0131\u011f\u0131m\u0131z zamanla m\u00fcthi\u015f bir bi\u00e7imde \u00f6rt\u00fc\u015f\u00fcyor&#8230; 22:04 bug\u00fcn hayatta olman\u0131n nas\u0131l bir his oldu\u011funu tarif ediyor. &#8211; The Boston Globe   Nitelikli \u00e7a\u011fda\u015f edebiyatla ilgilenen herkes Ben Lerner\u2019\u0131 okumal\u0131; 22:04 bunun i\u00e7in kusursuz bir ba\u015flang\u0131\u00e7. &#8211; Jeffrey Eugenides   Lerner hayat\u0131n\u0131n geri kalan\u0131nda hi\u00e7bir \u015fey yazmasa bile bu kitap gelece\u011fe kalacak. &#8211; New York Review of Books <\/p>\n","protected":false},"excerpt":{"rendered":"<p>22:04\u2019\u00fcn kahraman\u0131, New York\u2019ta ya\u015fayan, ilk roman\u0131 ses getirmi\u015f bir yazar ve \u015fair. Yay\u0131nc\u0131lar\u0131n b\u00fcy\u00fck avanslar \u00f6demeye haz\u0131r oldu\u011fu ikinci roman\u0131na ba\u015flaman\u0131n e\u015fi\u011findeyken baz\u0131 geli\u015fmeler hayat\u0131n\u0131<span class=\"excerpt-hellip\"> [\u2026]<\/span><\/p>\n","protected":false},"featured_media":0,"template":"","meta":{"_monsterinsights_skip_tracking":false,"_monsterinsights_sitenote_active":false,"_monsterinsights_sitenote_note":"","_monsterinsights_sitenote_category":0},"product_brand":[],"product_cat":[12291],"product_tag":[],"class_list":{"0":"post-708946","1":"product","2":"type-product","3":"status-publish","5":"product_cat-edebiyat","6":"pa_cilt-ciltsiz","7":"pa_tur-kitap","8":"pa_yayinevi-yapi-kredi-yayinlari","9":"pa_yazar-ben-lerner","11":"first","12":"instock","13":"sale","14":"shipping-taxable","15":"purchasable","16":"product-type-simple"},"_links":{"self":[{"href":"https:\/\/roveyayinevi.com.tr\/index.php\/wp-json\/wp\/v2\/product\/708946","targetHints":{"allow":["GET"]}}],"collection":[{"href":"https:\/\/roveyayinevi.com.tr\/index.php\/wp-json\/wp\/v2\/product"}],"about":[{"href":"https:\/\/roveyayinevi.com.tr\/index.php\/wp-json\/wp\/v2\/types\/product"}],"wp:attachment":[{"href":"https:\/\/roveyayinevi.com.tr\/index.php\/wp-json\/wp\/v2\/media?parent=708946"}],"wp:term":[{"taxonomy":"product_brand","embeddable":true,"href":"https:\/\/roveyayinevi.com.tr\/index.php\/wp-json\/wp\/v2\/product_brand?post=708946"},{"taxonomy":"product_cat","embeddable":true,"href":"https:\/\/roveyayinevi.com.tr\/index.php\/wp-json\/wp\/v2\/product_cat?post=708946"},{"taxonomy":"product_tag","embeddable":true,"href":"https:\/\/roveyayinevi.com.tr\/index.php\/wp-json\/wp\/v2\/product_tag?post=708946"}],"curies":[{"name":"wp","href":"https:\/\/api.w.org\/{rel}","templated":true}]}}