{"id":708945,"date":"2025-08-27T16:19:56","date_gmt":"2025-08-27T13:19:56","guid":{"rendered":"https:\/\/roveyayinevi.com.tr\/index.php\/urun\/bagimsizlik-yolu\/"},"modified":"2026-04-16T02:17:37","modified_gmt":"2026-04-15T23:17:37","slug":"bagimsizlik-yolu","status":"publish","type":"product","link":"https:\/\/roveyayinevi.com.tr\/index.php\/urun\/bagimsizlik-yolu\/","title":{"rendered":"Ba\u011f\u0131ms\u0131zl\u0131k Yolu"},"content":{"rendered":"<p>20. y\u00fczy\u0131l Amerikan edebiyat\u0131n\u0131n ba\u015fyap\u0131tlar\u0131ndan biri kabul edilen Ba\u011f\u0131ms\u0131zl\u0131k Yolu, bir banliy\u00f6 kasabas\u0131nda ya\u015fayan, iki \u00e7ocuklu gen\u00e7 Frank ve April Wheeler \u00e7iftinin hik\u00e2yesi.   Banliy\u00f6 hayat\u0131ndan bunalan ve burada ya\u015fayan insanlardan farkl\u0131 olduklar\u0131na inanan Wheeler\u2019lar, Paris\u2019e gitme hayalleri kurmaya ba\u015flar. Ancak hayallerle ger\u00e7ekler aras\u0131ndaki mesafeyi a\u015fman\u0131n o kadar kolay olmad\u0131\u011f\u0131 anla\u015f\u0131lacak, April\u2019\u0131n hapsoldu\u011fu hayattan kurtulma \u00e7abalar\u0131 yava\u015f\u00e7a trajediye do\u011fru evrilecektir. H\u00fcsranla biten Amerikan r\u00fcyas\u0131n\u0131n usta yazar\u0131 Richard Yates, mutlu g\u00f6r\u00fcnen evlerin i\u00e7indeki yaln\u0131zl\u0131klar\u0131, tekd\u00fcze hafta i\u00e7lerini izleyen gerilimli hafta sonlar\u0131n\u0131, hem g\u00fcr\u00fclt\u00fcl\u00fc hem sessiz kavgalar\u0131 keskin bir ger\u00e7ek\u00e7ilikle anlat\u0131yor.   \u201cBenim zaman\u0131m\u0131n Muhte\u015fem Gatsby\u2019si&#8230; Ku\u015fa\u011f\u0131ma mensup yazarlardan \u00e7\u0131km\u0131\u015f en iyi kitaplardan biri.\u201d &#8211; Kurt Vonnegut <\/p>\n","protected":false},"excerpt":{"rendered":"<p>20. y\u00fczy\u0131l Amerikan edebiyat\u0131n\u0131n ba\u015fyap\u0131tlar\u0131ndan biri kabul edilen Ba\u011f\u0131ms\u0131zl\u0131k Yolu, bir banliy\u00f6 kasabas\u0131nda ya\u015fayan, iki \u00e7ocuklu gen\u00e7 Frank ve April Wheeler \u00e7iftinin hik\u00e2yesi. Banliy\u00f6 hayat\u0131ndan bunalan<span class=\"excerpt-hellip\"> [\u2026]<\/span><\/p>\n","protected":false},"featured_media":0,"template":"","meta":{"_monsterinsights_skip_tracking":false,"_monsterinsights_sitenote_active":false,"_monsterinsights_sitenote_note":"","_monsterinsights_sitenote_category":0},"product_brand":[],"product_cat":[12291,12711],"product_tag":[],"class_list":{"0":"post-708945","1":"product","2":"type-product","3":"status-publish","5":"product_cat-edebiyat","6":"product_cat-roman-oyku","7":"pa_cilt-ciltsiz","8":"pa_tur-kitap","9":"pa_yayinevi-yapi-kredi-yayinlari","10":"pa_yazar-richard-yates","12":"first","13":"instock","14":"sale","15":"shipping-taxable","16":"purchasable","17":"product-type-simple"},"_links":{"self":[{"href":"https:\/\/roveyayinevi.com.tr\/index.php\/wp-json\/wp\/v2\/product\/708945","targetHints":{"allow":["GET"]}}],"collection":[{"href":"https:\/\/roveyayinevi.com.tr\/index.php\/wp-json\/wp\/v2\/product"}],"about":[{"href":"https:\/\/roveyayinevi.com.tr\/index.php\/wp-json\/wp\/v2\/types\/product"}],"wp:attachment":[{"href":"https:\/\/roveyayinevi.com.tr\/index.php\/wp-json\/wp\/v2\/media?parent=708945"}],"wp:term":[{"taxonomy":"product_brand","embeddable":true,"href":"https:\/\/roveyayinevi.com.tr\/index.php\/wp-json\/wp\/v2\/product_brand?post=708945"},{"taxonomy":"product_cat","embeddable":true,"href":"https:\/\/roveyayinevi.com.tr\/index.php\/wp-json\/wp\/v2\/product_cat?post=708945"},{"taxonomy":"product_tag","embeddable":true,"href":"https:\/\/roveyayinevi.com.tr\/index.php\/wp-json\/wp\/v2\/product_tag?post=708945"}],"curies":[{"name":"wp","href":"https:\/\/api.w.org\/{rel}","templated":true}]}}