{"id":708944,"date":"2025-08-27T16:19:55","date_gmt":"2025-08-27T13:19:55","guid":{"rendered":"https:\/\/roveyayinevi.com.tr\/index.php\/urun\/arabalar-cikartma-ve-aktivite-kitabi\/"},"modified":"2026-04-16T02:17:37","modified_gmt":"2026-04-15T23:17:37","slug":"arabalar-cikartma-ve-aktivite-kitabi","status":"publish","type":"product","link":"https:\/\/roveyayinevi.com.tr\/index.php\/urun\/arabalar-cikartma-ve-aktivite-kitabi\/","title":{"rendered":"Arabalar-\u00c7\u0131kartma ve Aktivite Kitab\u0131"},"content":{"rendered":"<p>8O&#8217;den fazla kolay \u00e7\u0131kar\u0131lan e\u011flence dolu \u00e7\u0131kartmalar, nokta birle\u015ftirmeler, farkl\u0131 olanlar\u0131 bulma, sayma, e\u015fle\u015ftirme ve di\u011fer oyunlar. ARABALAR &#8211; \u00c7\u0131kartma ve Aktivite Kitab\u0131, e\u011flenerek say\u0131lar\u0131, kelimeleri ve renkleri \u00f6\u011frenmeleri i\u00e7in \u00e7ocuklar\u0131 te\u015fvik edecek. <\/p>\n","protected":false},"excerpt":{"rendered":"<p>8O&#8217;den fazla kolay \u00e7\u0131kar\u0131lan e\u011flence dolu \u00e7\u0131kartmalar, nokta birle\u015ftirmeler, farkl\u0131 olanlar\u0131 bulma, sayma, e\u015fle\u015ftirme ve di\u011fer oyunlar. ARABALAR &#8211; \u00c7\u0131kartma ve Aktivite Kitab\u0131, e\u011flenerek say\u0131lar\u0131, kelimeleri<span class=\"excerpt-hellip\"> [\u2026]<\/span><\/p>\n","protected":false},"featured_media":0,"template":"","meta":{"_monsterinsights_skip_tracking":false,"_monsterinsights_sitenote_active":false,"_monsterinsights_sitenote_note":"","_monsterinsights_sitenote_category":0},"product_brand":[],"product_cat":[12274,12518],"product_tag":[],"class_list":{"0":"post-708944","1":"product","2":"type-product","3":"status-publish","5":"product_cat-cocuk-ve-genclik-kitaplari","6":"product_cat-okul-oncesi-kitaplar","7":"pa_cilt-ciltsiz","8":"pa_tur-kitap","9":"pa_yayinevi-parilti-yayinlari","10":"pa_yazar-kolektif","12":"first","13":"instock","14":"sale","15":"shipping-taxable","16":"purchasable","17":"product-type-simple"},"_links":{"self":[{"href":"https:\/\/roveyayinevi.com.tr\/index.php\/wp-json\/wp\/v2\/product\/708944","targetHints":{"allow":["GET"]}}],"collection":[{"href":"https:\/\/roveyayinevi.com.tr\/index.php\/wp-json\/wp\/v2\/product"}],"about":[{"href":"https:\/\/roveyayinevi.com.tr\/index.php\/wp-json\/wp\/v2\/types\/product"}],"wp:attachment":[{"href":"https:\/\/roveyayinevi.com.tr\/index.php\/wp-json\/wp\/v2\/media?parent=708944"}],"wp:term":[{"taxonomy":"product_brand","embeddable":true,"href":"https:\/\/roveyayinevi.com.tr\/index.php\/wp-json\/wp\/v2\/product_brand?post=708944"},{"taxonomy":"product_cat","embeddable":true,"href":"https:\/\/roveyayinevi.com.tr\/index.php\/wp-json\/wp\/v2\/product_cat?post=708944"},{"taxonomy":"product_tag","embeddable":true,"href":"https:\/\/roveyayinevi.com.tr\/index.php\/wp-json\/wp\/v2\/product_tag?post=708944"}],"curies":[{"name":"wp","href":"https:\/\/api.w.org\/{rel}","templated":true}]}}