{"id":708935,"date":"2025-08-27T16:19:50","date_gmt":"2025-08-27T13:19:50","guid":{"rendered":"https:\/\/roveyayinevi.com.tr\/index.php\/urun\/manga-cizim-sanati\/"},"modified":"2026-04-16T02:17:37","modified_gmt":"2026-04-15T23:17:37","slug":"manga-cizim-sanati","status":"publish","type":"product","link":"https:\/\/roveyayinevi.com.tr\/index.php\/urun\/manga-cizim-sanati\/","title":{"rendered":"Manga \u00c7izim Sanat\u0131"},"content":{"rendered":"<p>Manga \u00c7izim Sanat\u0131 ile profesyonel manga sanat\u00e7\u0131lar\u0131n\u0131n kulland\u0131\u011f\u0131 teknikler sayesinde \u00e7izim yetene\u011finizi ileri seviyelere ta\u015f\u0131yabileceksiniz. Manga \u00e7iziminin temelini ve p\u00fcf noktalar\u0131n\u0131 \u00f6\u011frenip, \u00e7al\u0131\u015fmalar\u0131n\u0131z\u0131 son derece yarat\u0131c\u0131 sanat eserlerine d\u00f6n\u00fc\u015ft\u00fcrebileceksiniz.   Kitapta ad\u0131m ad\u0131m \u00f6\u011fretilen konular aras\u0131nda yer alanlar :   \u2022 \u0130nsan ve hayvan y\u00fczlerinin ve g\u00f6vdelerinin manga tarz\u0131nda \u00e7izimi   \u2022 Sevimli gen\u00e7lerden g\u00fc\u00e7l\u00fc kahramanlara ve robotlara kadar her t\u00fcrden karakter yaratma   \u2022 Mutantlar, melezler ve tamamen s\u0131rad\u0131\u015f\u0131 karakterler ortaya \u00e7\u0131karmak i\u00e7in anatomiyle oynama   \u2022 Karakterlerinizle uyumlu, etkileyici arka planlar tasarlama   \u2022 Hik\u00e2ye olu\u015fturmaktan \u00e7izimlerin tamamlanmas\u0131na kadar her a\u015famas\u0131yla \u00e7izgi roman yap\u0131m\u0131   Manga tarz\u0131n\u0131 \u00f6\u011frendi\u011finiz zaman \u00e7izimleriniz art\u0131k daha renkli ve e\u011flenceli hale gelecek. <\/p>\n","protected":false},"excerpt":{"rendered":"<p>Manga \u00c7izim Sanat\u0131 ile profesyonel manga sanat\u00e7\u0131lar\u0131n\u0131n kulland\u0131\u011f\u0131 teknikler sayesinde \u00e7izim yetene\u011finizi ileri seviyelere ta\u015f\u0131yabileceksiniz. Manga \u00e7iziminin temelini ve p\u00fcf noktalar\u0131n\u0131 \u00f6\u011frenip, \u00e7al\u0131\u015fmalar\u0131n\u0131z\u0131 son derece yarat\u0131c\u0131<span class=\"excerpt-hellip\"> [\u2026]<\/span><\/p>\n","protected":false},"featured_media":0,"template":"","meta":{"_monsterinsights_skip_tracking":false,"_monsterinsights_sitenote_active":false,"_monsterinsights_sitenote_note":"","_monsterinsights_sitenote_category":0},"product_brand":[],"product_cat":[12689,12274],"product_tag":[],"class_list":{"0":"post-708935","1":"product","2":"type-product","3":"status-publish","5":"product_cat-cizgi-roman-cocuk-ve-genclik-kitaplari","6":"product_cat-cocuk-ve-genclik-kitaplari","7":"pa_cilt-ciltsiz","8":"pa_tur-kitap","9":"pa_yayinevi-profil-kitap","10":"pa_yazar-peter-gray","12":"first","13":"instock","14":"sale","15":"shipping-taxable","16":"purchasable","17":"product-type-simple"},"_links":{"self":[{"href":"https:\/\/roveyayinevi.com.tr\/index.php\/wp-json\/wp\/v2\/product\/708935","targetHints":{"allow":["GET"]}}],"collection":[{"href":"https:\/\/roveyayinevi.com.tr\/index.php\/wp-json\/wp\/v2\/product"}],"about":[{"href":"https:\/\/roveyayinevi.com.tr\/index.php\/wp-json\/wp\/v2\/types\/product"}],"wp:attachment":[{"href":"https:\/\/roveyayinevi.com.tr\/index.php\/wp-json\/wp\/v2\/media?parent=708935"}],"wp:term":[{"taxonomy":"product_brand","embeddable":true,"href":"https:\/\/roveyayinevi.com.tr\/index.php\/wp-json\/wp\/v2\/product_brand?post=708935"},{"taxonomy":"product_cat","embeddable":true,"href":"https:\/\/roveyayinevi.com.tr\/index.php\/wp-json\/wp\/v2\/product_cat?post=708935"},{"taxonomy":"product_tag","embeddable":true,"href":"https:\/\/roveyayinevi.com.tr\/index.php\/wp-json\/wp\/v2\/product_tag?post=708935"}],"curies":[{"name":"wp","href":"https:\/\/api.w.org\/{rel}","templated":true}]}}