{"id":708934,"date":"2025-08-27T16:19:50","date_gmt":"2025-08-27T13:19:50","guid":{"rendered":"https:\/\/roveyayinevi.com.tr\/index.php\/urun\/kafasi-karisik-bukalemun\/"},"modified":"2026-04-16T02:17:37","modified_gmt":"2026-04-15T23:17:37","slug":"kafasi-karisik-bukalemun","status":"publish","type":"product","link":"https:\/\/roveyayinevi.com.tr\/index.php\/urun\/kafasi-karisik-bukalemun\/","title":{"rendered":"Kafas\u0131 Kar\u0131\u015f\u0131k Bukalemun"},"content":{"rendered":"<p>Bukalemunun hayat\u0131 hi\u00e7 de heyecanl\u0131 de\u011fildi. Ancak bir g\u00fcn, sadece rengini de\u011fil \u015feklini ve boyutunu da de\u011fi\u015ftirebilece\u011fini ke\u015ffetti. Hayvanat bah\u00e7esinde birbirinden de\u011fi\u015fik hayvanlar\u0131 g\u00f6r\u00fcnce hemen onlar gibi olmay\u0131 diledi. Ve sonunda hepsine birden benzeyince ortaya komik bir g\u00f6r\u00fcnt\u00fc \u00e7\u0131kt\u0131.<\/p>\n","protected":false},"excerpt":{"rendered":"<p>Bukalemunun hayat\u0131 hi\u00e7 de heyecanl\u0131 de\u011fildi. Ancak bir g\u00fcn, sadece rengini de\u011fil \u015feklini ve boyutunu da de\u011fi\u015ftirebilece\u011fini ke\u015ffetti. Hayvanat bah\u00e7esinde birbirinden de\u011fi\u015fik hayvanlar\u0131 g\u00f6r\u00fcnce hemen onlar<span class=\"excerpt-hellip\"> [\u2026]<\/span><\/p>\n","protected":false},"featured_media":0,"template":"","meta":{"_monsterinsights_skip_tracking":false,"_monsterinsights_sitenote_active":false,"_monsterinsights_sitenote_note":"","_monsterinsights_sitenote_category":0},"product_brand":[],"product_cat":[12274,12284],"product_tag":[],"class_list":{"0":"post-708934","1":"product","2":"type-product","3":"status-publish","5":"product_cat-cocuk-ve-genclik-kitaplari","6":"product_cat-hikayeler","7":"pa_cilt-ciltsiz","8":"pa_tur-kitap","9":"pa_yayinevi-kuraldisi-yayinevi","10":"pa_yazar-eric-carle","12":"first","13":"instock","14":"sale","15":"shipping-taxable","16":"purchasable","17":"product-type-simple"},"_links":{"self":[{"href":"https:\/\/roveyayinevi.com.tr\/index.php\/wp-json\/wp\/v2\/product\/708934","targetHints":{"allow":["GET"]}}],"collection":[{"href":"https:\/\/roveyayinevi.com.tr\/index.php\/wp-json\/wp\/v2\/product"}],"about":[{"href":"https:\/\/roveyayinevi.com.tr\/index.php\/wp-json\/wp\/v2\/types\/product"}],"wp:attachment":[{"href":"https:\/\/roveyayinevi.com.tr\/index.php\/wp-json\/wp\/v2\/media?parent=708934"}],"wp:term":[{"taxonomy":"product_brand","embeddable":true,"href":"https:\/\/roveyayinevi.com.tr\/index.php\/wp-json\/wp\/v2\/product_brand?post=708934"},{"taxonomy":"product_cat","embeddable":true,"href":"https:\/\/roveyayinevi.com.tr\/index.php\/wp-json\/wp\/v2\/product_cat?post=708934"},{"taxonomy":"product_tag","embeddable":true,"href":"https:\/\/roveyayinevi.com.tr\/index.php\/wp-json\/wp\/v2\/product_tag?post=708934"}],"curies":[{"name":"wp","href":"https:\/\/api.w.org\/{rel}","templated":true}]}}