{"id":708931,"date":"2025-08-27T16:19:49","date_gmt":"2025-08-27T13:19:49","guid":{"rendered":"https:\/\/roveyayinevi.com.tr\/index.php\/urun\/cinsellik-uzerine-2\/"},"modified":"2026-04-16T02:17:37","modified_gmt":"2026-04-15T23:17:37","slug":"cinsellik-uzerine-2","status":"publish","type":"product","link":"https:\/\/roveyayinevi.com.tr\/index.php\/urun\/cinsellik-uzerine-2\/","title":{"rendered":"Cinsellik \u00dczerine"},"content":{"rendered":"<p>*Freud, cinsel i\u00e7tepilerimizin ilk \u00e7ocukluk \u00e7a\u011f\u0131ndan itibaren nas\u0131l evrildi\u011fini inceleyerek, yeti\u015fkin insanda cinselli\u011fin \u00e7ocukluk \u00e7a\u011f\u0131ndaki olaylarla ko\u015fullanm\u0131\u015f oldu\u011funu ileri s\u00fcr\u00fcyor. Cinsellik alan\u0131ndaki bilimsel ara\u015ft\u0131rmalar\u0131 k\u00fc\u00e7\u00fcmseyen ve bu konuyu \u201csalt cinsellik\u201d le u\u011fra\u015fmak sayan geleneksel psikolojiye kar\u015f\u0131 bu yap\u0131t, sert tart\u0131\u015fmalara yol a\u00e7m\u0131\u015ft\u0131. Freud\u2019un anla\u015f\u0131lmas\u0131nda kilit rol oynayan ve hi\u00e7 ku\u015fkusuz her ayd\u0131n\u0131n ve her anne-baban\u0131n okumas\u0131 gereken bir temel ba\u015fyap\u0131tt\u0131r. <\/p>\n","protected":false},"excerpt":{"rendered":"<p>*Freud, cinsel i\u00e7tepilerimizin ilk \u00e7ocukluk \u00e7a\u011f\u0131ndan itibaren nas\u0131l evrildi\u011fini inceleyerek, yeti\u015fkin insanda cinselli\u011fin \u00e7ocukluk \u00e7a\u011f\u0131ndaki olaylarla ko\u015fullanm\u0131\u015f oldu\u011funu ileri s\u00fcr\u00fcyor. Cinsellik alan\u0131ndaki bilimsel ara\u015ft\u0131rmalar\u0131 k\u00fc\u00e7\u00fcmseyen ve<span class=\"excerpt-hellip\"> [\u2026]<\/span><\/p>\n","protected":false},"featured_media":0,"template":"","meta":{"_monsterinsights_skip_tracking":false,"_monsterinsights_sitenote_active":false,"_monsterinsights_sitenote_note":"","_monsterinsights_sitenote_category":0},"product_brand":[],"product_cat":[35288,13365],"product_tag":[],"class_list":{"0":"post-708931","1":"product","2":"type-product","3":"status-publish","5":"product_cat-cinsellik-saglik","6":"product_cat-saglik","7":"pa_cilt-ciltsiz","8":"pa_tur-kitap","9":"pa_yayinevi-oda-yayinlari","10":"pa_yazar-sigmund-freud","12":"first","13":"instock","14":"sale","15":"shipping-taxable","16":"purchasable","17":"product-type-simple"},"_links":{"self":[{"href":"https:\/\/roveyayinevi.com.tr\/index.php\/wp-json\/wp\/v2\/product\/708931","targetHints":{"allow":["GET"]}}],"collection":[{"href":"https:\/\/roveyayinevi.com.tr\/index.php\/wp-json\/wp\/v2\/product"}],"about":[{"href":"https:\/\/roveyayinevi.com.tr\/index.php\/wp-json\/wp\/v2\/types\/product"}],"wp:attachment":[{"href":"https:\/\/roveyayinevi.com.tr\/index.php\/wp-json\/wp\/v2\/media?parent=708931"}],"wp:term":[{"taxonomy":"product_brand","embeddable":true,"href":"https:\/\/roveyayinevi.com.tr\/index.php\/wp-json\/wp\/v2\/product_brand?post=708931"},{"taxonomy":"product_cat","embeddable":true,"href":"https:\/\/roveyayinevi.com.tr\/index.php\/wp-json\/wp\/v2\/product_cat?post=708931"},{"taxonomy":"product_tag","embeddable":true,"href":"https:\/\/roveyayinevi.com.tr\/index.php\/wp-json\/wp\/v2\/product_tag?post=708931"}],"curies":[{"name":"wp","href":"https:\/\/api.w.org\/{rel}","templated":true}]}}