{"id":708930,"date":"2025-08-27T16:19:48","date_gmt":"2025-08-27T13:19:48","guid":{"rendered":"https:\/\/roveyayinevi.com.tr\/index.php\/urun\/imparatorlugun-son-aksami\/"},"modified":"2026-04-16T02:17:37","modified_gmt":"2026-04-15T23:17:37","slug":"imparatorlugun-son-aksami","status":"publish","type":"product","link":"https:\/\/roveyayinevi.com.tr\/index.php\/urun\/imparatorlugun-son-aksami\/","title":{"rendered":"\u0130mparatorlu\u011fun Son Ak\u015fam\u0131"},"content":{"rendered":"<p>Osmanl\u0131\u2019n\u0131n en sanc\u0131l\u0131 y\u0131llar\u0131\u2026 \u0130ttihat ve Terakki\u2019nin II. Abd\u00fclhamid ve rejim kar\u015f\u0131t\u0131 \u00e7al\u0131\u015fmalar\u0131, imparatorlu\u011fun d\u00f6rt bir yan\u0131nda alevlenen ayr\u0131l\u0131k\u00e7\u0131 ayaklanmalar, Me\u015frutiyet\u2019in ilan\u0131, 31 Mart Vakas\u0131, Trablusgarp Sava\u015f\u0131, Bab-\u0131 \u00c2li Bask\u0131n\u0131, Balkanlarda kaybedilen topraklar ve Garb\u00ee Trakya T\u00fcrk Cumhuriyeti\u2019nin kurulu\u015fu, Te\u015fkilat-\u0131 Mahsusa\u2019n\u0131n faaliyetleri ve Arabistan \u00e7\u00f6llerinde \u0130ngiliz casuslar\u0131na kar\u015f\u0131 ya\u015fanan amans\u0131z m\u00fccadeleler. D\u00fcnyan\u0131n b\u00fcy\u00fck bir sava\u015fa s\u00fcr\u00fcklendi\u011fi g\u00fcnlerde devletin kurtulu\u015fu veya yeni devletin kurulu\u015fu i\u00e7in m\u00fccadele eden Ku\u015f\u00e7uba\u015f\u0131 E\u015fref ve arkada\u015flar\u0131n\u0131n soluk solu\u011fa okunacak \u00f6yk\u00fcs\u00fc. Hakan Ka\u011fan, \u0130mparatorlu\u011fun Son Ak\u015fam\u0131 \u2013 Ku\u015f\u00e7uba\u015f\u0131 E\u015fref \u2019te, yorgun imparatorluk son nefesini verirken \u00f6mr\u00fcn\u00fc 3 k\u0131tada k\u0131l\u0131ktan k\u0131l\u0131\u011fa dola\u015farak ge\u00e7iren efsanevi Te\u015fkilat-\u0131 Mahsusa ajan\u0131 Ku\u015f\u00e7uba\u015f\u0131 E\u015fref\u2019e odaklan\u0131rken Arabistanl\u0131 Lawrence, Enver Pa\u015fa ve Mustafa Kemal Atat\u00fcrk\u2019\u00fcn hayat\u0131na dair \u00e7ok kritik detaylar yakal\u0131yor. Okuyucusuna, siyasi ve asker\u00ee olaylarla dolu, \u00e7ok yo\u011fun ge\u00e7en yakla\u015f\u0131k 10 senelik bir d\u00f6nemi tek solukta okuma f\u0131rsat\u0131 veriyor. \u0130mparatorlu\u011fun Son Ak\u015fam\u0131 \u2013 Ku\u015f\u00e7uba\u015f\u0131 E\u015fref, isyan g\u00fcnlerinin ruhuna terc\u00fcman oluyor. \u00d6n\u00fcnde durduklar\u0131 kap\u0131n\u0131n i\u00e7 i\u00e7e ge\u00e7mi\u015f \u00e7ift hilalli tokma\u011f\u0131n\u0131 \u00fc\u00e7 kez vurdu arkada\u015f\u0131. Biraz bekledikten sonra ayn\u0131 h\u0131z ve ritimde tokmak \u00fc\u00e7 kez daha inip kalkt\u0131.\u201cKimsiniz?\u201d\u201cHalas.\u201d\u0130\u00e7erdeki kararl\u0131 ses bir s\u00fcre duyulmad\u0131.\u201cNereye ne i\u00e7in geldi\u011finizi biliyor musunuz?\u201d\u201cEvet. Bir cemiyet-i mukaddese vatan ve millet i\u00e7in hizmet etmeye geldik.\u201d\u201cBu cevab\u0131n do\u011frulu\u011funa yemin edebilir misiniz?\u201d\u201cAllah, bayrak, namus \u00fczerine yemin ederim.\u201d <\/p>\n","protected":false},"excerpt":{"rendered":"<p>Osmanl\u0131\u2019n\u0131n en sanc\u0131l\u0131 y\u0131llar\u0131\u2026 \u0130ttihat ve Terakki\u2019nin II. Abd\u00fclhamid ve rejim kar\u015f\u0131t\u0131 \u00e7al\u0131\u015fmalar\u0131, imparatorlu\u011fun d\u00f6rt bir yan\u0131nda alevlenen ayr\u0131l\u0131k\u00e7\u0131 ayaklanmalar, Me\u015frutiyet\u2019in ilan\u0131, 31 Mart Vakas\u0131, Trablusgarp<span class=\"excerpt-hellip\"> [\u2026]<\/span><\/p>\n","protected":false},"featured_media":0,"template":"","meta":{"_monsterinsights_skip_tracking":false,"_monsterinsights_sitenote_active":false,"_monsterinsights_sitenote_note":"","_monsterinsights_sitenote_category":0},"product_brand":[],"product_cat":[12291,12711],"product_tag":[],"class_list":{"0":"post-708930","1":"product","2":"type-product","3":"status-publish","5":"product_cat-edebiyat","6":"product_cat-roman-oyku","7":"pa_cilt-ciltsiz","8":"pa_tur-kitap","9":"pa_yayinevi-kapi-yayinlari","10":"pa_yazar-hakan-kagan","12":"first","13":"instock","14":"sale","15":"shipping-taxable","16":"purchasable","17":"product-type-simple"},"_links":{"self":[{"href":"https:\/\/roveyayinevi.com.tr\/index.php\/wp-json\/wp\/v2\/product\/708930","targetHints":{"allow":["GET"]}}],"collection":[{"href":"https:\/\/roveyayinevi.com.tr\/index.php\/wp-json\/wp\/v2\/product"}],"about":[{"href":"https:\/\/roveyayinevi.com.tr\/index.php\/wp-json\/wp\/v2\/types\/product"}],"wp:attachment":[{"href":"https:\/\/roveyayinevi.com.tr\/index.php\/wp-json\/wp\/v2\/media?parent=708930"}],"wp:term":[{"taxonomy":"product_brand","embeddable":true,"href":"https:\/\/roveyayinevi.com.tr\/index.php\/wp-json\/wp\/v2\/product_brand?post=708930"},{"taxonomy":"product_cat","embeddable":true,"href":"https:\/\/roveyayinevi.com.tr\/index.php\/wp-json\/wp\/v2\/product_cat?post=708930"},{"taxonomy":"product_tag","embeddable":true,"href":"https:\/\/roveyayinevi.com.tr\/index.php\/wp-json\/wp\/v2\/product_tag?post=708930"}],"curies":[{"name":"wp","href":"https:\/\/api.w.org\/{rel}","templated":true}]}}