{"id":708929,"date":"2025-08-27T16:19:47","date_gmt":"2025-08-27T13:19:47","guid":{"rendered":"https:\/\/roveyayinevi.com.tr\/index.php\/urun\/feneryolu-cinayetleri\/"},"modified":"2026-04-16T02:17:37","modified_gmt":"2026-04-15T23:17:37","slug":"feneryolu-cinayetleri","status":"publish","type":"product","link":"https:\/\/roveyayinevi.com.tr\/index.php\/urun\/feneryolu-cinayetleri\/","title":{"rendered":"Feneryolu Cinayetleri"},"content":{"rendered":"<p>Gencoy S\u00fcmer\u2019in Feneryolu Cinayetleri, \u00dclk\u00fc Lokantas\u0131\u2019n\u0131n sahibi Kerim \u00dclk\u00fc\u2019n\u00fcn ald\u0131\u011f\u0131 bir mektupla ba\u015fl\u0131yor. Y\u0131l 1982, bir mart sabah\u0131 hava buz gibi. Mektubu M\u00fczeyyen Sermet Han\u0131m, ablas\u0131 Maksude Sermet\u2019in ricas\u0131 \u00fczerine yazm\u0131\u015f. Ablas\u0131n\u0131n yaln\u0131zca Kerim Bey\u2019e a\u00e7\u0131klayabilece\u011fi bir s\u0131rr\u0131 varm\u0131\u015f. Kerim \u00dclk\u00fc bu s\u0131rr\u0131n, intihar etti\u011fi san\u0131ld\u0131\u011f\u0131 halde \u00f6ld\u00fcr\u00fclen biriyle ilgili oldu\u011funu hat\u0131rl\u0131yor. Ancak, karde\u015flerin Feneryolu\u2019ndaki evine gidince, Maksude Han\u0131m\u2019\u0131n iki g\u00fcn \u00f6nce \u00f6ld\u00fc\u011f\u00fcn\u00fc \u00f6\u011freniyor. Geriye kan\u0131t olarak bir a\u015fk roman\u0131 kalm\u0131\u015f. \u201cFeneryolu Cinayetleri\u201d kahramanlar\u0131yla, edas\u0131yla, mek\u00e2nlar\u0131yla bana biraz Osmanl\u0131 polisiyelerini hat\u0131rlatt\u0131. Sermetler\u2019in k\u00f6\u015fklerinin semti Feneryolu, iki yan\u0131 a\u011fa\u00e7l\u0131 yollar\u0131, eski k\u00f6\u015fkleri, bak\u0131ml\u0131 bah\u00e7eleriyle Kad\u0131k\u00f6y yakas\u0131n\u0131n y\u0131llar \u00f6nceki halinin bir tablosu sanki. Her b\u00f6l\u00fcm farkl\u0131 bir ki\u015fi taraf\u0131ndan anlat\u0131l\u0131yor. Maktul ise, \u00e7ok g\u00fczel bir kad\u0131n: Piraye Arsan. Olaylar\u0131 onun hayat\u0131na girmi\u015f insanlardan, kendi yorumlar\u0131yla dinliyoruz. Sonunda g\u00f6z\u00fcm\u00fcz\u00fcn \u00f6n\u00fcnde b\u00fct\u00fcn esrar\u0131yla ba\u015fka bir devir a\u00e7\u0131l\u0131yor sanki. <\/p>\n","protected":false},"excerpt":{"rendered":"<p>Gencoy S\u00fcmer\u2019in Feneryolu Cinayetleri, \u00dclk\u00fc Lokantas\u0131\u2019n\u0131n sahibi Kerim \u00dclk\u00fc\u2019n\u00fcn ald\u0131\u011f\u0131 bir mektupla ba\u015fl\u0131yor. Y\u0131l 1982, bir mart sabah\u0131 hava buz gibi. Mektubu M\u00fczeyyen Sermet Han\u0131m, ablas\u0131<span class=\"excerpt-hellip\"> [\u2026]<\/span><\/p>\n","protected":false},"featured_media":0,"template":"","meta":{"_monsterinsights_skip_tracking":false,"_monsterinsights_sitenote_active":false,"_monsterinsights_sitenote_note":"","_monsterinsights_sitenote_category":0},"product_brand":[],"product_cat":[12291,17033],"product_tag":[],"class_list":{"0":"post-708929","1":"product","2":"type-product","3":"status-publish","5":"product_cat-edebiyat","6":"product_cat-korku-gerilim","7":"pa_cilt-ciltsiz","8":"pa_tur-kitap","9":"pa_yayinevi-herdem-kitap","10":"pa_yazar-gencoy-sumer","12":"first","13":"instock","14":"sale","15":"shipping-taxable","16":"purchasable","17":"product-type-simple"},"_links":{"self":[{"href":"https:\/\/roveyayinevi.com.tr\/index.php\/wp-json\/wp\/v2\/product\/708929","targetHints":{"allow":["GET"]}}],"collection":[{"href":"https:\/\/roveyayinevi.com.tr\/index.php\/wp-json\/wp\/v2\/product"}],"about":[{"href":"https:\/\/roveyayinevi.com.tr\/index.php\/wp-json\/wp\/v2\/types\/product"}],"wp:attachment":[{"href":"https:\/\/roveyayinevi.com.tr\/index.php\/wp-json\/wp\/v2\/media?parent=708929"}],"wp:term":[{"taxonomy":"product_brand","embeddable":true,"href":"https:\/\/roveyayinevi.com.tr\/index.php\/wp-json\/wp\/v2\/product_brand?post=708929"},{"taxonomy":"product_cat","embeddable":true,"href":"https:\/\/roveyayinevi.com.tr\/index.php\/wp-json\/wp\/v2\/product_cat?post=708929"},{"taxonomy":"product_tag","embeddable":true,"href":"https:\/\/roveyayinevi.com.tr\/index.php\/wp-json\/wp\/v2\/product_tag?post=708929"}],"curies":[{"name":"wp","href":"https:\/\/api.w.org\/{rel}","templated":true}]}}