{"id":708928,"date":"2025-08-27T16:19:47","date_gmt":"2025-08-27T13:19:47","guid":{"rendered":"https:\/\/roveyayinevi.com.tr\/index.php\/urun\/babam-uyumak-bilmiyor\/"},"modified":"2026-04-16T02:17:37","modified_gmt":"2026-04-15T23:17:37","slug":"babam-uyumak-bilmiyor","status":"publish","type":"product","link":"https:\/\/roveyayinevi.com.tr\/index.php\/urun\/babam-uyumak-bilmiyor\/","title":{"rendered":"Babam Uyumak Bilmiyor"},"content":{"rendered":"<p>\u201cUyumak istemiyorum!\u201d, \u201cBu gece uyumasam!?\u201d, \u201cHay\u0131r, hay\u0131r, hay\u0131r uyumayaca\u011f\u0131m!\u201d Benim babam koskocaman, hem de \u00e7ok g\u00fc\u00e7l\u00fc bir adam. Ama k\u00fc\u00e7\u00fcc\u00fck bir kusuru var. Geceleri uyumak bilmiyor. Evet, yanl\u0131\u015f okumad\u0131n\u0131z, bir t\u00fcrl\u00fc uyumak bilmiyor.    Yatma vakti gelince, bizim evde her ak\u015fam ayn\u0131 tiyatro sahneleniyor: \u00f6nce \u00e7\u0131lg\u0131n bir kovalamaca ba\u015fl\u0131yor, babam tavuk gibi ka\u00e7\u0131yor! Sonras\u0131nda, onu sakinle\u015ftirmek i\u00e7in hik\u00e2ye anlat\u0131p uyumas\u0131na yard\u0131mc\u0131 olmak da haliyle bana kal\u0131yor! Ah babam, can\u0131m babam, bug\u00fcnl\u00fck bu kadar hik\u00e2ye yeter. Haydi, \u015fimdi do\u011fru yata\u011f\u0131na! Coralie Saudo&#8217;nun \u00f6zg\u00fcn metni ve Kris Di Giacomo&#8217;nun stilize \u00e7izimleriyle dikkat \u00e7eken Babam Uyumak Bilmiyor, baba ve \u00e7ocuk rollerini tersy\u00fcz eden e\u011flenceli bir resimli kitap.  Yaratt\u0131\u011f\u0131 \u015fa\u015f\u0131rt\u0131c\u0131 karakter tiplemeleriyle yata\u011fa gitmek bilmeyen inat\u00e7\u0131 miniklere uyku al\u0131\u015fkanl\u0131\u011f\u0131 kazand\u0131rmay\u0131 ama\u00e7layan bu komik hik\u00e2ye, k\u00fc\u00e7\u00fck \u00e7ocuklar\u0131n \u00fcstesinden gelmeye zorland\u0131klar\u0131 gece, karanl\u0131k gibi kavramlar\u0131 mizahi bir incelikle irdeleyerek, \u00e7ocuklara cesaret a\u015f\u0131l\u0131yor.    Karanl\u0131ktan korkan okurlar\u0131n yolunu ayd\u0131nlatmaya haz\u0131rlanan Babam Uyumak Bilmiyor, yata\u011f\u0131n yolunu unutan miniklerin yana\u011f\u0131na tatl\u0131 bir iyi geceler \u00f6p\u00fcc\u00fc\u011f\u00fc kondurmaya geliyor. <\/p>\n","protected":false},"excerpt":{"rendered":"<p>\u201cUyumak istemiyorum!\u201d, \u201cBu gece uyumasam!?\u201d, \u201cHay\u0131r, hay\u0131r, hay\u0131r uyumayaca\u011f\u0131m!\u201d Benim babam koskocaman, hem de \u00e7ok g\u00fc\u00e7l\u00fc bir adam. Ama k\u00fc\u00e7\u00fcc\u00fck bir kusuru var. Geceleri uyumak bilmiyor.<span class=\"excerpt-hellip\"> [\u2026]<\/span><\/p>\n","protected":false},"featured_media":0,"template":"","meta":{"_monsterinsights_skip_tracking":false,"_monsterinsights_sitenote_active":false,"_monsterinsights_sitenote_note":"","_monsterinsights_sitenote_category":0},"product_brand":[],"product_cat":[12274,12284],"product_tag":[],"class_list":{"0":"post-708928","1":"product","2":"type-product","3":"status-publish","5":"product_cat-cocuk-ve-genclik-kitaplari","6":"product_cat-hikayeler","7":"pa_cilt-ciltli","8":"pa_tur-kitap","9":"pa_yayinevi-ucanbalik-yayincilik","10":"pa_yazar-coralie-saudo","12":"first","13":"instock","14":"sale","15":"shipping-taxable","16":"purchasable","17":"product-type-simple"},"_links":{"self":[{"href":"https:\/\/roveyayinevi.com.tr\/index.php\/wp-json\/wp\/v2\/product\/708928","targetHints":{"allow":["GET"]}}],"collection":[{"href":"https:\/\/roveyayinevi.com.tr\/index.php\/wp-json\/wp\/v2\/product"}],"about":[{"href":"https:\/\/roveyayinevi.com.tr\/index.php\/wp-json\/wp\/v2\/types\/product"}],"wp:attachment":[{"href":"https:\/\/roveyayinevi.com.tr\/index.php\/wp-json\/wp\/v2\/media?parent=708928"}],"wp:term":[{"taxonomy":"product_brand","embeddable":true,"href":"https:\/\/roveyayinevi.com.tr\/index.php\/wp-json\/wp\/v2\/product_brand?post=708928"},{"taxonomy":"product_cat","embeddable":true,"href":"https:\/\/roveyayinevi.com.tr\/index.php\/wp-json\/wp\/v2\/product_cat?post=708928"},{"taxonomy":"product_tag","embeddable":true,"href":"https:\/\/roveyayinevi.com.tr\/index.php\/wp-json\/wp\/v2\/product_tag?post=708928"}],"curies":[{"name":"wp","href":"https:\/\/api.w.org\/{rel}","templated":true}]}}