{"id":708927,"date":"2025-08-27T16:19:46","date_gmt":"2025-08-27T13:19:46","guid":{"rendered":"https:\/\/roveyayinevi.com.tr\/index.php\/urun\/memu-zin-masali\/"},"modified":"2026-04-16T02:17:37","modified_gmt":"2026-04-15T23:17:37","slug":"memu-zin-masali","status":"publish","type":"product","link":"https:\/\/roveyayinevi.com.tr\/index.php\/urun\/memu-zin-masali\/","title":{"rendered":"Memu Zin Masal\u0131"},"content":{"rendered":"<p>Memu  Z\u00een Masal\u0131 En \u00e7ok k\u0131rm\u0131z\u0131ya benzetilse de a\u015fk; \u00c2\u015f\u0131kta k\u00fcl gibi siyah, ma\u015fukta bahar ve g\u00fcl gibi ye\u015fil g\u00f6r\u00fcn\u00fcr. Ama asl\u0131nda hi\u00e7biri de de\u011fildir. Yedi rengi yak\u0131p yaln\u0131z beyaz yahut k\u0131z\u0131l g\u00f6steren g\u00fcne\u015f gibi bir ate\u015ftir a\u015fk. \u00c2\u015f\u0131k, g\u00f6z\u00fcn ilk y\u0131ld\u0131r\u0131m\u0131ndan itibaren b\u00fct\u00fcn renkleri ya\u015far kapkara oluncaya kadar. Sevdas\u0131 karard\u0131k\u00e7a o da ayn\u0131n\u0131 hallenir. \u0130\u015fte Mem u Z\u00een bu a\u015fk\u0131n destan\u0131d\u0131r. E\u011fer \u00e2\u015f\u0131k olmam\u0131\u015fsan\u0131z, a\u015fk\u0131n haletini ve hararetini hissetmek i\u00e7in Mem ve Z\u00een\u2019in kollar\u0131na girin ve birlikte y\u00fcr\u00fcy\u00fcn\u2026 Y\u00fcr\u00fcy\u00fc\u015f\u00fcn her ad\u0131m\u0131nda ah edeceksiniz ve kalbinizi                                                                                                       yeniden hissedeceksiniz. <\/p>\n","protected":false},"excerpt":{"rendered":"<p>Memu Z\u00een Masal\u0131 En \u00e7ok k\u0131rm\u0131z\u0131ya benzetilse de a\u015fk; \u00c2\u015f\u0131kta k\u00fcl gibi siyah, ma\u015fukta bahar ve g\u00fcl gibi ye\u015fil g\u00f6r\u00fcn\u00fcr. Ama asl\u0131nda hi\u00e7biri de de\u011fildir. Yedi<span class=\"excerpt-hellip\"> [\u2026]<\/span><\/p>\n","protected":false},"featured_media":0,"template":"","meta":{"_monsterinsights_skip_tracking":false,"_monsterinsights_sitenote_active":false,"_monsterinsights_sitenote_note":"","_monsterinsights_sitenote_category":0},"product_brand":[],"product_cat":[12291,12711],"product_tag":[],"class_list":{"0":"post-708927","1":"product","2":"type-product","3":"status-publish","5":"product_cat-edebiyat","6":"product_cat-roman-oyku","7":"pa_cilt-ciltsiz","8":"pa_tur-kitap","9":"pa_yayinevi-otto-yayinlari","10":"pa_yazar-ibrahim-baz","12":"first","13":"instock","14":"sale","15":"shipping-taxable","16":"purchasable","17":"product-type-simple"},"_links":{"self":[{"href":"https:\/\/roveyayinevi.com.tr\/index.php\/wp-json\/wp\/v2\/product\/708927","targetHints":{"allow":["GET"]}}],"collection":[{"href":"https:\/\/roveyayinevi.com.tr\/index.php\/wp-json\/wp\/v2\/product"}],"about":[{"href":"https:\/\/roveyayinevi.com.tr\/index.php\/wp-json\/wp\/v2\/types\/product"}],"wp:attachment":[{"href":"https:\/\/roveyayinevi.com.tr\/index.php\/wp-json\/wp\/v2\/media?parent=708927"}],"wp:term":[{"taxonomy":"product_brand","embeddable":true,"href":"https:\/\/roveyayinevi.com.tr\/index.php\/wp-json\/wp\/v2\/product_brand?post=708927"},{"taxonomy":"product_cat","embeddable":true,"href":"https:\/\/roveyayinevi.com.tr\/index.php\/wp-json\/wp\/v2\/product_cat?post=708927"},{"taxonomy":"product_tag","embeddable":true,"href":"https:\/\/roveyayinevi.com.tr\/index.php\/wp-json\/wp\/v2\/product_tag?post=708927"}],"curies":[{"name":"wp","href":"https:\/\/api.w.org\/{rel}","templated":true}]}}