{"id":708926,"date":"2025-08-27T16:19:46","date_gmt":"2025-08-27T13:19:46","guid":{"rendered":"https:\/\/roveyayinevi.com.tr\/index.php\/urun\/eglenceli-bilgi-kimya-kim-ya\/"},"modified":"2026-01-29T02:32:01","modified_gmt":"2026-01-28T23:32:01","slug":"eglenceli-bilgi-kimya-kim-ya","status":"publish","type":"product","link":"https:\/\/roveyayinevi.com.tr\/index.php\/urun\/eglenceli-bilgi-kimya-kim-ya\/","title":{"rendered":"E\u011flenceli Bilgi Kimya Kim Ya!?"},"content":{"rendered":"<p>G\u00f6zl\u00fcklerin neden ger\u00e7ek camdan yap\u0131lmad\u0131\u011f\u0131n\u0131, En pis kokan bomban\u0131n nas\u0131l yap\u0131ld\u0131\u011f\u0131n\u0131, Kendi di\u015f macununuzu nas\u0131l kendiniz yapabilece\u011finizi, Sabun, deterjan, naylon, teflon gibi maddelerin nas\u0131l icat edildi\u011fini, Atomlar\u0131n m\u00fcthi\u015f enerjisini, Nobel \u00d6d\u00fcl\u00fc&#8217;n\u00fcn ilk kez nas\u0131l verildi\u011fini, Kimyan\u0131n nas\u0131l bir bilim oldu\u011funu hi\u00e7 merak ettiniz mi? Bu kitapta, karma\u015f\u0131k kimyayla ilgili pek \u00e7ok e\u011flenceli bilgiyi bulacaks\u0131n\u0131z. Yaln\u0131z bu kadar de\u011fil. Ayr\u0131ca, bu kitap yard\u0131m\u0131yla s\u0131ra d\u0131\u015f\u0131 deneyler yapacak, baz\u0131 kimyac\u0131lar\u0131n acayip s\u0131rlar\u0131n\u0131 ke\u015ffedecek ve karma\u015f\u0131k kimyev\u00ee olaylar\u0131, kendi evinizin mutfa\u011f\u0131nda deneyebileceksiniz. Fantastik ger\u00e7ek dosyalar\u0131n\u0131 okuyacak, garip quizleri \u00e7\u00f6zecek veeeeeee&#8230; en \u00f6nemlisi, \u00e7\u0131lg\u0131n karikat\u00fcrlerle e\u011fleneceksiniz. K\u0131sacas\u0131, bu kitap sizi yerinizden f\u0131rlatacak! Bilim hi\u00e7 bu kadar e\u011flenceli olmam\u0131\u015ft\u0131! <\/p>\n","protected":false},"excerpt":{"rendered":"<p>G\u00f6zl\u00fcklerin neden ger\u00e7ek camdan yap\u0131lmad\u0131\u011f\u0131n\u0131, En pis kokan bomban\u0131n nas\u0131l yap\u0131ld\u0131\u011f\u0131n\u0131, Kendi di\u015f macununuzu nas\u0131l kendiniz yapabilece\u011finizi, Sabun, deterjan, naylon, teflon gibi maddelerin nas\u0131l icat edildi\u011fini,<span class=\"excerpt-hellip\"> [\u2026]<\/span><\/p>\n","protected":false},"featured_media":0,"template":"","meta":{"_monsterinsights_skip_tracking":false,"_monsterinsights_sitenote_active":false,"_monsterinsights_sitenote_note":"","_monsterinsights_sitenote_category":0},"product_brand":[],"product_cat":[13829,12274],"product_tag":[],"class_list":{"0":"post-708926","1":"product","2":"type-product","3":"status-publish","5":"product_cat-bilimsel-kitaplar","6":"product_cat-cocuk-ve-genclik-kitaplari","7":"pa_cilt-ciltsiz","8":"pa_tur-kitap","9":"pa_yayinevi-timas-yayinlari","10":"pa_yazar-nick-arnold","12":"first","13":"instock","14":"sale","15":"shipping-taxable","16":"purchasable","17":"product-type-simple"},"_links":{"self":[{"href":"https:\/\/roveyayinevi.com.tr\/index.php\/wp-json\/wp\/v2\/product\/708926","targetHints":{"allow":["GET"]}}],"collection":[{"href":"https:\/\/roveyayinevi.com.tr\/index.php\/wp-json\/wp\/v2\/product"}],"about":[{"href":"https:\/\/roveyayinevi.com.tr\/index.php\/wp-json\/wp\/v2\/types\/product"}],"wp:attachment":[{"href":"https:\/\/roveyayinevi.com.tr\/index.php\/wp-json\/wp\/v2\/media?parent=708926"}],"wp:term":[{"taxonomy":"product_brand","embeddable":true,"href":"https:\/\/roveyayinevi.com.tr\/index.php\/wp-json\/wp\/v2\/product_brand?post=708926"},{"taxonomy":"product_cat","embeddable":true,"href":"https:\/\/roveyayinevi.com.tr\/index.php\/wp-json\/wp\/v2\/product_cat?post=708926"},{"taxonomy":"product_tag","embeddable":true,"href":"https:\/\/roveyayinevi.com.tr\/index.php\/wp-json\/wp\/v2\/product_tag?post=708926"}],"curies":[{"name":"wp","href":"https:\/\/api.w.org\/{rel}","templated":true}]}}