{"id":708925,"date":"2025-08-27T16:19:45","date_gmt":"2025-08-27T13:19:45","guid":{"rendered":"https:\/\/roveyayinevi.com.tr\/index.php\/urun\/eglenceli-bilgi-harika-vucudumuz\/"},"modified":"2026-01-28T02:32:37","modified_gmt":"2026-01-27T23:32:37","slug":"eglenceli-bilgi-harika-vucudumuz","status":"publish","type":"product","link":"https:\/\/roveyayinevi.com.tr\/index.php\/urun\/eglenceli-bilgi-harika-vucudumuz\/","title":{"rendered":"E\u011flenceli Bilgi &#8211; Harika V\u00fccudumuz"},"content":{"rendered":"<p>\u00e7inde k\u00fc\u00e7\u00fck par\u00e7ac\u0131klar ve organlar kalm\u0131\u015f bilime ho\u015fgeldiniz! V\u00fccudunuzun i\u00e7ine yolculuk yapaca\u011f\u0131z. Yediklerinizin nereye gitti\u011fini, bir \u00e7\u0131ban patlad\u0131\u011f\u0131nda ne oldu\u011funu, cesetlerin sa\u00e7lar\u0131n\u0131n neden kesilmesi gerekti\u011fini, kirpiklerinizde hangi hayvanlar\u0131n ya\u015fad\u0131\u011f\u0131n\u0131 \u00f6\u011frenmek i\u00e7in sab\u0131rs\u0131zlan\u0131yor musunuz? Bilimin derinliklerine yapaca\u011f\u0131m\u0131z bu yolculu\u011fu mideniz kald\u0131r\u0131yorsa ne\u015fter alt\u0131na yat\u0131rd\u0131\u011f\u0131m\u0131z insan v\u00fccudunu yak\u0131ndan inceleyebilirsiniz. Beyninizin g\u00fcc\u00fcn\u00fc test edin, tuhaf bilim adamlar\u0131n\u0131n s\u0131rlar\u0131n\u0131 ke\u015ffedin ve \u00f6l\u00fcmc\u00fcl hastal\u0131klar\u0131n nas\u0131l te\u015fhis edildi\u011fini \u00f6\u011frenin! <\/p>\n","protected":false},"excerpt":{"rendered":"<p>\u00e7inde k\u00fc\u00e7\u00fck par\u00e7ac\u0131klar ve organlar kalm\u0131\u015f bilime ho\u015fgeldiniz! V\u00fccudunuzun i\u00e7ine yolculuk yapaca\u011f\u0131z. Yediklerinizin nereye gitti\u011fini, bir \u00e7\u0131ban patlad\u0131\u011f\u0131nda ne oldu\u011funu, cesetlerin sa\u00e7lar\u0131n\u0131n neden kesilmesi gerekti\u011fini, kirpiklerinizde<span class=\"excerpt-hellip\"> [\u2026]<\/span><\/p>\n","protected":false},"featured_media":0,"template":"","meta":{"_monsterinsights_skip_tracking":false,"_monsterinsights_sitenote_active":false,"_monsterinsights_sitenote_note":"","_monsterinsights_sitenote_category":0},"product_brand":[],"product_cat":[13829,12274],"product_tag":[],"class_list":{"0":"post-708925","1":"product","2":"type-product","3":"status-publish","5":"product_cat-bilimsel-kitaplar","6":"product_cat-cocuk-ve-genclik-kitaplari","7":"pa_cilt-ciltsiz","8":"pa_tur-kitap","9":"pa_yayinevi-timas-yayinlari","10":"pa_yazar-nick-arnold","12":"first","13":"instock","14":"sale","15":"shipping-taxable","16":"purchasable","17":"product-type-simple"},"_links":{"self":[{"href":"https:\/\/roveyayinevi.com.tr\/index.php\/wp-json\/wp\/v2\/product\/708925","targetHints":{"allow":["GET"]}}],"collection":[{"href":"https:\/\/roveyayinevi.com.tr\/index.php\/wp-json\/wp\/v2\/product"}],"about":[{"href":"https:\/\/roveyayinevi.com.tr\/index.php\/wp-json\/wp\/v2\/types\/product"}],"wp:attachment":[{"href":"https:\/\/roveyayinevi.com.tr\/index.php\/wp-json\/wp\/v2\/media?parent=708925"}],"wp:term":[{"taxonomy":"product_brand","embeddable":true,"href":"https:\/\/roveyayinevi.com.tr\/index.php\/wp-json\/wp\/v2\/product_brand?post=708925"},{"taxonomy":"product_cat","embeddable":true,"href":"https:\/\/roveyayinevi.com.tr\/index.php\/wp-json\/wp\/v2\/product_cat?post=708925"},{"taxonomy":"product_tag","embeddable":true,"href":"https:\/\/roveyayinevi.com.tr\/index.php\/wp-json\/wp\/v2\/product_tag?post=708925"}],"curies":[{"name":"wp","href":"https:\/\/api.w.org\/{rel}","templated":true}]}}