{"id":708924,"date":"2025-08-27T16:19:45","date_gmt":"2025-08-27T13:19:45","guid":{"rendered":"https:\/\/roveyayinevi.com.tr\/index.php\/urun\/osmanli-sehirciligi-ve-vakiflar\/"},"modified":"2026-04-16T02:17:36","modified_gmt":"2026-04-15T23:17:36","slug":"osmanli-sehirciligi-ve-vakiflar","status":"publish","type":"product","link":"https:\/\/roveyayinevi.com.tr\/index.php\/urun\/osmanli-sehirciligi-ve-vakiflar\/","title":{"rendered":"Osmanl\u0131 \u015eehircili\u011fi ve Vak\u0131flar"},"content":{"rendered":"<p>Insani kusatan en b\u00fcy\u00fck fiziki mekan olan sehir, toplum olarak yasama uygun imkanlari da i\u00e7inde barindirir. Insanlarin karmasik iliskiler kurarak yasadigi sehirlerin ortaya \u00e7ikisinda, inan\u00e7larin ve kutsal duygularin ciddi etkisi bulunmaktadir. Arkeolojik bulgular kutsal mekanlarin ve tapinaklarin ilk sehirlerin merkezi yapilari oldugunu ortaya koymaktadir. Islam\u2019in sehirlesme pratigini devam ettiren Osmanli sehirleri de bu mek\u00e2nsal yerlesim tezini dogrulamaktadir. Osmanli sehirlerinin kurulus ve gelisiminde \u00fcretim iliskileri ve ekonomiden \u00e7ok, k\u00fclt\u00fcrel unsurlar belirleyici olmustur. Osmanli sehir sisteminde iki temel kurum \u00f6ne \u00e7ikmaktadir. Sehrin y\u00f6netimi a\u00e7isindan kadilik kurumu ve sehirlesme pratigi \u00e7er\u00e7evesinde vakiflar. Osmanli sehirlerinin mek\u00e2nsal gelisiminde ve yerel hizmetlerin ger\u00e7eklestirilmesinde vakiflar \u00f6nemli roller \u00fcstlenmistir. Bu kapsamda vakif imaret siteleri sehirlerin merkezi yapi topluluklaridir. Bir ulu cami etrafinda insa edilen imaret sitelerinin devamliligi vakiflarin gelir getirici akarlariyla s\u00fcrd\u00fcr\u00fclmektedir. Osmanli sehir sisteminin diger belirleyici \u00f6zelligi ise idari olarak kadilik kurumunun etkili ve fonksiyonel yapisidir. Osmanli Devleti\u2019nin klasik \u00e7ag sonrasinda yasadigi sosyal ve ekonomik darbogazlara ragmen, siyasal olarak varligini s\u00fcrd\u00fcrme direnci, bu mek\u00e2nsal ve b\u00fcrokratik sistemin saglikli isleyisi ile izah edilebilir. <\/p>\n","protected":false},"excerpt":{"rendered":"<p>Insani kusatan en b\u00fcy\u00fck fiziki mekan olan sehir, toplum olarak yasama uygun imkanlari da i\u00e7inde barindirir. Insanlarin karmasik iliskiler kurarak yasadigi sehirlerin ortaya \u00e7ikisinda, inan\u00e7larin ve<span class=\"excerpt-hellip\"> [\u2026]<\/span><\/p>\n","protected":false},"featured_media":0,"template":"","meta":{"_monsterinsights_skip_tracking":false,"_monsterinsights_sitenote_active":false,"_monsterinsights_sitenote_note":"","_monsterinsights_sitenote_category":0},"product_brand":[],"product_cat":[13517,12304],"product_tag":[],"class_list":{"0":"post-708924","1":"product","2":"type-product","3":"status-publish","5":"product_cat-osmanli-tarihi","6":"product_cat-tarih","7":"pa_cilt-ciltsiz","8":"pa_tur-kitap","9":"pa_yayinevi-yeditepe-yayinevi","10":"pa_yazar-gorgun-ozcan","12":"first","13":"instock","14":"sale","15":"shipping-taxable","16":"purchasable","17":"product-type-simple"},"_links":{"self":[{"href":"https:\/\/roveyayinevi.com.tr\/index.php\/wp-json\/wp\/v2\/product\/708924","targetHints":{"allow":["GET"]}}],"collection":[{"href":"https:\/\/roveyayinevi.com.tr\/index.php\/wp-json\/wp\/v2\/product"}],"about":[{"href":"https:\/\/roveyayinevi.com.tr\/index.php\/wp-json\/wp\/v2\/types\/product"}],"wp:attachment":[{"href":"https:\/\/roveyayinevi.com.tr\/index.php\/wp-json\/wp\/v2\/media?parent=708924"}],"wp:term":[{"taxonomy":"product_brand","embeddable":true,"href":"https:\/\/roveyayinevi.com.tr\/index.php\/wp-json\/wp\/v2\/product_brand?post=708924"},{"taxonomy":"product_cat","embeddable":true,"href":"https:\/\/roveyayinevi.com.tr\/index.php\/wp-json\/wp\/v2\/product_cat?post=708924"},{"taxonomy":"product_tag","embeddable":true,"href":"https:\/\/roveyayinevi.com.tr\/index.php\/wp-json\/wp\/v2\/product_tag?post=708924"}],"curies":[{"name":"wp","href":"https:\/\/api.w.org\/{rel}","templated":true}]}}