{"id":708923,"date":"2025-08-27T16:19:44","date_gmt":"2025-08-27T13:19:44","guid":{"rendered":"https:\/\/roveyayinevi.com.tr\/index.php\/urun\/gizli-numara\/"},"modified":"2026-04-16T02:17:36","modified_gmt":"2026-04-15T23:17:36","slug":"gizli-numara","status":"publish","type":"product","link":"https:\/\/roveyayinevi.com.tr\/index.php\/urun\/gizli-numara\/","title":{"rendered":"Gizli Numara"},"content":{"rendered":"<p>&#8216;Her \u015fey&#8217; bir &#8216;Gizli Numara&#8217;n\u0131n aramas\u0131yla ba\u015flam\u0131\u015ft\u0131. \u0130ki hat birbirine sinyallerle, iki insan da birbirlerine kelimelerle ba\u011flanm\u0131\u015flard\u0131. <\/p>\n","protected":false},"excerpt":{"rendered":"<p>&#8216;Her \u015fey&#8217; bir &#8216;Gizli Numara&#8217;n\u0131n aramas\u0131yla ba\u015flam\u0131\u015ft\u0131. \u0130ki hat birbirine sinyallerle, iki insan da birbirlerine kelimelerle ba\u011flanm\u0131\u015flard\u0131.<\/p>\n","protected":false},"featured_media":0,"template":"","meta":{"_monsterinsights_skip_tracking":false,"_monsterinsights_sitenote_active":false,"_monsterinsights_sitenote_note":"","_monsterinsights_sitenote_category":0},"product_brand":[],"product_cat":[12291,12711],"product_tag":[],"class_list":{"0":"post-708923","1":"product","2":"type-product","3":"status-publish","5":"product_cat-edebiyat","6":"product_cat-roman-oyku","7":"pa_cilt-ciltsiz","8":"pa_tur-kitap","9":"pa_yayinevi-epsilon-yayinlari","10":"pa_yazar-semiha-kaya","12":"first","13":"instock","14":"sale","15":"shipping-taxable","16":"purchasable","17":"product-type-simple"},"_links":{"self":[{"href":"https:\/\/roveyayinevi.com.tr\/index.php\/wp-json\/wp\/v2\/product\/708923","targetHints":{"allow":["GET"]}}],"collection":[{"href":"https:\/\/roveyayinevi.com.tr\/index.php\/wp-json\/wp\/v2\/product"}],"about":[{"href":"https:\/\/roveyayinevi.com.tr\/index.php\/wp-json\/wp\/v2\/types\/product"}],"wp:attachment":[{"href":"https:\/\/roveyayinevi.com.tr\/index.php\/wp-json\/wp\/v2\/media?parent=708923"}],"wp:term":[{"taxonomy":"product_brand","embeddable":true,"href":"https:\/\/roveyayinevi.com.tr\/index.php\/wp-json\/wp\/v2\/product_brand?post=708923"},{"taxonomy":"product_cat","embeddable":true,"href":"https:\/\/roveyayinevi.com.tr\/index.php\/wp-json\/wp\/v2\/product_cat?post=708923"},{"taxonomy":"product_tag","embeddable":true,"href":"https:\/\/roveyayinevi.com.tr\/index.php\/wp-json\/wp\/v2\/product_tag?post=708923"}],"curies":[{"name":"wp","href":"https:\/\/api.w.org\/{rel}","templated":true}]}}