{"id":708922,"date":"2025-08-27T16:19:44","date_gmt":"2025-08-27T13:19:44","guid":{"rendered":"https:\/\/roveyayinevi.com.tr\/index.php\/urun\/zihinde-bir-dalga\/"},"modified":"2026-04-16T02:17:36","modified_gmt":"2026-04-15T23:17:36","slug":"zihinde-bir-dalga","status":"publish","type":"product","link":"https:\/\/roveyayinevi.com.tr\/index.php\/urun\/zihinde-bir-dalga\/","title":{"rendered":"Zihinde Bir Dalga"},"content":{"rendered":"<p>Granit insanlar, K\u0131z\u0131lderili amcalar, s\u00f6zl\u00fck teyzeler; k\u00fct\u00fcphaneler, ger\u00e7ek Yerdeniz adalar\u0131; Tolstoy, Borges, Dickens, Twain; Y\u00fcz\u00fcklerin Efendisi; masallar, toplumsal cinsiyet, ayaklar, g\u00fczellik, \u00f6l\u00fcm, sorgulanmayan varsay\u0131mlar&#8230; Ama hepsinden \u00f6nemlisi d\u00fc\u015flemek: \u201cHepimizin hayatlar\u0131m\u0131z\u0131 icat etmeyi, yapmay\u0131, hayal etmeyi \u00f6\u011frenmemiz gerekir. Bize bu becerilerin \u00f6\u011fretilmesi gerekir; bunun nas\u0131l yap\u0131laca\u011f\u0131n\u0131 g\u00f6sterecek rehberler gerekir. Bunu yapmazsak, hayatlar\u0131m\u0131z\u0131 ba\u015fkalar\u0131 bizim i\u00e7in yaparlar.\u201d Le Guin\u2019in di\u011fer yaz\u0131lar\u0131ndan a\u015fina oldu\u011fumuz iki tema \u00f6ne \u00e7\u0131k\u0131yor: S\u00fcre\u00e7 ve ritim \u2013 kad\u0131n olmak, ya\u015fl\u0131 olmak, okur olmak, yazar olmak; ve yazar\u0131n, h\u00fckmetmek \u015f\u00f6yle dursun ancak takip edebildi\u011fi tempo ve s\u00f6zc\u00fckler, zaman\u0131 gelince elinizi uzatsan\u0131z havada as\u0131l\u0131 onlarcas\u0131na eri\u015febilece\u011finiz hissi veren o \u00f6yk\u00fcler. Zihinde Bir Dalga\u2019y\u0131 okumak, eski bir arkada\u015f\u0131n\u0131zla oturup muhabbet etmeye benziyor: Kafa a\u00e7\u0131c\u0131 oldu\u011fu kadar, insana kendini rahat hissettiren bir taraf\u0131 var; hararetle daldan dala atlarken,  saatlerin nas\u0131l ge\u00e7ip gitti\u011fini anlam\u0131yorsunuz bile.   YAZAR HAKKINDA: Ursula Kroeber Le Guin, 1929&#8217;da Kaliforniya&#8217;da do\u011fdu. Babas\u0131 \u00fcnl\u00fc antropolog Alfred Kroeber, annesi yazar Theodora Kroeber&#8217;dir. Radcliff ve C olumbia \u00fcniversitelerinde edebiyat e\u011fitimi g\u00f6rd\u00fc. 1950&#8217;li y\u0131llarda fantastik \u00f6yk\u00fcler ve romanlar yazmaya ba\u015flad\u0131. 1962&#8217;de ilk bilimkurgu \u00f6yk\u00fcs\u00fc yay\u0131mland\u0131. 1974 tarihli M\u00fclks\u00fczler&#8217;e kadar alt\u0131 bilimkurgu roman\u0131 yazd\u0131. Bu tarihten sonra zaman zaman bilimkurgu \u00f6yk\u00fcleri yazmakla birlikte romanlar\u0131nda daha ziyade yar\u0131 ger\u00e7ek\u00e7i\/yar\u0131 fantastik temalar i\u015fledi. K\u0131sa hik\u00e2ye, deneme, \u015fiir, \u00e7ocuk kitaplar\u0131 ve roman t\u00fcrlerinde eserler veren Le Guin&#8217;in ald\u0131\u011f\u0131 \u00e7ok say\u0131da edebiyat \u00f6d\u00fcl\u00fc aras\u0131nda Ulusal Kitap \u00d6d\u00fcl\u00fc, be\u015f kez Hugo ve be\u015f kez Nebula \u00d6d\u00fcl\u00fc, Kafka \u00d6d\u00fcl\u00fc ve PEN\/Malamud \u00d6d\u00fcl\u00fc bulunuyor. Le Guin halen Portland, Oregon&#8217;da ya\u015f\u0131yor. <\/p>\n","protected":false},"excerpt":{"rendered":"<p>Granit insanlar, K\u0131z\u0131lderili amcalar, s\u00f6zl\u00fck teyzeler; k\u00fct\u00fcphaneler, ger\u00e7ek Yerdeniz adalar\u0131; Tolstoy, Borges, Dickens, Twain; Y\u00fcz\u00fcklerin Efendisi; masallar, toplumsal cinsiyet, ayaklar, g\u00fczellik, \u00f6l\u00fcm, sorgulanmayan varsay\u0131mlar&#8230; Ama hepsinden<span class=\"excerpt-hellip\"> [\u2026]<\/span><\/p>\n","protected":false},"featured_media":0,"template":"","meta":{"_monsterinsights_skip_tracking":false,"_monsterinsights_sitenote_active":false,"_monsterinsights_sitenote_note":"","_monsterinsights_sitenote_category":0},"product_brand":[],"product_cat":[12755,12357],"product_tag":[],"class_list":{"0":"post-708922","1":"product","2":"type-product","3":"status-publish","5":"product_cat-gelisim-psikolojisi","6":"product_cat-psikoloji","7":"pa_cilt-ciltsiz","8":"pa_tur-kitap","9":"pa_yayinevi-metis-yayinlari","10":"pa_yazar-ursula-k-le-guin","12":"first","13":"instock","14":"sale","15":"shipping-taxable","16":"purchasable","17":"product-type-simple"},"_links":{"self":[{"href":"https:\/\/roveyayinevi.com.tr\/index.php\/wp-json\/wp\/v2\/product\/708922","targetHints":{"allow":["GET"]}}],"collection":[{"href":"https:\/\/roveyayinevi.com.tr\/index.php\/wp-json\/wp\/v2\/product"}],"about":[{"href":"https:\/\/roveyayinevi.com.tr\/index.php\/wp-json\/wp\/v2\/types\/product"}],"wp:attachment":[{"href":"https:\/\/roveyayinevi.com.tr\/index.php\/wp-json\/wp\/v2\/media?parent=708922"}],"wp:term":[{"taxonomy":"product_brand","embeddable":true,"href":"https:\/\/roveyayinevi.com.tr\/index.php\/wp-json\/wp\/v2\/product_brand?post=708922"},{"taxonomy":"product_cat","embeddable":true,"href":"https:\/\/roveyayinevi.com.tr\/index.php\/wp-json\/wp\/v2\/product_cat?post=708922"},{"taxonomy":"product_tag","embeddable":true,"href":"https:\/\/roveyayinevi.com.tr\/index.php\/wp-json\/wp\/v2\/product_tag?post=708922"}],"curies":[{"name":"wp","href":"https:\/\/api.w.org\/{rel}","templated":true}]}}