{"id":708921,"date":"2025-08-27T16:19:43","date_gmt":"2025-08-27T13:19:43","guid":{"rendered":"https:\/\/roveyayinevi.com.tr\/index.php\/urun\/gizli-bahce-7\/"},"modified":"2026-04-16T02:17:36","modified_gmt":"2026-04-15T23:17:36","slug":"gizli-bahce-7","status":"publish","type":"product","link":"https:\/\/roveyayinevi.com.tr\/index.php\/urun\/gizli-bahce-7\/","title":{"rendered":"Gizli Bah\u00e7e"},"content":{"rendered":"<p>Klasikleri Okuyorum Ku\u015faklard\u0131r okunan klasik eserler k\u0131salt\u0131larak gen\u00e7 okurlar i\u00e7in \u00f6zenle yeniden kaleme al\u0131nd\u0131 Mary Lennox eni\u015ftesiyle birlikte kocaman bir malik\u00e2nede ya\u015famak \u00fczere Yorkshire k\u0131rlar\u0131na geldi\u011finde yaln\u0131z ve \u015f\u0131mar\u0131k bir \u00e7ocuktur. Ama bir nar b\u00fclb\u00fcl\u00fc ona uzun zamand\u0131r unutulmu\u015f gizli bir bah\u00e7enin anahtar\u0131n\u0131 g\u00f6sterir. Ne var ki bu eski malik\u00e2nedeki tek s\u0131r bah\u00e7e de\u011fildir. Mary k\u0131rdan ve k\u0131rda ya\u015fayan insanlardan ya\u015fam d\u00f6ng\u00fcs\u00fcn\u00fcn mucizesini \u00f6\u011frenir, b\u00f6ylece yeni edindi\u011fi arkada\u015flar\u0131yla bu bah\u00e7eyi huzurun, g\u00fczelli\u011fin ve ya\u015fam\u0131n simgesi haline getirir. \u00c7\u00fcnk\u00fc do\u011fa hepimizi iyile\u015ftir. <\/p>\n","protected":false},"excerpt":{"rendered":"<p>Klasikleri Okuyorum Ku\u015faklard\u0131r okunan klasik eserler k\u0131salt\u0131larak gen\u00e7 okurlar i\u00e7in \u00f6zenle yeniden kaleme al\u0131nd\u0131 Mary Lennox eni\u015ftesiyle birlikte kocaman bir malik\u00e2nede ya\u015famak \u00fczere Yorkshire k\u0131rlar\u0131na geldi\u011finde<span class=\"excerpt-hellip\"> [\u2026]<\/span><\/p>\n","protected":false},"featured_media":0,"template":"","meta":{"_monsterinsights_skip_tracking":false,"_monsterinsights_sitenote_active":false,"_monsterinsights_sitenote_note":"","_monsterinsights_sitenote_category":0},"product_brand":[],"product_cat":[12275,12274],"product_tag":[],"class_list":{"0":"post-708921","1":"product","2":"type-product","3":"status-publish","5":"product_cat-6-12-yas-kitaplari","6":"product_cat-cocuk-ve-genclik-kitaplari","7":"pa_cilt-ciltsiz","8":"pa_tur-kitap","9":"pa_yayinevi-beyaz-balina-yayinlari","10":"pa_yazar-frances-hodgson-burnett","12":"first","13":"instock","14":"sale","15":"shipping-taxable","16":"purchasable","17":"product-type-simple"},"_links":{"self":[{"href":"https:\/\/roveyayinevi.com.tr\/index.php\/wp-json\/wp\/v2\/product\/708921","targetHints":{"allow":["GET"]}}],"collection":[{"href":"https:\/\/roveyayinevi.com.tr\/index.php\/wp-json\/wp\/v2\/product"}],"about":[{"href":"https:\/\/roveyayinevi.com.tr\/index.php\/wp-json\/wp\/v2\/types\/product"}],"wp:attachment":[{"href":"https:\/\/roveyayinevi.com.tr\/index.php\/wp-json\/wp\/v2\/media?parent=708921"}],"wp:term":[{"taxonomy":"product_brand","embeddable":true,"href":"https:\/\/roveyayinevi.com.tr\/index.php\/wp-json\/wp\/v2\/product_brand?post=708921"},{"taxonomy":"product_cat","embeddable":true,"href":"https:\/\/roveyayinevi.com.tr\/index.php\/wp-json\/wp\/v2\/product_cat?post=708921"},{"taxonomy":"product_tag","embeddable":true,"href":"https:\/\/roveyayinevi.com.tr\/index.php\/wp-json\/wp\/v2\/product_tag?post=708921"}],"curies":[{"name":"wp","href":"https:\/\/api.w.org\/{rel}","templated":true}]}}