{"id":708920,"date":"2025-08-27T16:19:43","date_gmt":"2025-08-27T13:19:43","guid":{"rendered":"https:\/\/roveyayinevi.com.tr\/index.php\/urun\/robinson-crusoe-klasikleri-okuyorum-ciltli\/"},"modified":"2026-04-16T02:17:36","modified_gmt":"2026-04-15T23:17:36","slug":"robinson-crusoe-klasikleri-okuyorum-ciltli","status":"publish","type":"product","link":"https:\/\/roveyayinevi.com.tr\/index.php\/urun\/robinson-crusoe-klasikleri-okuyorum-ciltli\/","title":{"rendered":"Robinson Crusoe-Klasikleri Okuyorum (Ciltli)"},"content":{"rendered":"<p>Gen\u00e7 Robinson Crusoe denizci olmak i\u00e7in evden ka\u00e7t\u0131\u011f\u0131nda, tek d\u00fc\u015f\u00fcnd\u00fc\u011f\u00fc \u015fey a\u00e7\u0131k denizlerde maceraya at\u0131lmakt\u0131r. Bu maceralarda nice f\u0131rt\u0131nalar atlat\u0131r, korsanlara k\u00f6le d\u00fc\u015fer ve zengin bir plantasyon sahibi olur. Ne var ki dinmek bilmez macera arzusu sonucunda kendini \u0131ss\u0131z bir adada bulur. Korkun\u00e7 bir deniz kazas\u0131ndan kurtulan tek ki\u015fidir. Robinson\u2019un kendi kaderinin pe\u015findeki bu zorlu maceras\u0131 ve \u0131ss\u0131z bir adada tek ba\u015f\u0131na hayatta kalmak i\u00e7in verdi\u011fi m\u00fccadele, t\u00fcm gen\u00e7 okurlara esin verecek. <\/p>\n","protected":false},"excerpt":{"rendered":"<p>Gen\u00e7 Robinson Crusoe denizci olmak i\u00e7in evden ka\u00e7t\u0131\u011f\u0131nda, tek d\u00fc\u015f\u00fcnd\u00fc\u011f\u00fc \u015fey a\u00e7\u0131k denizlerde maceraya at\u0131lmakt\u0131r. Bu maceralarda nice f\u0131rt\u0131nalar atlat\u0131r, korsanlara k\u00f6le d\u00fc\u015fer ve zengin bir<span class=\"excerpt-hellip\"> [\u2026]<\/span><\/p>\n","protected":false},"featured_media":0,"template":"","meta":{"_monsterinsights_skip_tracking":false,"_monsterinsights_sitenote_active":false,"_monsterinsights_sitenote_note":"","_monsterinsights_sitenote_category":0},"product_brand":[],"product_cat":[12275,12274],"product_tag":[],"class_list":{"0":"post-708920","1":"product","2":"type-product","3":"status-publish","5":"product_cat-6-12-yas-kitaplari","6":"product_cat-cocuk-ve-genclik-kitaplari","7":"pa_cilt-ciltli","8":"pa_tur-kitap","9":"pa_yayinevi-beyaz-balina-yayinlari","10":"pa_yazar-daniel-defoe","12":"first","13":"instock","14":"sale","15":"shipping-taxable","16":"purchasable","17":"product-type-simple"},"_links":{"self":[{"href":"https:\/\/roveyayinevi.com.tr\/index.php\/wp-json\/wp\/v2\/product\/708920","targetHints":{"allow":["GET"]}}],"collection":[{"href":"https:\/\/roveyayinevi.com.tr\/index.php\/wp-json\/wp\/v2\/product"}],"about":[{"href":"https:\/\/roveyayinevi.com.tr\/index.php\/wp-json\/wp\/v2\/types\/product"}],"wp:attachment":[{"href":"https:\/\/roveyayinevi.com.tr\/index.php\/wp-json\/wp\/v2\/media?parent=708920"}],"wp:term":[{"taxonomy":"product_brand","embeddable":true,"href":"https:\/\/roveyayinevi.com.tr\/index.php\/wp-json\/wp\/v2\/product_brand?post=708920"},{"taxonomy":"product_cat","embeddable":true,"href":"https:\/\/roveyayinevi.com.tr\/index.php\/wp-json\/wp\/v2\/product_cat?post=708920"},{"taxonomy":"product_tag","embeddable":true,"href":"https:\/\/roveyayinevi.com.tr\/index.php\/wp-json\/wp\/v2\/product_tag?post=708920"}],"curies":[{"name":"wp","href":"https:\/\/api.w.org\/{rel}","templated":true}]}}