{"id":708919,"date":"2025-08-27T16:19:42","date_gmt":"2025-08-27T13:19:42","guid":{"rendered":"https:\/\/roveyayinevi.com.tr\/index.php\/urun\/uluslararasi-guvenlik-teori-pratik-ve-gelecek\/"},"modified":"2026-04-16T02:17:36","modified_gmt":"2026-04-15T23:17:36","slug":"uluslararasi-guvenlik-teori-pratik-ve-gelecek","status":"publish","type":"product","link":"https:\/\/roveyayinevi.com.tr\/index.php\/urun\/uluslararasi-guvenlik-teori-pratik-ve-gelecek\/","title":{"rendered":"Uluslararas\u0131 G\u00fcvenlik Teori Pratik ve Gelecek"},"content":{"rendered":"<p>Son 20 y\u0131ld\u0131r g\u00fcvenlik olgusu devlet b\u00fcrokrasisi, akademik \u00e7evreler ve \u00f6zel sekt\u00f6rde t\u0131pk\u0131 ter\u00f6r, bar\u0131\u015f ya da demokrasi gibi \u00f6nemli bir kavramsal enflasyon yaratt\u0131. Kavram\u0131n i\u00e7eri\u011fi kadar akt\u00f6rleri de \u00e7e\u015fitlendi. G\u00fcvenlik alan\u0131n\u0131n s\u0131n\u0131rlar\u0131n\u0131 \u00e7izmek, sorunlar\u0131 anlamak ve \u00e7\u00f6z\u00fcm bulmak olduk\u00e7a zorla\u015ft\u0131. G\u00fcvenlik alan\u0131nda gri ve karanl\u0131k b\u00f6lgelerin gittik\u00e7e a\u00e7\u0131k b\u00f6lgeyi anla\u015f\u0131lmaz hale getirmesi kafa kar\u0131\u015f\u0131kl\u0131\u011f\u0131n\u0131 art\u0131rd\u0131. G\u00fcvenlik \u00e7al\u0131\u015fan\u0131 olmak da cesaret isteyen bir akademik uzmanl\u0131k alan\u0131 haline geldi. Etnik ayr\u0131mc\u0131l\u0131\u011fa kar\u015f\u0131 \u00fclke b\u00fct\u00fcnl\u00fc\u011f\u00fc ve ter\u00f6rle m\u00fccadeleyi savunmaya ba\u015flad\u0131\u011f\u0131n\u0131zda \u201cg\u00fcvenlik\u00e7i\u201d zihniyete sahip olmakla su\u00e7lanabilirsiniz. G\u00fcven ve g\u00fcvensizlik aras\u0131nda a\u00e7\u0131k bir \u00e7izgi yoktur ve  hi\u00e7bir \u00fclke ya da ki\u015fi en iyi durumda bile asl\u0131nda g\u00fcvende de\u011fildir. E\u011fer g\u00fcvenli bir ortamda olmad\u0131\u011f\u0131m\u0131z\u0131 hissediyorsak ba\u015fka hi\u00e7bir \u015feyin ne oldu\u011fu \u00f6nemli de\u011fildir.  G\u00fcvenlik olmadan demokrasi ve insan haklar\u0131 da olmaz.Akademisyen Sait Y\u0131lmaz bu kitab\u0131nda b\u00fct\u00fcn y\u00f6nleriyle uluslararas\u0131 g\u00fcvenli\u011fi inceliyor. G\u00fc\u00e7l\u00fc bir teorik altyap\u0131ya sahip olan kitapta  uluslararas\u0131 g\u00fcvenlik konusunun hemen hemen b\u00fct\u00fcn kavramlar\u0131 ve kurumlar\u0131 kavramsal olarak ele al\u0131nm\u0131\u015f ve \u00f6rnekleriyle a\u00e7\u0131klanm\u0131\u015ft\u0131r. Eser, g\u00fcvenlik konusunda \u00e7al\u0131\u015fmak isteyen ara\u015ft\u0131rmac\u0131lar ve merakl\u0131lar\u0131 i\u00e7in \u00f6nemli bir kaynakt\u0131r. <\/p>\n","protected":false},"excerpt":{"rendered":"<p>Son 20 y\u0131ld\u0131r g\u00fcvenlik olgusu devlet b\u00fcrokrasisi, akademik \u00e7evreler ve \u00f6zel sekt\u00f6rde t\u0131pk\u0131 ter\u00f6r, bar\u0131\u015f ya da demokrasi gibi \u00f6nemli bir kavramsal enflasyon yaratt\u0131. Kavram\u0131n i\u00e7eri\u011fi<span class=\"excerpt-hellip\"> [\u2026]<\/span><\/p>\n","protected":false},"featured_media":0,"template":"","meta":{"_monsterinsights_skip_tracking":false,"_monsterinsights_sitenote_active":false,"_monsterinsights_sitenote_note":"","_monsterinsights_sitenote_category":0},"product_brand":[],"product_cat":[12337,14543],"product_tag":[],"class_list":{"0":"post-708919","1":"product","2":"type-product","3":"status-publish","5":"product_cat-politika-siyaset","6":"product_cat-turkiye-siyaseti-ve-politikasi","7":"pa_cilt-ciltsiz","8":"pa_tur-kitap","9":"pa_yayinevi-kaynak-yayinlari","10":"pa_yazar-sait-yilmaz","12":"first","13":"instock","14":"sale","15":"shipping-taxable","16":"purchasable","17":"product-type-simple"},"_links":{"self":[{"href":"https:\/\/roveyayinevi.com.tr\/index.php\/wp-json\/wp\/v2\/product\/708919","targetHints":{"allow":["GET"]}}],"collection":[{"href":"https:\/\/roveyayinevi.com.tr\/index.php\/wp-json\/wp\/v2\/product"}],"about":[{"href":"https:\/\/roveyayinevi.com.tr\/index.php\/wp-json\/wp\/v2\/types\/product"}],"wp:attachment":[{"href":"https:\/\/roveyayinevi.com.tr\/index.php\/wp-json\/wp\/v2\/media?parent=708919"}],"wp:term":[{"taxonomy":"product_brand","embeddable":true,"href":"https:\/\/roveyayinevi.com.tr\/index.php\/wp-json\/wp\/v2\/product_brand?post=708919"},{"taxonomy":"product_cat","embeddable":true,"href":"https:\/\/roveyayinevi.com.tr\/index.php\/wp-json\/wp\/v2\/product_cat?post=708919"},{"taxonomy":"product_tag","embeddable":true,"href":"https:\/\/roveyayinevi.com.tr\/index.php\/wp-json\/wp\/v2\/product_tag?post=708919"}],"curies":[{"name":"wp","href":"https:\/\/api.w.org\/{rel}","templated":true}]}}