{"id":708918,"date":"2025-08-27T16:19:42","date_gmt":"2025-08-27T13:19:42","guid":{"rendered":"https:\/\/roveyayinevi.com.tr\/index.php\/urun\/dogalgaz-piyasalari\/"},"modified":"2026-04-16T02:17:36","modified_gmt":"2026-04-15T23:17:36","slug":"dogalgaz-piyasalari","status":"publish","type":"product","link":"https:\/\/roveyayinevi.com.tr\/index.php\/urun\/dogalgaz-piyasalari\/","title":{"rendered":"Do\u011falgaz Piyasalar\u0131"},"content":{"rendered":"<p>Dr. Volkan \u00d6zdemir bu kitapta, son y\u0131llarda artan \u00f6nemiyle d\u00fcnya enerji sekt\u00f6r\u00fcndeki konumunu g\u00fc\u00e7lendiren bir emtia olan do\u011falgaz\u0131 ve uluslararas\u0131 gaz piyasalar\u0131nda ya\u015fanan d\u00f6n\u00fc\u015f\u00fcm\u00fcn uluslar\u0131n enerji g\u00fcvenli\u011fine etkilerini \u00e7ok boyutlu bir bak\u0131\u015f a\u00e7\u0131s\u0131yla de\u011ferlendirmektedir. Bu kapsamda do\u011falgaz piyasalar\u0131n\u0131n geli\u015fim a\u015famalar\u0131, iktisadi i\u015fleyi\u015f mekanizmalar\u0131 ve bunlar\u0131n T\u00fcrkiye\u2019nin enerji g\u00fcvenli\u011fiyle ili\u015fkileri, do\u011falgaz\u0131n ke\u015fif\/\u00fcretim a\u015famas\u0131ndaki etaplar\u0131ndan ziyade ticari y\u00f6n\u00fc ve buna dair d\u00fczenlemelerle meselenin jeopolitik boyutu ba\u011flam\u0131nda ele al\u0131nmaktad\u0131r. Do\u011falgaz odakl\u0131 derinlemesine bir ara\u015ft\u0131rman\u0131n \u00fcr\u00fcn\u00fc olan bu kitap dilimizde uzmanla\u015fmaya y\u00f6nelik olarak \u015fu ana kadar yay\u0131mlanan yeg\u00e2ne kaynakt\u0131r. <\/p>\n","protected":false},"excerpt":{"rendered":"<p>Dr. Volkan \u00d6zdemir bu kitapta, son y\u0131llarda artan \u00f6nemiyle d\u00fcnya enerji sekt\u00f6r\u00fcndeki konumunu g\u00fc\u00e7lendiren bir emtia olan do\u011falgaz\u0131 ve uluslararas\u0131 gaz piyasalar\u0131nda ya\u015fanan d\u00f6n\u00fc\u015f\u00fcm\u00fcn uluslar\u0131n enerji<span class=\"excerpt-hellip\"> [\u2026]<\/span><\/p>\n","protected":false},"featured_media":0,"template":"","meta":{"_monsterinsights_skip_tracking":false,"_monsterinsights_sitenote_active":false,"_monsterinsights_sitenote_note":"","_monsterinsights_sitenote_category":0},"product_brand":[],"product_cat":[13043,14144],"product_tag":[],"class_list":{"0":"post-708918","1":"product","2":"type-product","3":"status-publish","5":"product_cat-ekonomi","6":"product_cat-turkiye-ekonomisi","7":"pa_cilt-ciltsiz","8":"pa_tur-kitap","9":"pa_yayinevi-kaynak-yayinlari","10":"pa_yazar-volkan-ozdemir","12":"first","13":"instock","14":"sale","15":"shipping-taxable","16":"purchasable","17":"product-type-simple"},"_links":{"self":[{"href":"https:\/\/roveyayinevi.com.tr\/index.php\/wp-json\/wp\/v2\/product\/708918","targetHints":{"allow":["GET"]}}],"collection":[{"href":"https:\/\/roveyayinevi.com.tr\/index.php\/wp-json\/wp\/v2\/product"}],"about":[{"href":"https:\/\/roveyayinevi.com.tr\/index.php\/wp-json\/wp\/v2\/types\/product"}],"wp:attachment":[{"href":"https:\/\/roveyayinevi.com.tr\/index.php\/wp-json\/wp\/v2\/media?parent=708918"}],"wp:term":[{"taxonomy":"product_brand","embeddable":true,"href":"https:\/\/roveyayinevi.com.tr\/index.php\/wp-json\/wp\/v2\/product_brand?post=708918"},{"taxonomy":"product_cat","embeddable":true,"href":"https:\/\/roveyayinevi.com.tr\/index.php\/wp-json\/wp\/v2\/product_cat?post=708918"},{"taxonomy":"product_tag","embeddable":true,"href":"https:\/\/roveyayinevi.com.tr\/index.php\/wp-json\/wp\/v2\/product_tag?post=708918"}],"curies":[{"name":"wp","href":"https:\/\/api.w.org\/{rel}","templated":true}]}}