{"id":708916,"date":"2025-08-27T16:19:41","date_gmt":"2025-08-27T13:19:41","guid":{"rendered":"https:\/\/roveyayinevi.com.tr\/index.php\/urun\/iste-monet\/"},"modified":"2026-04-16T02:17:36","modified_gmt":"2026-04-15T23:17:36","slug":"iste-monet","status":"publish","type":"product","link":"https:\/\/roveyayinevi.com.tr\/index.php\/urun\/iste-monet\/","title":{"rendered":"\u0130\u015fte Monet"},"content":{"rendered":"<p>Bacon, Caravaggio, C\u00e9zanne, Dal\u00ed, Gaudi, Gauguin, Goya,Kandinsky, Leonardo da Vinci, Magritte, Matisse, Monet, Pollock,Rembrandt, Van Gogh, Warhol, Frank Lloyd Wright. Farkl\u0131\u00fclkelerden, farkl\u0131 ak\u0131mlardan, sanat d\u00fcnyas\u0131nda iz b\u0131rakm\u0131\u015fon yedi sanat\u00e7\u0131. \u00d6d\u00fcll\u00fc \u00e7izerlerin kitaplara \u00f6zel \u00e7izdikleriill\u00fcstrasyonlarla her biri kendi ba\u015f\u0131na da bir sanat eseri aday\u0131olan on yedi kitap. hep kitap \u201c\u0130\u015fte\u201d dizisiyle sanatseverleri keyiflibir yolculu\u011fa \u00e7\u0131kar\u0131yor. Dizinin bu ayki kitaplar\u0131, \u0130\u015fte Matisse ve\u0130\u015fte Monet.Seksen alt\u0131 y\u0131ll\u0131k bir \u00f6m\u00fcr\u2026 Sanata dair bitmek t\u00fckenmek bilmeyenbir a\u015fk\u2026 \u00d6yle bir a\u015fk ki \u00f6l\u00fcm d\u00f6\u015fe\u011findeki e\u015finin y\u00fcz\u00fcnde bileyeni bir \u015feyler ke\u015ffedecekti. Orta ya\u015flar\u0131nda ba\u015far\u0131y\u0131 yakalamas\u0131nara\u011fmen asla tamam demeyen, g\u00fcne\u015fi daha iyi g\u00f6rebilmek i\u00e7inya\u015fad\u0131\u011f\u0131 yeri dahi de\u011fi\u015ftiren bir tutkun. Kulland\u0131\u011f\u0131 renkler ile ad\u0131n\u0131sonsuzlu\u011fa yazd\u0131ran, a\u00e7\u0131k art\u0131rmalarda eserlerine seksen milyondolar paha bi\u00e7ilen, ancak insanl\u0131\u011fa b\u0131rakt\u0131\u011f\u0131 ize hi\u00e7bir rakam\u0131n k\u00e2figelmeyece\u011fi bir efsane: \u0130\u015fte Monet.Sanat tarih\u00e7isi Sara Pappworth\u2019un usta kalemiyle Aude Van Ryn\u2019inbu kitaba \u00f6zel \u00e7izimleri birle\u015ferek bizi Monet\u2019nin b\u00fcy\u00fcleyici renklerinini\u00e7ine davet ediyor. <\/p>\n","protected":false},"excerpt":{"rendered":"<p>Bacon, Caravaggio, C\u00e9zanne, Dal\u00ed, Gaudi, Gauguin, Goya,Kandinsky, Leonardo da Vinci, Magritte, Matisse, Monet, Pollock,Rembrandt, Van Gogh, Warhol, Frank Lloyd Wright. Farkl\u0131\u00fclkelerden, farkl\u0131 ak\u0131mlardan, sanat d\u00fcnyas\u0131nda iz<span class=\"excerpt-hellip\"> [\u2026]<\/span><\/p>\n","protected":false},"featured_media":0,"template":"","meta":{"_monsterinsights_skip_tracking":false,"_monsterinsights_sitenote_active":false,"_monsterinsights_sitenote_note":"","_monsterinsights_sitenote_category":0},"product_brand":[],"product_cat":[40414,12408],"product_tag":[],"class_list":{"0":"post-708916","1":"product","2":"type-product","3":"status-publish","5":"product_cat-referans-kitaplar-sanat","6":"product_cat-sanat","7":"pa_cilt-ciltsiz","8":"pa_tur-kitap","9":"pa_yayinevi-hep-kitap","10":"pa_yazar-sara-pappworth","12":"first","13":"instock","14":"sale","15":"shipping-taxable","16":"purchasable","17":"product-type-simple"},"_links":{"self":[{"href":"https:\/\/roveyayinevi.com.tr\/index.php\/wp-json\/wp\/v2\/product\/708916","targetHints":{"allow":["GET"]}}],"collection":[{"href":"https:\/\/roveyayinevi.com.tr\/index.php\/wp-json\/wp\/v2\/product"}],"about":[{"href":"https:\/\/roveyayinevi.com.tr\/index.php\/wp-json\/wp\/v2\/types\/product"}],"wp:attachment":[{"href":"https:\/\/roveyayinevi.com.tr\/index.php\/wp-json\/wp\/v2\/media?parent=708916"}],"wp:term":[{"taxonomy":"product_brand","embeddable":true,"href":"https:\/\/roveyayinevi.com.tr\/index.php\/wp-json\/wp\/v2\/product_brand?post=708916"},{"taxonomy":"product_cat","embeddable":true,"href":"https:\/\/roveyayinevi.com.tr\/index.php\/wp-json\/wp\/v2\/product_cat?post=708916"},{"taxonomy":"product_tag","embeddable":true,"href":"https:\/\/roveyayinevi.com.tr\/index.php\/wp-json\/wp\/v2\/product_tag?post=708916"}],"curies":[{"name":"wp","href":"https:\/\/api.w.org\/{rel}","templated":true}]}}