{"id":708915,"date":"2025-08-27T16:19:40","date_gmt":"2025-08-27T13:19:40","guid":{"rendered":"https:\/\/roveyayinevi.com.tr\/index.php\/urun\/iste-matisse\/"},"modified":"2026-04-16T02:17:36","modified_gmt":"2026-04-15T23:17:36","slug":"iste-matisse","status":"publish","type":"product","link":"https:\/\/roveyayinevi.com.tr\/index.php\/urun\/iste-matisse\/","title":{"rendered":"\u0130\u015fte Matisse"},"content":{"rendered":"<p>Bacon, Caravaggio, C\u00e9zanne, Dal\u00ed, Gaudi, Gauguin, Goya,Kandinsky, Leonardo da Vinci, Magritte, Matisse, Monet, Pollock,Rembrandt, Van Gogh, Warhol, Frank Lloyd Wright. Farkl\u0131\u00fclkelerden, farkl\u0131 ak\u0131mlardan, sanat d\u00fcnyas\u0131nda iz b\u0131rakm\u0131\u015fon yedi sanat\u00e7\u0131. \u00d6d\u00fcll\u00fc \u00e7izerlerin kitaplara \u00f6zel \u00e7izdikleriill\u00fcstrasyonlarla her biri kendi ba\u015f\u0131na da bir sanat eseri aday\u0131olan on yedi kitap. hep kitap \u201c\u0130\u015fte\u201d dizisiyle sanatseverleri keyiflibir yolculu\u011fa \u00e7\u0131kar\u0131yor. Dizinin bu ayki kitaplar\u0131, \u0130\u015fte Matisse ve\u0130\u015fte Monet.\u201c\u0130nsan\u0131 dinlendiren bir koltuk.\u201d O, sanat\u0131nda hedefledi\u011fi safl\u0131\u011f\u0131, s\u00fck\u00fbnetive dengeyi a\u00e7\u0131klamak i\u00e7in bu \u00f6rne\u011fi kullanm\u0131\u015ft\u0131. Belki de yaln\u0131zonun eserlerinde hem sanat\u0131 yaratan \u015fehveti hem de huzuru birarada bulabilir insan. Kimi zaman Tahiti\u2019de bir g\u00fcne\u015f \u0131\u015f\u0131\u011f\u0131, kimi zamanbir salyangozun m\u00fckemmelli\u011fidir bu, ancak her defas\u0131nda ya\u015famadair bir yo\u011funluk ile kar\u015f\u0131m\u0131zdad\u0131r. \u00c7\u0131plak dans eden fig\u00fcrleriyle,k\u00e2\u011f\u0131t kesikleriyle, havada s\u00fcz\u00fclen ku\u015flar\u0131yla etraf\u0131na enerji yayanbir adam. Hasta yata\u011f\u0131nda bile \u00e7al\u0131\u015fan, imgeleri bir araya getirmed\u00fcrt\u00fcs\u00fcne asla kar\u015f\u0131 koyamayan bir d\u00e2hi: \u0130\u015fte Matisse.Sanat tarih\u00e7isi Catherine Ingram ile \u00e7izer Agn\u00e8s Decourchelle\u2019inbu kitaba \u00f6zel ill\u00fcstrasyonlar\u0131, bizi Matisse\u2019in <\/p>\n","protected":false},"excerpt":{"rendered":"<p>Bacon, Caravaggio, C\u00e9zanne, Dal\u00ed, Gaudi, Gauguin, Goya,Kandinsky, Leonardo da Vinci, Magritte, Matisse, Monet, Pollock,Rembrandt, Van Gogh, Warhol, Frank Lloyd Wright. Farkl\u0131\u00fclkelerden, farkl\u0131 ak\u0131mlardan, sanat d\u00fcnyas\u0131nda iz<span class=\"excerpt-hellip\"> [\u2026]<\/span><\/p>\n","protected":false},"featured_media":0,"template":"","meta":{"_monsterinsights_skip_tracking":false,"_monsterinsights_sitenote_active":false,"_monsterinsights_sitenote_note":"","_monsterinsights_sitenote_category":0},"product_brand":[],"product_cat":[12291,12711],"product_tag":[],"class_list":{"0":"post-708915","1":"product","2":"type-product","3":"status-publish","5":"product_cat-edebiyat","6":"product_cat-roman-oyku","7":"pa_cilt-ciltsiz","8":"pa_tur-kitap","9":"pa_yayinevi-hep-kitap","10":"pa_yazar-catherine-ingram","12":"first","13":"instock","14":"sale","15":"shipping-taxable","16":"purchasable","17":"product-type-simple"},"_links":{"self":[{"href":"https:\/\/roveyayinevi.com.tr\/index.php\/wp-json\/wp\/v2\/product\/708915","targetHints":{"allow":["GET"]}}],"collection":[{"href":"https:\/\/roveyayinevi.com.tr\/index.php\/wp-json\/wp\/v2\/product"}],"about":[{"href":"https:\/\/roveyayinevi.com.tr\/index.php\/wp-json\/wp\/v2\/types\/product"}],"wp:attachment":[{"href":"https:\/\/roveyayinevi.com.tr\/index.php\/wp-json\/wp\/v2\/media?parent=708915"}],"wp:term":[{"taxonomy":"product_brand","embeddable":true,"href":"https:\/\/roveyayinevi.com.tr\/index.php\/wp-json\/wp\/v2\/product_brand?post=708915"},{"taxonomy":"product_cat","embeddable":true,"href":"https:\/\/roveyayinevi.com.tr\/index.php\/wp-json\/wp\/v2\/product_cat?post=708915"},{"taxonomy":"product_tag","embeddable":true,"href":"https:\/\/roveyayinevi.com.tr\/index.php\/wp-json\/wp\/v2\/product_tag?post=708915"}],"curies":[{"name":"wp","href":"https:\/\/api.w.org\/{rel}","templated":true}]}}