{"id":708914,"date":"2025-08-27T16:19:40","date_gmt":"2025-08-27T13:19:40","guid":{"rendered":"https:\/\/roveyayinevi.com.tr\/index.php\/urun\/dort-hukumdar\/"},"modified":"2026-04-12T02:20:43","modified_gmt":"2026-04-11T23:20:43","slug":"dort-hukumdar","status":"publish","type":"product","link":"https:\/\/roveyayinevi.com.tr\/index.php\/urun\/dort-hukumdar\/","title":{"rendered":"D\u00f6rt H\u00fck\u00fcmdar"},"content":{"rendered":"<p>Feodal Avrupa\u2019n\u0131n ulus devletlere ge\u00e7ti\u011fi, Do\u011fu\u2019da Osmanl\u0131\u2019n\u0131ng\u00fc\u00e7lendi\u011fi, \u0130spanya ve Portekiz\u2019in ke\u015fiflerle zenginle\u015fti\u011fi g\u00fcnlerded\u00f6rt h\u00fck\u00fcmdar&#8230; 1515-47 y\u0131llar\u0131 aras\u0131nda Fransa\u2019y\u0131 y\u00f6neten,Frans\u0131z R\u00f6nesans\u0131\u2019na katk\u0131s\u0131 ve Protestanlara kar\u015f\u0131 sertli\u011fiyle tan\u0131nanI. Fran\u00e7ois&#8230; Taht\u0131 \u00e7ok gen\u00e7 devralan, 1509-47 aras\u0131ndakiegemenli\u011finde yapt\u0131\u011f\u0131 sansasyonel evlilikler ve Anglikan Kilisesi\u2019ninkurulu\u015fuyla bilinen VIII. Henry&#8230; Tarihte ilk kez \u201c\u00fczerinde g\u00fcne\u015fbatmayan topraklar\u201d ifadesiyle an\u0131lan Kutsal Roma-Germen\u0130mparatorlu\u011fu\u2019na 1519-56 aras\u0131nda h\u00fckmeden, taht\u0131 kendi iste\u011fiyleb\u0131rakan V. Karl&#8230; Ve 1520-66 y\u0131llar\u0131 aras\u0131nda h\u00fck\u00fcm s\u00fcren,Avrupa\u2019n\u0131n \u201cMuhte\u015fem\u201d dedi\u011fi Sultan S\u00fcleyman&#8230;Wall Street Journal\u2019\u0131n en pop\u00fcler tarih\u00e7i olarak niteledi\u011fi John JuliusNorwich 16. y\u00fczy\u0131l\u0131n esasl\u0131 bir portresini \u00e7iziyor. D\u00f6rt h\u00fck\u00fcmdar\u0131nrenkli, dinamik ya\u015famlar\u0131 ve birbirleriyle kesi\u015fen yollar\u0131Norwich\u2019in usta kaleminde hayat buluyor.\u0130ngiliz k\u00f6kenli tarih\u00e7i John Julius Norwich 1929 y\u0131l\u0131nda do\u011fdu. AntikD\u00fcnyay\u0131 \u015eekillendiren Kentler ve \u00fc\u00e7 ciltlik Bizans adl\u0131 \u00e7al\u0131\u015fmalar\u0131T\u00fcrk\u00e7eye de \u00e7evrilen yazar, bir\u00e7ok dergi ve ansiklopediye dekatk\u0131da bulundu. <\/p>\n","protected":false},"excerpt":{"rendered":"<p>Feodal Avrupa\u2019n\u0131n ulus devletlere ge\u00e7ti\u011fi, Do\u011fu\u2019da Osmanl\u0131\u2019n\u0131ng\u00fc\u00e7lendi\u011fi, \u0130spanya ve Portekiz\u2019in ke\u015fiflerle zenginle\u015fti\u011fi g\u00fcnlerded\u00f6rt h\u00fck\u00fcmdar&#8230; 1515-47 y\u0131llar\u0131 aras\u0131nda Fransa\u2019y\u0131 y\u00f6neten,Frans\u0131z R\u00f6nesans\u0131\u2019na katk\u0131s\u0131 ve Protestanlara kar\u015f\u0131 sertli\u011fiyle tan\u0131nanI.<span class=\"excerpt-hellip\"> [\u2026]<\/span><\/p>\n","protected":false},"featured_media":0,"template":"","meta":{"_monsterinsights_skip_tracking":false,"_monsterinsights_sitenote_active":false,"_monsterinsights_sitenote_note":"","_monsterinsights_sitenote_category":0},"product_brand":[],"product_cat":[12291,12711],"product_tag":[],"class_list":{"0":"post-708914","1":"product","2":"type-product","3":"status-publish","5":"product_cat-edebiyat","6":"product_cat-roman-oyku","7":"pa_cilt-ciltsiz","8":"pa_tur-kitap","9":"pa_yayinevi-hep-kitap","10":"pa_yazar-john-julius-norwich","12":"first","13":"instock","14":"sale","15":"shipping-taxable","16":"purchasable","17":"product-type-simple"},"_links":{"self":[{"href":"https:\/\/roveyayinevi.com.tr\/index.php\/wp-json\/wp\/v2\/product\/708914","targetHints":{"allow":["GET"]}}],"collection":[{"href":"https:\/\/roveyayinevi.com.tr\/index.php\/wp-json\/wp\/v2\/product"}],"about":[{"href":"https:\/\/roveyayinevi.com.tr\/index.php\/wp-json\/wp\/v2\/types\/product"}],"wp:attachment":[{"href":"https:\/\/roveyayinevi.com.tr\/index.php\/wp-json\/wp\/v2\/media?parent=708914"}],"wp:term":[{"taxonomy":"product_brand","embeddable":true,"href":"https:\/\/roveyayinevi.com.tr\/index.php\/wp-json\/wp\/v2\/product_brand?post=708914"},{"taxonomy":"product_cat","embeddable":true,"href":"https:\/\/roveyayinevi.com.tr\/index.php\/wp-json\/wp\/v2\/product_cat?post=708914"},{"taxonomy":"product_tag","embeddable":true,"href":"https:\/\/roveyayinevi.com.tr\/index.php\/wp-json\/wp\/v2\/product_tag?post=708914"}],"curies":[{"name":"wp","href":"https:\/\/api.w.org\/{rel}","templated":true}]}}