{"id":708913,"date":"2025-08-27T16:19:40","date_gmt":"2025-08-27T13:19:40","guid":{"rendered":"https:\/\/roveyayinevi.com.tr\/index.php\/urun\/teknik-sermaye-medya\/"},"modified":"2026-04-16T02:17:36","modified_gmt":"2026-04-15T23:17:36","slug":"teknik-sermaye-medya","status":"publish","type":"product","link":"https:\/\/roveyayinevi.com.tr\/index.php\/urun\/teknik-sermaye-medya\/","title":{"rendered":"Teknik Sermaye Medya"},"content":{"rendered":"<p>Trawny\u2019nin kitab\u0131 \u00e7ok say\u0131da felsefi kavram sunan, al\u0131\u015f\u0131lmad\u0131k bir terminolojiye sahip dikkat \u00e7ekici ve bir o kadar da ufuk a\u00e7\u0131c\u0131 bir kitap. Bu \u00e7al\u0131\u015fmada \u00e7a\u011f\u0131n ileti\u015fim ara\u00e7lar\u0131, sermaye hareketleri, teknik geli\u015fmeleri sorunsalla\u015ft\u0131r\u0131l\u0131yor. Buna g\u00f6re, i\u00e7inde ya\u015fad\u0131\u011f\u0131m\u0131z ba\u015f d\u00f6nd\u00fcr\u00fcc\u00fc geli\u015fmelerden hareketle teknik, sermaye ve medya kavramlar\u0131n\u0131 yeniden de\u011ferlendirmek zorunday\u0131z. \u0130nsan\u0131n kaybetti\u011fi \u00f6zg\u00fcrl\u00fc\u011f\u00fcn\u00fc, hem bedensel hem de ruhsal etkinliklerini yeniden kazanmas\u0131 art\u0131k elzem hale gelmi\u015ftir. Kaybedilmi\u015f de\u011ferleri tekrar kazanmak i\u00e7in de kesinlikle felsefeye ihtiya\u00e7 vard\u0131r \u00e7\u00fcnk\u00fc \u00f6zg\u00fcrl\u00fc\u011f\u00fc d\u00fc\u015f\u00fcnebilme, onu ya\u015fayabilme olas\u0131l\u0131\u011f\u0131 ancak felsefenin ve di\u011fer sosyal bilimlerin bah\u015fetti\u011fi zihni bir berrakl\u0131kla, disiplinler aras\u0131ndaki sorunsuz bir al\u0131\u015fveri\u015fle m\u00fcmk\u00fcnd\u00fcr. Trawny\u2019e g\u00f6re \u00f6ylesi bir \u00e7a\u011fd\u0131r ki bu, gelecek dahi adeta ipotek alt\u0131na al\u0131nm\u0131\u015ft\u0131r; neyin ne zaman olaca\u011f\u0131 \u00f6nceden belirlenmi\u015f, insana g\u00fcndelik hayat\u0131n rutininden ba\u015fka bir se\u00e7enek b\u0131rak\u0131lmam\u0131\u015ft\u0131r. Ger\u00e7ekli\u011fi sadece kabullenmek de\u011fil, onu anlamak i\u00e7in de mevcut d\u00fc\u015f\u00fcnsel kavramlar\u0131n yeniden tart\u0131\u015f\u0131lmas\u0131 gerek. Trawny teknik, sermaye ve medya taraf\u0131ndan durmaks\u0131z\u0131n yeniden \u00fcretilen ger\u00e7eklik mefhumuna k\u0131\u015fk\u0131rt\u0131c\u0131 sorular sorarak yakla\u015f\u0131rken, bu cendereden \u00e7\u0131k\u0131\u015f yollar\u0131na da i\u015faret etmeye \u00e7al\u0131\u015f\u0131yor, ihtiyatla ve sakince&#8230; <\/p>\n","protected":false},"excerpt":{"rendered":"<p>Trawny\u2019nin kitab\u0131 \u00e7ok say\u0131da felsefi kavram sunan, al\u0131\u015f\u0131lmad\u0131k bir terminolojiye sahip dikkat \u00e7ekici ve bir o kadar da ufuk a\u00e7\u0131c\u0131 bir kitap. Bu \u00e7al\u0131\u015fmada \u00e7a\u011f\u0131n ileti\u015fim<span class=\"excerpt-hellip\"> [\u2026]<\/span><\/p>\n","protected":false},"featured_media":0,"template":"","meta":{"_monsterinsights_skip_tracking":false,"_monsterinsights_sitenote_active":false,"_monsterinsights_sitenote_note":"","_monsterinsights_sitenote_category":0},"product_brand":[],"product_cat":[17249,13043],"product_tag":[],"class_list":{"0":"post-708913","1":"product","2":"type-product","3":"status-publish","5":"product_cat-borsa-finans","6":"product_cat-ekonomi","7":"pa_cilt-ciltsiz","8":"pa_tur-kitap","9":"pa_yayinevi-ayrinti-yayinlari","10":"pa_yazar-peter-trawny","12":"first","13":"instock","14":"sale","15":"shipping-taxable","16":"purchasable","17":"product-type-simple"},"_links":{"self":[{"href":"https:\/\/roveyayinevi.com.tr\/index.php\/wp-json\/wp\/v2\/product\/708913","targetHints":{"allow":["GET"]}}],"collection":[{"href":"https:\/\/roveyayinevi.com.tr\/index.php\/wp-json\/wp\/v2\/product"}],"about":[{"href":"https:\/\/roveyayinevi.com.tr\/index.php\/wp-json\/wp\/v2\/types\/product"}],"wp:attachment":[{"href":"https:\/\/roveyayinevi.com.tr\/index.php\/wp-json\/wp\/v2\/media?parent=708913"}],"wp:term":[{"taxonomy":"product_brand","embeddable":true,"href":"https:\/\/roveyayinevi.com.tr\/index.php\/wp-json\/wp\/v2\/product_brand?post=708913"},{"taxonomy":"product_cat","embeddable":true,"href":"https:\/\/roveyayinevi.com.tr\/index.php\/wp-json\/wp\/v2\/product_cat?post=708913"},{"taxonomy":"product_tag","embeddable":true,"href":"https:\/\/roveyayinevi.com.tr\/index.php\/wp-json\/wp\/v2\/product_tag?post=708913"}],"curies":[{"name":"wp","href":"https:\/\/api.w.org\/{rel}","templated":true}]}}