{"id":708912,"date":"2025-08-27T16:19:39","date_gmt":"2025-08-27T13:19:39","guid":{"rendered":"https:\/\/roveyayinevi.com.tr\/index.php\/urun\/kahya-ve-klara\/"},"modified":"2026-04-16T02:17:36","modified_gmt":"2026-04-15T23:17:36","slug":"kahya-ve-klara","status":"publish","type":"product","link":"https:\/\/roveyayinevi.com.tr\/index.php\/urun\/kahya-ve-klara\/","title":{"rendered":"Kahya ve Klara"},"content":{"rendered":"<p>Time dergisi \u201cY\u0131l\u0131n En \u0130yi 10 Roman\u0131\u201d Se\u00e7kisinde Man Booker \u00d6d\u00fcl\u00fc Finalisti SISTERS KARDE\u015eLER\u2019in Yazar\u0131ndan          Kartpostallara lay\u0131k do\u011fas\u0131 ve insan azman\u0131 sert adamlar\u0131yla me\u015fhur Bury k\u00f6y\u00fcn\u00fcn c\u0131l\u0131z, m\u00fczmin yalanc\u0131 ve yaln\u0131z sakini Lucien Minor. Ba\u015ftan ba\u015flamas\u0131 gerek. \u00c7ok uzaklardan, h\u0131rs\u0131z\u0131ndan h\u0131rl\u0131s\u0131na envai \u00e7e\u015fit insan\u0131n ve g\u00fczeller g\u00fczeli Klara\u2019n\u0131n ya\u015fad\u0131\u011f\u0131 bir kasabaya tepeden bakan esrarengiz Von Aux \u015eatosu\u2019ndan gelen k\u00e2hyal\u0131k teklifini kabul ediyor. \u00c7ok ge\u00e7meden \u015fatonun \u2013efendisi Baron Von Aux\u2019un kay\u0131plarda olmas\u0131 dahil\u2013 pek \u00e7ok gizemi bar\u0131nd\u0131rd\u0131\u011f\u0131n\u0131 anlayacak ve kendini kibar h\u0131rs\u0131zlar, dengesiz aristokratlar ve so\u011fukkanl\u0131 cinayetlerle dolu bir maceran\u0131n i\u00e7inde bulacak. Kar\u015f\u0131n\u0131zda Sisters Karde\u015fler\u2019in yazar\u0131 Patrick deWitt\u2019in yeni harikas\u0131 K\u00e2hya ve Klara. Nasihatsiz bir masal, kapkara bir komedi ve belal\u0131 bir a\u015fk hik\u00e2yesi.     \u201cB\u00fcy\u00fck Budape\u015fte Oteli ve Alice Harikalar Diyar\u0131nda\u2019y\u0131 d\u00fc\u015f\u00fcn\u00fcn, kabaca do\u011fru yoldas\u0131n\u0131z. Yeti\u015fkinler i\u00e7in Kafkaesk bir peri masal\u0131&#8230; tuhaf bi\u00e7imde komik.\u201d TIMES *   \u201c\u2018G\u00fcl\u00fc\u015fmekten hi\u00e7 hazzetmem Lucy. Bana sorarsan, kahkaha insan v\u00fccudunun \u00e7\u0131karabildi\u011fi en baya\u011f\u0131 sestir\u2019 diyor ba\u015fk\u00e2hya. Kitab\u0131 okurken o baya\u011f\u0131 ve naho\u015f sesi pek \u00e7ok kez \u00e7\u0131kard\u0131m.\u201d <\/p>\n","protected":false},"excerpt":{"rendered":"<p>Time dergisi \u201cY\u0131l\u0131n En \u0130yi 10 Roman\u0131\u201d Se\u00e7kisinde Man Booker \u00d6d\u00fcl\u00fc Finalisti SISTERS KARDE\u015eLER\u2019in Yazar\u0131ndan Kartpostallara lay\u0131k do\u011fas\u0131 ve insan azman\u0131 sert adamlar\u0131yla me\u015fhur Bury k\u00f6y\u00fcn\u00fcn<span class=\"excerpt-hellip\"> [\u2026]<\/span><\/p>\n","protected":false},"featured_media":0,"template":"","meta":{"_monsterinsights_skip_tracking":false,"_monsterinsights_sitenote_active":false,"_monsterinsights_sitenote_note":"","_monsterinsights_sitenote_category":0},"product_brand":[],"product_cat":[12291,12711],"product_tag":[],"class_list":{"0":"post-708912","1":"product","2":"type-product","3":"status-publish","5":"product_cat-edebiyat","6":"product_cat-roman-oyku","7":"pa_cilt-ciltsiz","8":"pa_tur-kitap","9":"pa_yayinevi-domingo-yayinevi","10":"pa_yazar-patrick-dewitt","12":"first","13":"instock","14":"sale","15":"shipping-taxable","16":"purchasable","17":"product-type-simple"},"_links":{"self":[{"href":"https:\/\/roveyayinevi.com.tr\/index.php\/wp-json\/wp\/v2\/product\/708912","targetHints":{"allow":["GET"]}}],"collection":[{"href":"https:\/\/roveyayinevi.com.tr\/index.php\/wp-json\/wp\/v2\/product"}],"about":[{"href":"https:\/\/roveyayinevi.com.tr\/index.php\/wp-json\/wp\/v2\/types\/product"}],"wp:attachment":[{"href":"https:\/\/roveyayinevi.com.tr\/index.php\/wp-json\/wp\/v2\/media?parent=708912"}],"wp:term":[{"taxonomy":"product_brand","embeddable":true,"href":"https:\/\/roveyayinevi.com.tr\/index.php\/wp-json\/wp\/v2\/product_brand?post=708912"},{"taxonomy":"product_cat","embeddable":true,"href":"https:\/\/roveyayinevi.com.tr\/index.php\/wp-json\/wp\/v2\/product_cat?post=708912"},{"taxonomy":"product_tag","embeddable":true,"href":"https:\/\/roveyayinevi.com.tr\/index.php\/wp-json\/wp\/v2\/product_tag?post=708912"}],"curies":[{"name":"wp","href":"https:\/\/api.w.org\/{rel}","templated":true}]}}