{"id":708911,"date":"2025-08-27T16:19:38","date_gmt":"2025-08-27T13:19:38","guid":{"rendered":"https:\/\/roveyayinevi.com.tr\/index.php\/urun\/fesat\/"},"modified":"2026-04-16T02:17:36","modified_gmt":"2026-04-15T23:17:36","slug":"fesat","status":"publish","type":"product","link":"https:\/\/roveyayinevi.com.tr\/index.php\/urun\/fesat\/","title":{"rendered":"Fesat"},"content":{"rendered":"<p>Jean Paul Sartre, yak\u0131ndan tan\u0131d\u0131\u011f\u0131 ve sevdi\u011fi Nizan\u2019\u0131n bu \u00e7ok boyutlu roman\u0131 i\u00e7in yazd\u0131\u011f\u0131 uzun bir yaz\u0131da eseri ayr\u0131nt\u0131l\u0131 olarak incelemekte ve \u015f\u00f6yle demektedir: \u201cNas\u0131l Marx\u2019ta, \u00f6zellikle meta feti\u015fizmini \u00e7\u00f6z\u00fcmledi\u011fi ilgin\u00e7 b\u00f6l\u00fcmlerde, ekonomik kavramlar\u0131n bir fenomenolojisi varsa, onun gibi Nizan\u2019da da, hareket h\u00e2linde bir kavram olan gen\u00e7li\u011fin, toplumsal ve tarihsel verilerden kalkarak yap\u0131lm\u0131\u015f bir saptamas\u0131 ve betimlemesi vard\u0131r ki, o da bir fenomenolojidir. Kitab\u0131n\u0131n b\u00fcy\u00fck de\u011feri bu karma\u015f\u0131k tarih ve \u00e7\u00f6z\u00fcmleme pay\u0131n\u0131n varl\u0131\u011f\u0131ndan do\u011fuyor.\u201d   Fesat, 1905 do\u011fumlu yazar\u0131n, 1940 y\u0131l\u0131nda cephede \u00f6lmeden \u00f6nce kaleme ald\u0131\u011f\u0131 ve d\u00f6nemin gen\u00e7lik hareketinin erdemleri ile zaaflar\u0131n\u0131 anlatt\u0131\u011f\u0131 son yap\u0131t\u0131d\u0131r.   \u00c7at\u0131\u015fmalarla dolu bir d\u00fcnyan\u0131n ortas\u0131nda y\u00f6n\u00fcn\u00fc bulmaya ve zalimleri devirmeye niyetlenen farkl\u0131 s\u0131n\u0131fsal k\u00f6kenlerden bir grup \u00fcniversiteli gen\u00e7, toyluklar\u0131n\u0131 a\u015fabilmek, i\u015f\u00e7ilerin aras\u0131na kat\u0131labilmek, iktidar\u0131 ele ge\u00e7irebilmek i\u00e7in neler yapmal\u0131?   Gen\u00e7ler, devrimci bir sava\u015f\u0131m i\u00e7erisinde ger\u00e7ekten s\u0131n\u0131fsal k\u00f6kenlerini a\u015fabilir mi, yoksa \u201cgen\u00e7lik maceras\u0131\u201d herkesin kendi k\u00f6kenine d\u00f6nmesiyle mi sonu\u00e7lan\u0131r?   Nizan, Fesat\u2019ta, \u201cgrupla\u015fm\u0131\u015f, birtak\u0131m haklar\u0131 oldu\u011funa inanm\u0131\u015f\u201d gen\u00e7lerin, gittik\u00e7e yozla\u015fan bir burjuva toplumu i\u00e7inde nas\u0131l bir devrimci role aday olduklar\u0131n\u0131, \u015fa\u015f\u0131rt\u0131c\u0131 bir anlat\u0131m, vurucu bir betimleme g\u00fcc\u00fc, ancak \u00e7ok b\u00fcy\u00fck romanc\u0131larda rastlanan bir bile\u015fim yetene\u011fi ile anlat\u0131yor. <\/p>\n","protected":false},"excerpt":{"rendered":"<p>Jean Paul Sartre, yak\u0131ndan tan\u0131d\u0131\u011f\u0131 ve sevdi\u011fi Nizan\u2019\u0131n bu \u00e7ok boyutlu roman\u0131 i\u00e7in yazd\u0131\u011f\u0131 uzun bir yaz\u0131da eseri ayr\u0131nt\u0131l\u0131 olarak incelemekte ve \u015f\u00f6yle demektedir: \u201cNas\u0131l Marx\u2019ta,<span class=\"excerpt-hellip\"> [\u2026]<\/span><\/p>\n","protected":false},"featured_media":0,"template":"","meta":{"_monsterinsights_skip_tracking":false,"_monsterinsights_sitenote_active":false,"_monsterinsights_sitenote_note":"","_monsterinsights_sitenote_category":0},"product_brand":[],"product_cat":[12291,12711],"product_tag":[],"class_list":{"0":"post-708911","1":"product","2":"type-product","3":"status-publish","5":"product_cat-edebiyat","6":"product_cat-roman-oyku","7":"pa_cilt-ciltsiz","8":"pa_tur-kitap","9":"pa_yayinevi-yordam-kitap","10":"pa_yazar-paul-nizan","12":"first","13":"instock","14":"sale","15":"shipping-taxable","16":"purchasable","17":"product-type-simple"},"_links":{"self":[{"href":"https:\/\/roveyayinevi.com.tr\/index.php\/wp-json\/wp\/v2\/product\/708911","targetHints":{"allow":["GET"]}}],"collection":[{"href":"https:\/\/roveyayinevi.com.tr\/index.php\/wp-json\/wp\/v2\/product"}],"about":[{"href":"https:\/\/roveyayinevi.com.tr\/index.php\/wp-json\/wp\/v2\/types\/product"}],"wp:attachment":[{"href":"https:\/\/roveyayinevi.com.tr\/index.php\/wp-json\/wp\/v2\/media?parent=708911"}],"wp:term":[{"taxonomy":"product_brand","embeddable":true,"href":"https:\/\/roveyayinevi.com.tr\/index.php\/wp-json\/wp\/v2\/product_brand?post=708911"},{"taxonomy":"product_cat","embeddable":true,"href":"https:\/\/roveyayinevi.com.tr\/index.php\/wp-json\/wp\/v2\/product_cat?post=708911"},{"taxonomy":"product_tag","embeddable":true,"href":"https:\/\/roveyayinevi.com.tr\/index.php\/wp-json\/wp\/v2\/product_tag?post=708911"}],"curies":[{"name":"wp","href":"https:\/\/api.w.org\/{rel}","templated":true}]}}