{"id":708910,"date":"2025-08-27T16:19:38","date_gmt":"2025-08-27T13:19:38","guid":{"rendered":"https:\/\/roveyayinevi.com.tr\/index.php\/urun\/eksilinanin-hayret-verici-maceralari-3-evrenin-sonu-ciltli\/"},"modified":"2026-04-16T02:17:36","modified_gmt":"2026-04-15T23:17:36","slug":"eksilinanin-hayret-verici-maceralari-3-evrenin-sonu-ciltli","status":"publish","type":"product","link":"https:\/\/roveyayinevi.com.tr\/index.php\/urun\/eksilinanin-hayret-verici-maceralari-3-evrenin-sonu-ciltli\/","title":{"rendered":"Ek\u015filina&#8217;n\u0131n Hayret Verici Maceralar\u0131 3 &#8211; Evrenin Sonu (Ciltli)"},"content":{"rendered":"<p>Benim yolum burada sona eriyor, bunu de\u011fi\u015ftiremem. Senden beni sal\u0131vermeni istiyorum\u2026\u201dG\u00fcne\u015f\u2019in her ge\u00e7en g\u00fcn daha fazla kabar\u0131p bir g\u00fcn patlayaca\u011f\u0131 ve G\u00fcne\u015f sitemimizin kendi kendini yok edece\u011fi ve sonra da ya\u015fad\u0131\u011f\u0131m\u0131z evrenin birka\u00e7 milyar y\u0131l i\u00e7inde bir toplui\u011fne ba\u015f\u0131 kadar olana dek b\u00fcz\u00fc\u015fece\u011fi ger\u00e7e\u011fi kar\u015f\u0131s\u0131nda, Ek\u015filina\u2019n\u0131n sorunlar\u0131 biraz ufak kalabilir tabii. Ama yine de sorun sorundur. Hele ki 13 ya\u015f\u0131ndaki bir k\u0131z \u00e7ocu\u011fu i\u00e7in&#8230;Hayat denizine bal\u0131klama atlayan g\u00fc\u00e7l\u00fc dostumuz Ek\u015filina Schmitt, y\u0131k\u0131k d\u00f6k\u00fck krall\u0131\u011f\u0131n\u0131 yeniden kurma hayalleri ile \u00e7\u0131kt\u0131\u011f\u0131 yolda belki de hi\u00e7 ger\u00e7ekle\u015fmeyecek bir mucizenin pe\u015finde ko\u015fturup dururken nihayet evrenin sonuna yakla\u015f\u0131yor. Bir zamanlar\u0131n tahrip g\u00fcc\u00fc y\u00fcksek, acayip patlay\u0131c\u0131, \u00e7\u0131lg\u0131n k\u0131z\u0131n\u0131n ba\u015f\u0131ndaki dert, omuzlar\u0131ndaki y\u00fck ve zihnindeki kumkumalar onu hem b\u00fcy\u00fctm\u00fc\u015f hem de derinden sarsm\u0131\u015fa benziyor. Fakat neyse ki cesur ve hayat\u0131 dolu dolu ya\u015famay\u0131 bilen biri Ek\u015filina. \u00dcstelik onu sar\u0131p sarmalayacak \u00e7\u0131lg\u0131n bir ailesi, yeni do\u011fan ikiz karde\u015fleri (evet, yanl\u0131\u015f okumad\u0131n\u0131z!), can dostlar\u0131, iki kaplumba\u011fas\u0131 ve bir de k\u00f6pe\u011fi var. Evren ona sa\u011f g\u00f6sterip sol vursa da Ek\u015filina biliyor ki, hayat devam edecek&#8230;O zaman evrenin sonuna do\u011fru y\u00fcr\u00fcd\u00fckleri engebeli yolda Ek\u015filina\u2019n\u0131n yapabilece\u011fi tek \u015fey annesini i\u00e7ine \u00e7ekip, onu ve ona ait t\u00fcm par\u00e7alar\u0131 muhafaza etmek.\u00d6d\u00fcll\u00fc gen\u00e7 Alman yazar Finn-Ole Heinrich\u2019in, \u00e7a\u011fda\u015f d\u00fcnya edebiyat\u0131na kazand\u0131rd\u0131\u011f\u0131 bu e\u011flenceli ve duygu y\u00fckl\u00fc serinin son halkas\u0131nda, Ek\u015filina hayat\u0131n ac\u0131mas\u0131z ger\u00e7eklerine \u00e7al\u0131m atarak umuda sar\u0131lmay\u0131 \u00f6\u011freniyor. R\u00e1n Flygenring&#8217;in stilize edilmi\u015f \u00e7izimleri, yazar\u0131n \u00f6zg\u00fcn hik\u00e2yesi, mizah yetene\u011fi ve g\u00fc\u00e7l\u00fc kurgusuyla b\u00fct\u00fcnle\u015ferek okurlar\u0131n g\u00f6z\u00fcnde turuncu bir d\u00fcnya resmediyor.\u00c7ocuklar\u0131n yan\u0131 s\u0131ra yeti\u015fkin okurlar taraf\u0131ndan da ilgiyle okunabilecek \u201cEk\u015filina\u2019n\u0131n Hayret Verici Maceralar\u0131\u201d, \u00fczerinde durdu\u011fu temalar, s\u0131ra d\u0131\u015f\u0131 karakter tiplemeleri, ilham verici hik\u00e2yesiyle de\u011fi\u015fik okuma perspektifleri sunuyor. Ad\u0131na yara\u015f\u0131r d\u00fczeyde, e\u015fsiz benzersiz, al\u0131\u015f\u0131lmad\u0131k derecede \u00e7arp\u0131c\u0131, s\u0131n\u0131rs\u0131z mucizevi bir d\u00fcnyan\u0131n kap\u0131lar\u0131n\u0131 aralayan Ek\u015filina, hayatta ne olursa olsun cesaretimizi ve umudumuzu asla yitirmememiz gerekti\u011fini an\u0131msat\u0131yor. <\/p>\n","protected":false},"excerpt":{"rendered":"<p>Benim yolum burada sona eriyor, bunu de\u011fi\u015ftiremem. Senden beni sal\u0131vermeni istiyorum\u2026\u201dG\u00fcne\u015f\u2019in her ge\u00e7en g\u00fcn daha fazla kabar\u0131p bir g\u00fcn patlayaca\u011f\u0131 ve G\u00fcne\u015f sitemimizin kendi kendini yok<span class=\"excerpt-hellip\"> [\u2026]<\/span><\/p>\n","protected":false},"featured_media":0,"template":"","meta":{"_monsterinsights_skip_tracking":false,"_monsterinsights_sitenote_active":false,"_monsterinsights_sitenote_note":"","_monsterinsights_sitenote_category":0},"product_brand":[],"product_cat":[12275,12274],"product_tag":[],"class_list":{"0":"post-708910","1":"product","2":"type-product","3":"status-publish","5":"product_cat-6-12-yas-kitaplari","6":"product_cat-cocuk-ve-genclik-kitaplari","7":"pa_cilt-ciltli","8":"pa_tur-kitap","9":"pa_yayinevi-tudem-yayinlari","10":"pa_yazar-finn-ole-heinrich","11":"pa_yazar-ran-flygenring","13":"first","14":"instock","15":"sale","16":"shipping-taxable","17":"purchasable","18":"product-type-simple"},"_links":{"self":[{"href":"https:\/\/roveyayinevi.com.tr\/index.php\/wp-json\/wp\/v2\/product\/708910","targetHints":{"allow":["GET"]}}],"collection":[{"href":"https:\/\/roveyayinevi.com.tr\/index.php\/wp-json\/wp\/v2\/product"}],"about":[{"href":"https:\/\/roveyayinevi.com.tr\/index.php\/wp-json\/wp\/v2\/types\/product"}],"wp:attachment":[{"href":"https:\/\/roveyayinevi.com.tr\/index.php\/wp-json\/wp\/v2\/media?parent=708910"}],"wp:term":[{"taxonomy":"product_brand","embeddable":true,"href":"https:\/\/roveyayinevi.com.tr\/index.php\/wp-json\/wp\/v2\/product_brand?post=708910"},{"taxonomy":"product_cat","embeddable":true,"href":"https:\/\/roveyayinevi.com.tr\/index.php\/wp-json\/wp\/v2\/product_cat?post=708910"},{"taxonomy":"product_tag","embeddable":true,"href":"https:\/\/roveyayinevi.com.tr\/index.php\/wp-json\/wp\/v2\/product_tag?post=708910"}],"curies":[{"name":"wp","href":"https:\/\/api.w.org\/{rel}","templated":true}]}}