{"id":708909,"date":"2025-08-27T16:19:37","date_gmt":"2025-08-27T13:19:37","guid":{"rendered":"https:\/\/roveyayinevi.com.tr\/index.php\/urun\/kusursuz-evcil-ciltli\/"},"modified":"2026-04-16T02:17:36","modified_gmt":"2026-04-15T23:17:36","slug":"kusursuz-evcil-ciltli","status":"publish","type":"product","link":"https:\/\/roveyayinevi.com.tr\/index.php\/urun\/kusursuz-evcil-ciltli\/","title":{"rendered":"Kusursuz Evcil (Ciltli)"},"content":{"rendered":"<p>\u201c Kusursuz olman\u0131n bir bedeli vard\u0131r&#8230;\u201d \u0130nsanlar\u0131n genetiklerinin de\u011fi\u015ftirilip \u201cevcil\u201d olarak sat\u0131lmalar\u0131na izin veren yasa \u00e7\u0131kar \u00e7\u0131kmaz, varl\u0131kl\u0131 ve g\u00fc\u00e7l\u00fc aileler Ella gibi g\u00fczel k\u0131zlar\u0131 sat\u0131n almak i\u00e7in harekete ge\u00e7mi\u015fti. Do\u011fumundan itibaren zarif, a\u011f\u0131rba\u015fl\u0131 ve her \u015feyin \u00f6tesinde \u201ckusursuz\u201d olmak \u00fczere e\u011fitilen bu \u201caile dostlar\u0131\u201d sahiplerinin evlerine l\u00fcks bir hayat ya\u015famaya haz\u0131r olarak giriyorlard\u0131. Ella, bir milletvekilinin k\u00fc\u00e7\u00fck k\u0131z\u0131n\u0131n arkada\u015f\u0131 olarak geldi\u011fi yeni evinde, yak\u0131\u015f\u0131kl\u0131 ve asi Penn ile kar\u015f\u0131la\u015fmay\u0131 beklemiyordu. Penn, kusursuz g\u00f6r\u00fcn\u00fcm\u00fcn\u00fcn alt\u0131nda yatan k\u0131z\u0131 g\u00f6rebilen tek ki\u015fiydi. Ona \u00e2\u015f\u0131k olmak, Ella\u2019n\u0131n bildi\u011fi her kural\u0131\u00e7i\u011fnemesi anlam\u0131na geliyordu. \u201cKusursuz Evcil\u201d insan olman\u0131n anlam\u0131na \u00fcrperticibir bak\u0131\u015f, a\u015fk\u0131n g\u00f6z kama\u015ft\u0131r\u0131c\u0131 g\u00fcc\u00fcn\u00fcn bizi nas\u0131l \u00f6zg\u00fcr b\u0131rakabilece\u011finin \u015fa\u015f\u0131rt\u0131c\u0131 bir hik\u00e2yesi&#8230; <\/p>\n","protected":false},"excerpt":{"rendered":"<p>\u201c Kusursuz olman\u0131n bir bedeli vard\u0131r&#8230;\u201d \u0130nsanlar\u0131n genetiklerinin de\u011fi\u015ftirilip \u201cevcil\u201d olarak sat\u0131lmalar\u0131na izin veren yasa \u00e7\u0131kar \u00e7\u0131kmaz, varl\u0131kl\u0131 ve g\u00fc\u00e7l\u00fc aileler Ella gibi g\u00fczel k\u0131zlar\u0131 sat\u0131n<span class=\"excerpt-hellip\"> [\u2026]<\/span><\/p>\n","protected":false},"featured_media":0,"template":"","meta":{"_monsterinsights_skip_tracking":false,"_monsterinsights_sitenote_active":false,"_monsterinsights_sitenote_note":"","_monsterinsights_sitenote_category":0},"product_brand":[],"product_cat":[12291,12711],"product_tag":[],"class_list":{"0":"post-708909","1":"product","2":"type-product","3":"status-publish","5":"product_cat-edebiyat","6":"product_cat-roman-oyku","7":"pa_cilt-ciltli","8":"pa_tur-kitap","9":"pa_yayinevi-misis-kitap","10":"pa_yazar-komisyon","12":"first","13":"instock","14":"sale","15":"shipping-taxable","16":"purchasable","17":"product-type-simple"},"_links":{"self":[{"href":"https:\/\/roveyayinevi.com.tr\/index.php\/wp-json\/wp\/v2\/product\/708909","targetHints":{"allow":["GET"]}}],"collection":[{"href":"https:\/\/roveyayinevi.com.tr\/index.php\/wp-json\/wp\/v2\/product"}],"about":[{"href":"https:\/\/roveyayinevi.com.tr\/index.php\/wp-json\/wp\/v2\/types\/product"}],"wp:attachment":[{"href":"https:\/\/roveyayinevi.com.tr\/index.php\/wp-json\/wp\/v2\/media?parent=708909"}],"wp:term":[{"taxonomy":"product_brand","embeddable":true,"href":"https:\/\/roveyayinevi.com.tr\/index.php\/wp-json\/wp\/v2\/product_brand?post=708909"},{"taxonomy":"product_cat","embeddable":true,"href":"https:\/\/roveyayinevi.com.tr\/index.php\/wp-json\/wp\/v2\/product_cat?post=708909"},{"taxonomy":"product_tag","embeddable":true,"href":"https:\/\/roveyayinevi.com.tr\/index.php\/wp-json\/wp\/v2\/product_tag?post=708909"}],"curies":[{"name":"wp","href":"https:\/\/api.w.org\/{rel}","templated":true}]}}