{"id":708908,"date":"2025-08-27T16:19:37","date_gmt":"2025-08-27T13:19:37","guid":{"rendered":"https:\/\/roveyayinevi.com.tr\/index.php\/urun\/kepler-62-davetiye\/"},"modified":"2026-04-16T02:17:36","modified_gmt":"2026-04-15T23:17:36","slug":"kepler-62-davetiye","status":"publish","type":"product","link":"https:\/\/roveyayinevi.com.tr\/index.php\/urun\/kepler-62-davetiye\/","title":{"rendered":"Kepler 62 &#8211; Davetiye"},"content":{"rendered":"<p>KEPLER62 \u0130LE YEPYEN\u0130 B\u0130R UZAY MACERASI BA\u015eLIYOR! Ari ve erkek karde\u015fi Joni, pop\u00fcler video oyunu Kepler62\u2019nin pe\u015finde. Bir s\u00f6ylentiye g\u00f6re, bu a\u015f\u0131r\u0131 zor oyunun b\u00fct\u00fcn b\u00f6l\u00fcmlerini tamamlayabilen \u00e7ocuklar uzaya giderek, ya\u015fam\u0131 desteklemesi olas\u0131 bir gezegeni ara\u015ft\u0131rmaya hak kazan\u0131yor. Peki bu s\u00f6ylenti ger\u00e7ek mi? Yoksa Kepler62 yaln\u0131zca bir oyundan m\u0131 ibaret? Peki ya D\u00fcnya H\u00fck\u00fcmeti\u2019nin tamamen ba\u015fka planlar\u0131 varsa?     Hik\u00e2yenin bir par\u00e7as\u0131 olun ve bu heyecanl\u0131 maceraya siz de kat\u0131l\u0131n! <\/p>\n","protected":false},"excerpt":{"rendered":"<p>KEPLER62 \u0130LE YEPYEN\u0130 B\u0130R UZAY MACERASI BA\u015eLIYOR! Ari ve erkek karde\u015fi Joni, pop\u00fcler video oyunu Kepler62\u2019nin pe\u015finde. Bir s\u00f6ylentiye g\u00f6re, bu a\u015f\u0131r\u0131 zor oyunun b\u00fct\u00fcn b\u00f6l\u00fcmlerini<span class=\"excerpt-hellip\"> [\u2026]<\/span><\/p>\n","protected":false},"featured_media":0,"template":"","meta":{"_monsterinsights_skip_tracking":false,"_monsterinsights_sitenote_active":false,"_monsterinsights_sitenote_note":"","_monsterinsights_sitenote_category":0},"product_brand":[],"product_cat":[12689,12274],"product_tag":[],"class_list":{"0":"post-708908","1":"product","2":"type-product","3":"status-publish","5":"product_cat-cizgi-roman-cocuk-ve-genclik-kitaplari","6":"product_cat-cocuk-ve-genclik-kitaplari","7":"pa_cilt-ciltsiz","8":"pa_tur-kitap","9":"pa_yayinevi-can-cocuk-yayinlari","10":"pa_yazar-bjorn-sortland-timo-parvela","12":"first","13":"instock","14":"sale","15":"shipping-taxable","16":"purchasable","17":"product-type-simple"},"_links":{"self":[{"href":"https:\/\/roveyayinevi.com.tr\/index.php\/wp-json\/wp\/v2\/product\/708908","targetHints":{"allow":["GET"]}}],"collection":[{"href":"https:\/\/roveyayinevi.com.tr\/index.php\/wp-json\/wp\/v2\/product"}],"about":[{"href":"https:\/\/roveyayinevi.com.tr\/index.php\/wp-json\/wp\/v2\/types\/product"}],"wp:attachment":[{"href":"https:\/\/roveyayinevi.com.tr\/index.php\/wp-json\/wp\/v2\/media?parent=708908"}],"wp:term":[{"taxonomy":"product_brand","embeddable":true,"href":"https:\/\/roveyayinevi.com.tr\/index.php\/wp-json\/wp\/v2\/product_brand?post=708908"},{"taxonomy":"product_cat","embeddable":true,"href":"https:\/\/roveyayinevi.com.tr\/index.php\/wp-json\/wp\/v2\/product_cat?post=708908"},{"taxonomy":"product_tag","embeddable":true,"href":"https:\/\/roveyayinevi.com.tr\/index.php\/wp-json\/wp\/v2\/product_tag?post=708908"}],"curies":[{"name":"wp","href":"https:\/\/api.w.org\/{rel}","templated":true}]}}