{"id":708904,"date":"2025-08-27T16:19:35","date_gmt":"2025-08-27T13:19:35","guid":{"rendered":"https:\/\/roveyayinevi.com.tr\/index.php\/urun\/esrarengiz-kelimeler\/"},"modified":"2026-04-16T02:17:36","modified_gmt":"2026-04-15T23:17:36","slug":"esrarengiz-kelimeler","status":"publish","type":"product","link":"https:\/\/roveyayinevi.com.tr\/index.php\/urun\/esrarengiz-kelimeler\/","title":{"rendered":"Esrarengiz Kelimeler"},"content":{"rendered":"<p>Esrarengiz kelimelerin s\u0131rr\u0131n\u0131 \u00e7\u00f6zd\u00fc\u011f\u00fcnde hayat\u0131n\u0131n sonsuza dek de\u011fi\u015fece\u011fini bilmiyordu&#8230;Bir tesad\u00fcf sonucu, kitaplarla aras\u0131 hi\u00e7 de iyi olmayan Mert&#8217;in eline eski bir kitap ge\u00e7er. Kitab\u0131n ne ad\u0131 ne de yazar\u0131 bellidir. Sayfalar\u0131n\u0131n aras\u0131nda bir de tiyatro bileti vard\u0131r. Bunun \u00fczerine Mert kitab\u0131n ve biletin, kaybeden ki\u015fi i\u00e7in \u00f6nemli oldu\u011funu d\u00fc\u015f\u00fcnerek sahibini aramaya karar verir.Bu s\u0131rada kitaptan sanki canl\u0131 bir varl\u0131km\u0131\u015f gibi s\u00f6z eden \u0130dil&#8217;le tan\u0131\u015f\u0131r ve birlikte kitab\u0131 incelemeye ba\u015flarlar. Kitab\u0131 okuduk\u00e7a ise kimi tuhafliklarla kar\u015f\u0131la\u015f\u0131rlar. \u00c7\u00f6z\u00fclmeyi bekleyen bilmeceler, \u015fifreli notlar ve ipu\u00e7lar\u0131 art arda gelmektedir. Mert zaman ge\u00e7tik\u00e7e kitab\u0131n s\u0131rlarla dolu oldu\u011funu d\u00fc\u015f\u00fcn\u00fcr. \u00dcstelik b\u00f6yle d\u00fc\u015f\u00fcnen yaln\u0131zca kendisi de\u011fildir. \u0130dil&#8217;in ba\u015f belas\u0131 kuzini Mert&#8217;in s\u0131n\u0131f arkada\u015f\u0131 sinir bozucu Sarp&#8217;\u0131n da aralanna kat\u0131lmas\u0131yla heyecan dolu ve ilgin\u00e7 olaylar birbirini izlemeye ba\u015flar.Mert bir yandan kitaptaki bilmecelerin ve ipu\u00e7lar\u0131n\u0131n bitmesini istemezken, di\u011fer yandan da son sayfaya yakla\u015ft\u0131k\u00e7a kendilerini neyin bekledi\u011fini ve sonunda ne olaca\u011f\u0131n\u0131 merak etmektedir.Acaba esrarengiz kitap onlar\u0131 kime ya da neye g\u00f6t\u00fcrecektir?<\/p>\n","protected":false},"excerpt":{"rendered":"<p>Esrarengiz kelimelerin s\u0131rr\u0131n\u0131 \u00e7\u00f6zd\u00fc\u011f\u00fcnde hayat\u0131n\u0131n sonsuza dek de\u011fi\u015fece\u011fini bilmiyordu&#8230;Bir tesad\u00fcf sonucu, kitaplarla aras\u0131 hi\u00e7 de iyi olmayan Mert&#8217;in eline eski bir kitap ge\u00e7er. Kitab\u0131n ne ad\u0131<span class=\"excerpt-hellip\"> [\u2026]<\/span><\/p>\n","protected":false},"featured_media":0,"template":"","meta":{"_monsterinsights_skip_tracking":false,"_monsterinsights_sitenote_active":false,"_monsterinsights_sitenote_note":"","_monsterinsights_sitenote_category":0},"product_brand":[],"product_cat":[12291,12711],"product_tag":[],"class_list":{"0":"post-708904","1":"product","2":"type-product","3":"status-publish","5":"product_cat-edebiyat","6":"product_cat-roman-oyku","7":"pa_cilt-ciltli","8":"pa_tur-kitap","9":"pa_yayinevi-altin-kitaplar-ozel-urun","10":"pa_yazar-almila-aydin","12":"first","13":"instock","14":"sale","15":"shipping-taxable","16":"purchasable","17":"product-type-simple"},"_links":{"self":[{"href":"https:\/\/roveyayinevi.com.tr\/index.php\/wp-json\/wp\/v2\/product\/708904","targetHints":{"allow":["GET"]}}],"collection":[{"href":"https:\/\/roveyayinevi.com.tr\/index.php\/wp-json\/wp\/v2\/product"}],"about":[{"href":"https:\/\/roveyayinevi.com.tr\/index.php\/wp-json\/wp\/v2\/types\/product"}],"wp:attachment":[{"href":"https:\/\/roveyayinevi.com.tr\/index.php\/wp-json\/wp\/v2\/media?parent=708904"}],"wp:term":[{"taxonomy":"product_brand","embeddable":true,"href":"https:\/\/roveyayinevi.com.tr\/index.php\/wp-json\/wp\/v2\/product_brand?post=708904"},{"taxonomy":"product_cat","embeddable":true,"href":"https:\/\/roveyayinevi.com.tr\/index.php\/wp-json\/wp\/v2\/product_cat?post=708904"},{"taxonomy":"product_tag","embeddable":true,"href":"https:\/\/roveyayinevi.com.tr\/index.php\/wp-json\/wp\/v2\/product_tag?post=708904"}],"curies":[{"name":"wp","href":"https:\/\/api.w.org\/{rel}","templated":true}]}}