{"id":708903,"date":"2025-08-27T16:19:34","date_gmt":"2025-08-27T13:19:34","guid":{"rendered":"https:\/\/roveyayinevi.com.tr\/index.php\/urun\/kareli-oykuler\/"},"modified":"2026-04-16T02:17:36","modified_gmt":"2026-04-15T23:17:36","slug":"kareli-oykuler","status":"publish","type":"product","link":"https:\/\/roveyayinevi.com.tr\/index.php\/urun\/kareli-oykuler\/","title":{"rendered":"Kareli \u00d6yk\u00fcler"},"content":{"rendered":"<p>Yazar Tolga G\u00fcm\u00fc\u015fay, d\u00f6rt y\u0131l boyunca k\u0131r\u0131lgan anlar\u0131, kendi halinde insanlar\u0131 ve onlar\u0131n g\u00fcndelik hayatlar\u0131na dair b\u00fcy\u00fcleyici ayr\u0131nt\u0131lar\u0131 foto\u011fraf karelerine s\u0131\u011fd\u0131rd\u0131.Sonra o foto\u011fraflar\u0131 kar\u015f\u0131s\u0131na koyarak \u00f6yk\u00fcler yazd\u0131.Emin\u00f6n\u00fc\u2019nde bir han\u0131n tarihi duvarlar\u0131n\u0131 g\u00f6n\u00fcl galerisine d\u00f6n\u00fc\u015ft\u00fcren \u00e7ayc\u0131, Karak\u00f6y\u2019\u00fcn karanl\u0131k arka sokaklar\u0131nda rastlad\u0131\u011f\u0131 ressama modellik yapan esrarengiz adam, Prag\u2019da Vltava Nehri\u2019nin k\u0131y\u0131s\u0131nda ne kucakla\u015fabilen ne de ayr\u0131labilen sevgililer, Be\u015fikta\u015f\u2019ta bir meyhanede Cici Bey\u2019in g\u00f6zlerinin i\u00e7ine bakarak \u201cSev beni!\u201d diye hayk\u0131ran plaza kad\u0131n\u0131, Fransa\u2019n\u0131n g\u00fcneyinde bir plaj saldalyesinde dinlenirken beyaz giysili bir adamdan \u00f6l\u00fcm daveti alan m\u00f6sy\u00f6, asl\u0131nda zarif biri oldu\u011funu \u00e7ocuklarla k\u00f6peklerden ba\u015fka kimsenin bilmedi\u011fi mezarc\u0131&#8230; \u00d6nce foto\u011fraf kareleri ile kar\u015f\u0131m\u0131za \u00e7\u0131k\u0131yor, sonra da \u00e7arp\u0131c\u0131 \u00f6yk\u00fcleri ileokurun ruhunda derin izler b\u0131rak\u0131yor.Kareli \u00d6yk\u00fcler, g\u00f6lgede kalm\u0131\u015f karakterleri, sokaklar\u0131, nesneleri incelikle g\u00fcn y\u00fcz\u00fcne \u00e7\u0131kar\u0131yor. Foto\u011fraf\u0131n ger\u00e7ekli\u011fiyle edebiyat\u0131n olas\u0131l\u0131klar\u0131n\u0131 i\u00e7 i\u00e7e ge\u00e7irerekmodern zamanda insan olman\u0131n t\u00fcrl\u00fc hallerini ortaya koyuyor. S\u0131radan bir ya\u015fam karesini bile mutlaka bizim duygular\u0131m\u0131z\u0131 harekete ge\u00e7irecek ve bize g\u00fcndelik ya\u015fam\u0131n harikal\u0131\u011f\u0131n\u0131 hat\u0131rlatacak bir \u00f6yk\u00fcye d\u00f6n\u00fc\u015ft\u00fcr\u00fcyor. <\/p>\n","protected":false},"excerpt":{"rendered":"<p>Yazar Tolga G\u00fcm\u00fc\u015fay, d\u00f6rt y\u0131l boyunca k\u0131r\u0131lgan anlar\u0131, kendi halinde insanlar\u0131 ve onlar\u0131n g\u00fcndelik hayatlar\u0131na dair b\u00fcy\u00fcleyici ayr\u0131nt\u0131lar\u0131 foto\u011fraf karelerine s\u0131\u011fd\u0131rd\u0131.Sonra o foto\u011fraflar\u0131 kar\u015f\u0131s\u0131na koyarak \u00f6yk\u00fcler<span class=\"excerpt-hellip\"> [\u2026]<\/span><\/p>\n","protected":false},"featured_media":0,"template":"","meta":{"_monsterinsights_skip_tracking":false,"_monsterinsights_sitenote_active":false,"_monsterinsights_sitenote_note":"","_monsterinsights_sitenote_category":0},"product_brand":[],"product_cat":[12291,12711],"product_tag":[],"class_list":{"0":"post-708903","1":"product","2":"type-product","3":"status-publish","5":"product_cat-edebiyat","6":"product_cat-roman-oyku","7":"pa_cilt-ciltsiz","8":"pa_tur-kitap","9":"pa_yayinevi-altin-kitaplar","10":"pa_yazar-tolga-gumusay","12":"first","13":"instock","14":"sale","15":"shipping-taxable","16":"purchasable","17":"product-type-simple"},"_links":{"self":[{"href":"https:\/\/roveyayinevi.com.tr\/index.php\/wp-json\/wp\/v2\/product\/708903","targetHints":{"allow":["GET"]}}],"collection":[{"href":"https:\/\/roveyayinevi.com.tr\/index.php\/wp-json\/wp\/v2\/product"}],"about":[{"href":"https:\/\/roveyayinevi.com.tr\/index.php\/wp-json\/wp\/v2\/types\/product"}],"wp:attachment":[{"href":"https:\/\/roveyayinevi.com.tr\/index.php\/wp-json\/wp\/v2\/media?parent=708903"}],"wp:term":[{"taxonomy":"product_brand","embeddable":true,"href":"https:\/\/roveyayinevi.com.tr\/index.php\/wp-json\/wp\/v2\/product_brand?post=708903"},{"taxonomy":"product_cat","embeddable":true,"href":"https:\/\/roveyayinevi.com.tr\/index.php\/wp-json\/wp\/v2\/product_cat?post=708903"},{"taxonomy":"product_tag","embeddable":true,"href":"https:\/\/roveyayinevi.com.tr\/index.php\/wp-json\/wp\/v2\/product_tag?post=708903"}],"curies":[{"name":"wp","href":"https:\/\/api.w.org\/{rel}","templated":true}]}}