{"id":708901,"date":"2025-08-27T16:19:33","date_gmt":"2025-08-27T13:19:33","guid":{"rendered":"https:\/\/roveyayinevi.com.tr\/index.php\/urun\/yaratik-2\/"},"modified":"2026-03-28T02:20:13","modified_gmt":"2026-03-27T23:20:13","slug":"yaratik-2","status":"publish","type":"product","link":"https:\/\/roveyayinevi.com.tr\/index.php\/urun\/yaratik-2\/","title":{"rendered":"Yarat\u0131k"},"content":{"rendered":"<p>Nevada\u2019n\u0131n bitmek bilmez yollar\u0131n\u0131n b\u00fcy\u00fck b\u00f6l\u00fcm\u00fc \u00e7\u00f6llerin ortas\u0131ndad\u0131r. Yolu bu \u00e7\u00f6llerden ge\u00e7enler ister istemez tedirgin olur, \u00e7\u00fcnk\u00fc varacaklar\u0131 yere kadar b\u00fcy\u00fck bir belirsizlik onlara e\u015flik eder. Yak\u0131c\u0131 g\u00fcne\u015fin alt\u0131nda 50 numaral\u0131 otoyolda seyahat edenler, gidecekleri yerlere asla varamayacaklard\u0131r: New York\u2019taki evlerine d\u00f6nen Profes\u00f6r Jackson ve kar\u0131s\u0131, Tahoe G\u00f6l\u00fc\u2019ne tatile giden Wenworth-Ohio\u2019lu Carver ailesi ve motosikletiyle seyahat eden orta ya\u015fl\u0131 \u00fcnl\u00fc yazar Johnny Marinville. Bir yol tabelas\u0131na \u00e7ivilenmi\u015f kedi \u00f6l\u00fcs\u00fc, \u00c7in \u00c7ukuru denen bir da\u011f\u0131n yamac\u0131na kurulmu\u015f Desperation isimli k\u00fc\u00e7\u00fck bir kasaban\u0131n i\u015faretidir. B\u00f6lgede korkun\u00e7 \u015feyler ya\u015fanmaktad\u0131r ve Desperation\u2019\u0131 etkisi alt\u0131na alan gizem ve kasabay\u0131 bir vir\u00fcs gibi saran k\u00f6t\u00fcl\u00fck deh\u015fet vericidir. Tanr\u0131sal g\u00fc\u00e7le k\u00f6t\u00fcl\u00fcklerin kar\u015f\u0131 kar\u015f\u0131ya geldi\u011fi bu romanda Stephen King, soluk solu\u011fa bir maceraya \u00e7a\u011f\u0131r\u0131yor okurlar\u0131n\u0131. <\/p>\n","protected":false},"excerpt":{"rendered":"<p>Nevada\u2019n\u0131n bitmek bilmez yollar\u0131n\u0131n b\u00fcy\u00fck b\u00f6l\u00fcm\u00fc \u00e7\u00f6llerin ortas\u0131ndad\u0131r. Yolu bu \u00e7\u00f6llerden ge\u00e7enler ister istemez tedirgin olur, \u00e7\u00fcnk\u00fc varacaklar\u0131 yere kadar b\u00fcy\u00fck bir belirsizlik onlara e\u015flik eder.<span class=\"excerpt-hellip\"> [\u2026]<\/span><\/p>\n","protected":false},"featured_media":0,"template":"","meta":{"_monsterinsights_skip_tracking":false,"_monsterinsights_sitenote_active":false,"_monsterinsights_sitenote_note":"","_monsterinsights_sitenote_category":0},"product_brand":[],"product_cat":[12803,12291],"product_tag":[],"class_list":{"0":"post-708901","1":"product","2":"type-product","3":"status-publish","5":"product_cat-aksiyon-macera","6":"product_cat-edebiyat","7":"pa_cilt-ciltsiz","8":"pa_tur-kitap","9":"pa_yayinevi-inkilap-kitabevi","10":"pa_yazar-stephen-king","12":"first","13":"instock","14":"sale","15":"shipping-taxable","16":"purchasable","17":"product-type-simple"},"_links":{"self":[{"href":"https:\/\/roveyayinevi.com.tr\/index.php\/wp-json\/wp\/v2\/product\/708901","targetHints":{"allow":["GET"]}}],"collection":[{"href":"https:\/\/roveyayinevi.com.tr\/index.php\/wp-json\/wp\/v2\/product"}],"about":[{"href":"https:\/\/roveyayinevi.com.tr\/index.php\/wp-json\/wp\/v2\/types\/product"}],"wp:attachment":[{"href":"https:\/\/roveyayinevi.com.tr\/index.php\/wp-json\/wp\/v2\/media?parent=708901"}],"wp:term":[{"taxonomy":"product_brand","embeddable":true,"href":"https:\/\/roveyayinevi.com.tr\/index.php\/wp-json\/wp\/v2\/product_brand?post=708901"},{"taxonomy":"product_cat","embeddable":true,"href":"https:\/\/roveyayinevi.com.tr\/index.php\/wp-json\/wp\/v2\/product_cat?post=708901"},{"taxonomy":"product_tag","embeddable":true,"href":"https:\/\/roveyayinevi.com.tr\/index.php\/wp-json\/wp\/v2\/product_tag?post=708901"}],"curies":[{"name":"wp","href":"https:\/\/api.w.org\/{rel}","templated":true}]}}