{"id":708898,"date":"2025-08-27T16:19:31","date_gmt":"2025-08-27T13:19:31","guid":{"rendered":"https:\/\/roveyayinevi.com.tr\/index.php\/urun\/colorado-kid\/"},"modified":"2026-04-03T02:22:59","modified_gmt":"2026-04-02T23:22:59","slug":"colorado-kid","status":"publish","type":"product","link":"https:\/\/roveyayinevi.com.tr\/index.php\/urun\/colorado-kid\/","title":{"rendered":"Colorado K\u0131d"},"content":{"rendered":"<p>Stephen King efsanesi, ucu bilinmeyene do\u011fru gidenyepyeni bir soru\u015fturmayla geri d\u00f6nd\u00fc.Maine sahili a\u00e7\u0131klar\u0131ndaki bir adada \u00f6l\u00fc bir adam bulunur. Cesedin \u00fczerinde kimlik yoktur. Birtak\u0131m ipu\u00e7lar\u0131, iki yerel gazeteci ve adli t\u0131p e\u011fitimi g\u00f6ren bir \u00f6\u011frenci sayesinde ortaya \u00e7\u0131kar. Ancak adam\u0131n kimli\u011finin belirlenmesi bir y\u0131ldan fazla s\u00fcrecektir. \u00d6len adam\u0131n ve \u00f6l\u00fcm\u00fcn\u00fcn \u015fa\u015f\u0131rt\u0131c\u0131 ko\u015fullar\u0131 hakk\u0131nda bilgi sahibi olunduk\u00e7a, \u00e7\u00f6z\u00fcmden de o denli uzakla\u015f\u0131lmaktad\u0131r. Bu, olanaks\u0131z gibi g\u00f6r\u00fcnen bir su\u00e7 mudur, yoksa \u00e7ok daha garip bir olay m\u0131?Esrar\u0131n kalbindeki karanl\u0131k ve esrarl\u0131 olaylar\u0131 ara\u015ft\u0131rma d\u00fcrt\u00fcm\u00fcz hakk\u0131nda olan bu hik\u00e2yeyi Stephen King\u2019den ba\u015fkas\u0131 anlatamazd\u0131.Stephen King, Dashiell Hammett\u2019in Malta \u015eahini\u2019nden ve Graham Greene\u2019in eserlerinden izler ta\u015f\u0131yan bu kitab\u0131nda, konusu esrar\u0131n do\u011fas\u0131ndan a\u015fa\u011f\u0131 kalmayacak kadar \u015fa\u015f\u0131rt\u0131c\u0131 bir hik\u00e2yeyle kar\u015f\u0131m\u0131za \u00e7\u0131k\u0131yor\u2026 <\/p>\n","protected":false},"excerpt":{"rendered":"<p>Stephen King efsanesi, ucu bilinmeyene do\u011fru gidenyepyeni bir soru\u015fturmayla geri d\u00f6nd\u00fc.Maine sahili a\u00e7\u0131klar\u0131ndaki bir adada \u00f6l\u00fc bir adam bulunur. Cesedin \u00fczerinde kimlik yoktur. Birtak\u0131m ipu\u00e7lar\u0131, iki<span class=\"excerpt-hellip\"> [\u2026]<\/span><\/p>\n","protected":false},"featured_media":0,"template":"","meta":{"_monsterinsights_skip_tracking":false,"_monsterinsights_sitenote_active":false,"_monsterinsights_sitenote_note":"","_monsterinsights_sitenote_category":0},"product_brand":[],"product_cat":[12291,12711],"product_tag":[],"class_list":{"0":"post-708898","1":"product","2":"type-product","3":"status-publish","5":"product_cat-edebiyat","6":"product_cat-roman-oyku","7":"pa_cilt-ciltsiz","8":"pa_tur-kitap","9":"pa_yayinevi-inkilap-kitabevi","10":"pa_yazar-stephen-king","12":"first","13":"instock","14":"sale","15":"shipping-taxable","16":"purchasable","17":"product-type-simple"},"_links":{"self":[{"href":"https:\/\/roveyayinevi.com.tr\/index.php\/wp-json\/wp\/v2\/product\/708898","targetHints":{"allow":["GET"]}}],"collection":[{"href":"https:\/\/roveyayinevi.com.tr\/index.php\/wp-json\/wp\/v2\/product"}],"about":[{"href":"https:\/\/roveyayinevi.com.tr\/index.php\/wp-json\/wp\/v2\/types\/product"}],"wp:attachment":[{"href":"https:\/\/roveyayinevi.com.tr\/index.php\/wp-json\/wp\/v2\/media?parent=708898"}],"wp:term":[{"taxonomy":"product_brand","embeddable":true,"href":"https:\/\/roveyayinevi.com.tr\/index.php\/wp-json\/wp\/v2\/product_brand?post=708898"},{"taxonomy":"product_cat","embeddable":true,"href":"https:\/\/roveyayinevi.com.tr\/index.php\/wp-json\/wp\/v2\/product_cat?post=708898"},{"taxonomy":"product_tag","embeddable":true,"href":"https:\/\/roveyayinevi.com.tr\/index.php\/wp-json\/wp\/v2\/product_tag?post=708898"}],"curies":[{"name":"wp","href":"https:\/\/api.w.org\/{rel}","templated":true}]}}