{"id":708897,"date":"2025-08-27T16:19:31","date_gmt":"2025-08-27T13:19:31","guid":{"rendered":"https:\/\/roveyayinevi.com.tr\/index.php\/urun\/baris-takimi-canakkaleden-anadoluya-yuruyor\/"},"modified":"2026-04-16T02:17:36","modified_gmt":"2026-04-15T23:17:36","slug":"baris-takimi-canakkaleden-anadoluya-yuruyor","status":"publish","type":"product","link":"https:\/\/roveyayinevi.com.tr\/index.php\/urun\/baris-takimi-canakkaleden-anadoluya-yuruyor\/","title":{"rendered":"Bar\u0131\u015f Tak\u0131m\u0131 &#8211; \u00c7anakkale\u2019den Anadolu\u2019ya Y\u00fcr\u00fcyor!"},"content":{"rendered":"<p>\u00c7anakkale\u2019den Anadolu\u2019ya Y\u00fcr\u00fcyor! Bar\u0131\u015f Tak\u0131m\u0131 2. Kitap   Bar\u0131\u015f Tak\u0131m\u0131n\u0131n Ba\u015fkan\u0131 Ezgi Ankara\u2019da! \u0130lk meclisi gezerken \u00e7ok duyguland\u0131. Atat\u00fcrk\u2019le arkada\u015flar\u0131n\u0131n oturdu\u011fu s\u0131ralara dokundu. Duvardaki resimlere uzun uzun bakt\u0131. Atat\u00fcrk\u2019\u00fcn Kurtulu\u015f Sava\u015f\u0131n\u0131 y\u00f6netti\u011fi yerleri g\u00f6rd\u00fc. Polatl\u0131\u2019daki Duatepe\u2019ye \u00e7\u0131kt\u0131\u011f\u0131nda sava\u015f\u0131n nas\u0131l zorlukla kazan\u0131ld\u0131\u011f\u0131n\u0131 daha iyi anlad\u0131. Y\u00fcre\u011finde bir ku\u015f \u00e7\u0131rp\u0131n\u0131yordu sanki. Yurdumuzun i\u015fgali&#8230; Halk\u0131n yoksullu\u011fu&#8230; G\u00fc\u00e7l\u00fckle de olsa ba\u011f\u0131ms\u0131zl\u0131k kazan\u0131lm\u0131\u015ft\u0131. Onca zorlu\u011fa kar\u015f\u0131n Atat\u00fcrk, T\u00fcrkiye Cumhuriyeti\u2019ni kurmu\u015ftu. Ezgi, Ankara ve \u00e7evresinde g\u00f6rd\u00fcklerinden sonra \u201cAtat\u00fcrk\u2019\u00fc sevmek yetmez,\u201d diye d\u00fc\u015f\u00fcnd\u00fc. \u201cTarihimizi daha iyi \u00f6\u011frenmeliyim!\u201d Haydi Ezgi\u2019nin arkas\u0131na tak\u0131lal\u0131m; bakal\u0131m bizi nereye g\u00f6t\u00fcrecek? <\/p>\n","protected":false},"excerpt":{"rendered":"<p>\u00c7anakkale\u2019den Anadolu\u2019ya Y\u00fcr\u00fcyor! Bar\u0131\u015f Tak\u0131m\u0131 2. Kitap Bar\u0131\u015f Tak\u0131m\u0131n\u0131n Ba\u015fkan\u0131 Ezgi Ankara\u2019da! \u0130lk meclisi gezerken \u00e7ok duyguland\u0131. Atat\u00fcrk\u2019le arkada\u015flar\u0131n\u0131n oturdu\u011fu s\u0131ralara dokundu. Duvardaki resimlere uzun uzun<span class=\"excerpt-hellip\"> [\u2026]<\/span><\/p>\n","protected":false},"featured_media":0,"template":"","meta":{"_monsterinsights_skip_tracking":false,"_monsterinsights_sitenote_active":false,"_monsterinsights_sitenote_note":"","_monsterinsights_sitenote_category":0},"product_brand":[],"product_cat":[12275,12274],"product_tag":[],"class_list":{"0":"post-708897","1":"product","2":"type-product","3":"status-publish","5":"product_cat-6-12-yas-kitaplari","6":"product_cat-cocuk-ve-genclik-kitaplari","7":"pa_cilt-ciltsiz","8":"pa_tur-kitap","9":"pa_yayinevi-kirmizi-kedi-yayinevi","10":"pa_yazar-sevgi-ozel-ibrahim-dizman","12":"first","13":"instock","14":"sale","15":"shipping-taxable","16":"purchasable","17":"product-type-simple"},"_links":{"self":[{"href":"https:\/\/roveyayinevi.com.tr\/index.php\/wp-json\/wp\/v2\/product\/708897","targetHints":{"allow":["GET"]}}],"collection":[{"href":"https:\/\/roveyayinevi.com.tr\/index.php\/wp-json\/wp\/v2\/product"}],"about":[{"href":"https:\/\/roveyayinevi.com.tr\/index.php\/wp-json\/wp\/v2\/types\/product"}],"wp:attachment":[{"href":"https:\/\/roveyayinevi.com.tr\/index.php\/wp-json\/wp\/v2\/media?parent=708897"}],"wp:term":[{"taxonomy":"product_brand","embeddable":true,"href":"https:\/\/roveyayinevi.com.tr\/index.php\/wp-json\/wp\/v2\/product_brand?post=708897"},{"taxonomy":"product_cat","embeddable":true,"href":"https:\/\/roveyayinevi.com.tr\/index.php\/wp-json\/wp\/v2\/product_cat?post=708897"},{"taxonomy":"product_tag","embeddable":true,"href":"https:\/\/roveyayinevi.com.tr\/index.php\/wp-json\/wp\/v2\/product_tag?post=708897"}],"curies":[{"name":"wp","href":"https:\/\/api.w.org\/{rel}","templated":true}]}}