{"id":708894,"date":"2025-08-27T16:19:29","date_gmt":"2025-08-27T13:19:29","guid":{"rendered":"https:\/\/roveyayinevi.com.tr\/index.php\/urun\/yildiz-gozlemcisi\/"},"modified":"2026-04-16T02:17:36","modified_gmt":"2026-04-15T23:17:36","slug":"yildiz-gozlemcisi","status":"publish","type":"product","link":"https:\/\/roveyayinevi.com.tr\/index.php\/urun\/yildiz-gozlemcisi\/","title":{"rendered":"Y\u0131ld\u0131z G\u00f6zlemcisi"},"content":{"rendered":"<p>Denizin \u00fczerinde s\u00fcz\u00fclen k\u00fc\u00e7\u00fck bir kay\u0131kta; ama\u00e7lar\u0131 kendi hikayeleri do\u011frultusunda \u00fc\u00e7 Ada\u2019ya ula\u015fmak olan \u00fc\u00e7 arkada\u015f: 11 ya\u015f\u0131ndaki Maarten, kedisi Max ve kom\u015fusu Roos Tahtabacak sakin sakin s\u00fcz\u00fclmektedir\u2026\u0130lk hedefleri kedi Max\u2019\u0131n yar\u0131m kalm\u0131\u015f bir meselesini halledece\u011fi Kediler Adas\u0131\u2019d\u0131r. Sonras\u0131ndaysa Roos\u2019u uzun zamand\u0131r r\u00fcyalar\u0131nda yaln\u0131z b\u0131rakmayan Sirk Adas\u0131. Son olaraksa Maarten\u2019in en b\u00fcy\u00fck dile\u011fi olan ve arkada\u015flar\u0131n\u0131n yard\u0131m\u0131na ihtiya\u00e7 duyaca\u011f\u0131 Y\u0131ld\u0131zlar Adas\u0131\u2026  Yazar Beatrijs Oerlemans  ve ill\u00fcstrat\u00f6r Peter-Paul Rauwerda  hem okura  hem de dinleyene \u00e7ok keyifli, masals\u0131 bir d\u00fcnya sunuyor\u2026<\/p>\n","protected":false},"excerpt":{"rendered":"<p>Denizin \u00fczerinde s\u00fcz\u00fclen k\u00fc\u00e7\u00fck bir kay\u0131kta; ama\u00e7lar\u0131 kendi hikayeleri do\u011frultusunda \u00fc\u00e7 Ada\u2019ya ula\u015fmak olan \u00fc\u00e7 arkada\u015f: 11 ya\u015f\u0131ndaki Maarten, kedisi Max ve kom\u015fusu Roos Tahtabacak sakin<span class=\"excerpt-hellip\"> [\u2026]<\/span><\/p>\n","protected":false},"featured_media":0,"template":"","meta":{"_monsterinsights_skip_tracking":false,"_monsterinsights_sitenote_active":false,"_monsterinsights_sitenote_note":"","_monsterinsights_sitenote_category":0},"product_brand":[],"product_cat":[12275,12274],"product_tag":[],"class_list":{"0":"post-708894","1":"product","2":"type-product","3":"status-publish","5":"product_cat-6-12-yas-kitaplari","6":"product_cat-cocuk-ve-genclik-kitaplari","7":"pa_cilt-ciltsiz","8":"pa_tur-kitap","9":"pa_yayinevi-7-15-yayinlari","10":"pa_yazar-komisyon","12":"first","13":"instock","14":"sale","15":"shipping-taxable","16":"purchasable","17":"product-type-simple"},"_links":{"self":[{"href":"https:\/\/roveyayinevi.com.tr\/index.php\/wp-json\/wp\/v2\/product\/708894","targetHints":{"allow":["GET"]}}],"collection":[{"href":"https:\/\/roveyayinevi.com.tr\/index.php\/wp-json\/wp\/v2\/product"}],"about":[{"href":"https:\/\/roveyayinevi.com.tr\/index.php\/wp-json\/wp\/v2\/types\/product"}],"wp:attachment":[{"href":"https:\/\/roveyayinevi.com.tr\/index.php\/wp-json\/wp\/v2\/media?parent=708894"}],"wp:term":[{"taxonomy":"product_brand","embeddable":true,"href":"https:\/\/roveyayinevi.com.tr\/index.php\/wp-json\/wp\/v2\/product_brand?post=708894"},{"taxonomy":"product_cat","embeddable":true,"href":"https:\/\/roveyayinevi.com.tr\/index.php\/wp-json\/wp\/v2\/product_cat?post=708894"},{"taxonomy":"product_tag","embeddable":true,"href":"https:\/\/roveyayinevi.com.tr\/index.php\/wp-json\/wp\/v2\/product_tag?post=708894"}],"curies":[{"name":"wp","href":"https:\/\/api.w.org\/{rel}","templated":true}]}}