{"id":708892,"date":"2025-08-27T16:19:28","date_gmt":"2025-08-27T13:19:28","guid":{"rendered":"https:\/\/roveyayinevi.com.tr\/index.php\/urun\/osmanli-devletinde-avrupa-iktisadi-yayilimi-ve-direnis-1881-1908\/"},"modified":"2026-04-15T02:23:26","modified_gmt":"2026-04-14T23:23:26","slug":"osmanli-devletinde-avrupa-iktisadi-yayilimi-ve-direnis-1881-1908","status":"publish","type":"product","link":"https:\/\/roveyayinevi.com.tr\/index.php\/urun\/osmanli-devletinde-avrupa-iktisadi-yayilimi-ve-direnis-1881-1908\/","title":{"rendered":"Osmanl\u0131 Devletinde Avrupa \u0130ktisadi Yay\u0131l\u0131m\u0131 ve Direni\u015f 1881-1908"},"content":{"rendered":"<p>19. y\u00fczyilda Osmanli Imparatorlugu\u2019nun Avrupa iktisadi g\u00fcc\u00fc karsisindaki konumu zayiflarken ve bu g\u00fcc\u00fcn imparatorluk \u00fczerindeki etkisi artarken Osmanli tebaasinin tepkisi nasil sekillendi? Yalnizca iktisadi s\u00fcre\u00e7lerle ilgili bir tepki mi s\u00f6z konusuydu yoksa kisilergruplar farkli saikler de \u00f6ne s\u00fcrd\u00fcler mi? Ele alinan diren\u00e7 ve eklemlenmelerin bi\u00e7im ve i\u00e7erikleri neydi? Quataert \u00f6zellikle madencilik, tren yolu, t \u00fct\u00fcn rejisi ve liman isletmelerinde sekillenen, Osmanlilarin Avrupa iktisadi yayilimi karsisindaki etkilesim bi\u00e7imlerini, tutumlarini ve karsi koyma pratiklerini ele aldigi bu eserinde, Osmanli toplumsal hayatinin daha \u00f6nce incelenmemis y\u00f6nlerine odaklaniyor. \u201cOlusmakta olan Avrupa h\u00e2kimiyetindeki d\u00fcnya ekonomisi, Ortadogu\u2019da yasayanlarin hayatlarini kazanma yollarini, toplumsal stat\u00fclerini ve siyasi davranislarini nasil degistirmisti? (&#8230;) Osmanlinin \u00f6yk\u00fcs\u00fcn\u00fcn toplumsal y\u00f6n\u00fc temelde incelenmeyi beklemektedir. Dolayisiyla, 19. y\u00fczyilin sonlarinda sermaye yatirimlarindaki genisleme ve ticaretteki artis en y\u00fcksek noktasina ulastiginda halk kesiminde, se\u00e7kinler disindaki gruplarda ortaya \u00e7ikan degismeleri incelemeye karar verdim.\u201d DONALD QUATAERT <\/p>\n","protected":false},"excerpt":{"rendered":"<p>19. y\u00fczyilda Osmanli Imparatorlugu\u2019nun Avrupa iktisadi g\u00fcc\u00fc karsisindaki konumu zayiflarken ve bu g\u00fcc\u00fcn imparatorluk \u00fczerindeki etkisi artarken Osmanli tebaasinin tepkisi nasil sekillendi? Yalnizca iktisadi s\u00fcre\u00e7lerle ilgili<span class=\"excerpt-hellip\"> [\u2026]<\/span><\/p>\n","protected":false},"featured_media":0,"template":"","meta":{"_monsterinsights_skip_tracking":false,"_monsterinsights_sitenote_active":false,"_monsterinsights_sitenote_note":"","_monsterinsights_sitenote_category":0},"product_brand":[],"product_cat":[13517,12304],"product_tag":[],"class_list":{"0":"post-708892","1":"product","2":"type-product","3":"status-publish","5":"product_cat-osmanli-tarihi","6":"product_cat-tarih","7":"pa_cilt-ciltsiz","8":"pa_tur-kitap","9":"pa_yayinevi-iletisim-yayinlari","10":"pa_yazar-donald-quataert","12":"first","13":"instock","14":"sale","15":"shipping-taxable","16":"purchasable","17":"product-type-simple"},"_links":{"self":[{"href":"https:\/\/roveyayinevi.com.tr\/index.php\/wp-json\/wp\/v2\/product\/708892","targetHints":{"allow":["GET"]}}],"collection":[{"href":"https:\/\/roveyayinevi.com.tr\/index.php\/wp-json\/wp\/v2\/product"}],"about":[{"href":"https:\/\/roveyayinevi.com.tr\/index.php\/wp-json\/wp\/v2\/types\/product"}],"wp:attachment":[{"href":"https:\/\/roveyayinevi.com.tr\/index.php\/wp-json\/wp\/v2\/media?parent=708892"}],"wp:term":[{"taxonomy":"product_brand","embeddable":true,"href":"https:\/\/roveyayinevi.com.tr\/index.php\/wp-json\/wp\/v2\/product_brand?post=708892"},{"taxonomy":"product_cat","embeddable":true,"href":"https:\/\/roveyayinevi.com.tr\/index.php\/wp-json\/wp\/v2\/product_cat?post=708892"},{"taxonomy":"product_tag","embeddable":true,"href":"https:\/\/roveyayinevi.com.tr\/index.php\/wp-json\/wp\/v2\/product_tag?post=708892"}],"curies":[{"name":"wp","href":"https:\/\/api.w.org\/{rel}","templated":true}]}}