{"id":708890,"date":"2025-08-27T16:19:27","date_gmt":"2025-08-27T13:19:27","guid":{"rendered":"https:\/\/roveyayinevi.com.tr\/index.php\/urun\/balkanlara-huzunlu-veda-balkan-harbi-1912-1913\/"},"modified":"2026-04-16T02:17:36","modified_gmt":"2026-04-15T23:17:36","slug":"balkanlara-huzunlu-veda-balkan-harbi-1912-1913","status":"publish","type":"product","link":"https:\/\/roveyayinevi.com.tr\/index.php\/urun\/balkanlara-huzunlu-veda-balkan-harbi-1912-1913\/","title":{"rendered":"Balkanlara H\u00fcz\u00fcnl\u00fc Veda &#8211; Balkan Harbi 1912-1913"},"content":{"rendered":"<p>Balkan Harbi; tarihe Osmanl\u0131 \u0130mparatorlu\u011fu\u2019nun Balkanlardaki hezimeti olarak ge\u00e7mi\u015f ve toplumda her y\u00f6n\u00fcyle b\u00fcy\u00fck y\u0131k\u0131nt\u0131lara neden olmu\u015ftur. Bu kitapta, Balkan Harbi: 1789 tarihindeki Frans\u0131z \u0130htilali\u2019nden ba\u015flayarak ihtilalin ba\u015fka devletlerin egemenli\u011fi alt\u0131nda ya\u015fayan uluslarda yaratt\u0131\u011f\u0131 etkiler,  Balkanlara egemen olmak isteyen Avrupal\u0131 b\u00fcy\u00fck devletlerin \u00e7\u0131kar \u00e7at\u0131\u015fmalar\u0131 ve bu y\u00f6ndeki gayretleri, muhte\u015fem Osmanl\u0131 ordusunun tarihinde hi\u00e7bir d\u00f6nemde g\u00f6r\u00fclmeyen ancak bu sava\u015fta baz\u0131 cephelerde yap\u0131lan muharebelerde panik halinde cepheden topluca geriye do\u011fru ka\u00e7\u0131\u015f\u0131n sebepleriyle, sava\u015f\u0131n sonu\u00e7lar\u0131n\u0131n Osmanl\u0131 \u0130mparatorlu\u011fu, Balkan devletleri ve b\u00f6lgeye egemen olma gayretindeki Avrupal\u0131 b\u00fcy\u00fck devletlere yans\u0131malar\u0131n\u0131 ve al\u0131nacak dersleri ger\u00e7ek tarihi belge ve dok\u00fcmanlara dayan\u0131larak anlat\u0131lmaktad\u0131r. Bir cihan imparatorlu\u011funun ortadan kalkmas\u0131 i\u00e7in i\u00e7eride siyaset\u00e7ileri ve her kademedeki bir grup ordu mensubunun ac\u0131mas\u0131z \u00e7eki\u015fmelerini; d\u0131\u015far\u0131da ise kendisini Osmanl\u0131\u2019n\u0131n dostu olarak tan\u0131t\u0131p sonras\u0131nda s\u0131rt\u0131m\u0131zdan han\u00e7erleyen Avrupal\u0131 b\u00fcy\u00fck devletlerin politik oyunlar\u0131n\u0131 ac\u0131yla ve hay\u0131flanarak okuyacak ve sorumlular\u0131 vicdanlar\u0131n\u0131zda yarg\u0131layacaks\u0131n\u0131z. <\/p>\n","protected":false},"excerpt":{"rendered":"<p>Balkan Harbi; tarihe Osmanl\u0131 \u0130mparatorlu\u011fu\u2019nun Balkanlardaki hezimeti olarak ge\u00e7mi\u015f ve toplumda her y\u00f6n\u00fcyle b\u00fcy\u00fck y\u0131k\u0131nt\u0131lara neden olmu\u015ftur. Bu kitapta, Balkan Harbi: 1789 tarihindeki Frans\u0131z \u0130htilali\u2019nden ba\u015flayarak<span class=\"excerpt-hellip\"> [\u2026]<\/span><\/p>\n","protected":false},"featured_media":0,"template":"","meta":{"_monsterinsights_skip_tracking":false,"_monsterinsights_sitenote_active":false,"_monsterinsights_sitenote_note":"","_monsterinsights_sitenote_category":0},"product_brand":[],"product_cat":[12304,13650],"product_tag":[],"class_list":{"0":"post-708890","1":"product","2":"type-product","3":"status-publish","5":"product_cat-tarih","6":"product_cat-turk-tarihi-arastirmalari","7":"pa_cilt-ciltsiz","8":"pa_tur-kitap","9":"pa_yayinevi-galeati-yayincilik","10":"pa_yazar-atilla-guler","12":"first","13":"instock","14":"sale","15":"shipping-taxable","16":"purchasable","17":"product-type-simple"},"_links":{"self":[{"href":"https:\/\/roveyayinevi.com.tr\/index.php\/wp-json\/wp\/v2\/product\/708890","targetHints":{"allow":["GET"]}}],"collection":[{"href":"https:\/\/roveyayinevi.com.tr\/index.php\/wp-json\/wp\/v2\/product"}],"about":[{"href":"https:\/\/roveyayinevi.com.tr\/index.php\/wp-json\/wp\/v2\/types\/product"}],"wp:attachment":[{"href":"https:\/\/roveyayinevi.com.tr\/index.php\/wp-json\/wp\/v2\/media?parent=708890"}],"wp:term":[{"taxonomy":"product_brand","embeddable":true,"href":"https:\/\/roveyayinevi.com.tr\/index.php\/wp-json\/wp\/v2\/product_brand?post=708890"},{"taxonomy":"product_cat","embeddable":true,"href":"https:\/\/roveyayinevi.com.tr\/index.php\/wp-json\/wp\/v2\/product_cat?post=708890"},{"taxonomy":"product_tag","embeddable":true,"href":"https:\/\/roveyayinevi.com.tr\/index.php\/wp-json\/wp\/v2\/product_tag?post=708890"}],"curies":[{"name":"wp","href":"https:\/\/api.w.org\/{rel}","templated":true}]}}