{"id":708888,"date":"2025-08-27T16:19:26","date_gmt":"2025-08-27T13:19:26","guid":{"rendered":"https:\/\/roveyayinevi.com.tr\/index.php\/urun\/karsi-atesler\/"},"modified":"2026-04-16T02:17:36","modified_gmt":"2026-04-15T23:17:36","slug":"karsi-atesler","status":"publish","type":"product","link":"https:\/\/roveyayinevi.com.tr\/index.php\/urun\/karsi-atesler\/","title":{"rendered":"Kar\u015f\u0131 Ate\u015fler"},"content":{"rendered":"<p>Neoliberalizmin totaliter ve antidemokratik karakterini ilk kavrayan d\u00fc\u015f\u00fcn\u00fcrlerden biri olan Pierre Bourdieu\u2019n\u00fcn bu \u201ckar\u015f\u0131 ate\u015fleri\u201d, onun militan bir filozof olarak tavr\u0131n\u0131n da g\u00f6stergesidir. Sartre\u2019dan ve Foucault\u2019dan devrald\u0131\u011f\u0131 gelenekle, bilgisini ve \u201centelekt\u00fcel sermayesi\u201dni neoliberalizme kar\u015f\u0131 toplumsal hareketlerin hizmetine sunan Bourdieu, ba\u015fta D\u00fcnya Bankas\u0131 ve IMF olmak \u00fczere, iktisat\u00e7\u0131lar\u0131n, gazeteci ve televizyoncular\u0131n, politikac\u0131lar\u0131n, \u201centelekt\u00fcellerin\u201d \u00fcretti\u011fi ve \u201cse\u00e7eneksiz\u201d diye sunulan egemen s\u00f6ylemi didik didik ediyor.Enternasyonal bir m\u00fccadele davetiyesi olarak okunabilecek her bir metinle Bourdieu, bilimin ve Akademi\u2019nin, egemenlerin emrinde yalan\u0131 ve demagojiyi yayabilece\u011fi gibi, s\u0131n\u0131f m\u00fccadelesinin bir arac\u0131 olabilece\u011finin de alt\u0131n\u0131 \u00e7iziyor.Do\u011fa ve insan \u00fczerindeki vah\u015fi kapitalist s\u00f6m\u00fcr\u00fcn\u00fcn her t\u00fcr\u00fcne sahne olan, otoriteye biat edenlerle yarat\u0131c\u0131 ve \u00f6zg\u00fcr d\u00fc\u015f\u00fcnceden yana olanlar aras\u0131ndaki m\u00fccadelenin kitle ileti\u015fim ara\u00e7lar\u0131ndan Akademi\u2019ye dek her alanda s\u00fcrd\u00fc\u011f\u00fc g\u00fcn\u00fcm\u00fcz T\u00fcrkiyesi\u2019nde esin ve g\u00fc\u00e7 kayna\u011f\u0131 olabilecek metinler&#8230; <\/p>\n","protected":false},"excerpt":{"rendered":"<p>Neoliberalizmin totaliter ve antidemokratik karakterini ilk kavrayan d\u00fc\u015f\u00fcn\u00fcrlerden biri olan Pierre Bourdieu\u2019n\u00fcn bu \u201ckar\u015f\u0131 ate\u015fleri\u201d, onun militan bir filozof olarak tavr\u0131n\u0131n da g\u00f6stergesidir. Sartre\u2019dan ve Foucault\u2019dan<span class=\"excerpt-hellip\"> [\u2026]<\/span><\/p>\n","protected":false},"featured_media":0,"template":"","meta":{"_monsterinsights_skip_tracking":false,"_monsterinsights_sitenote_active":false,"_monsterinsights_sitenote_note":"","_monsterinsights_sitenote_category":0},"product_brand":[],"product_cat":[12291,12711],"product_tag":[],"class_list":{"0":"post-708888","1":"product","2":"type-product","3":"status-publish","5":"product_cat-edebiyat","6":"product_cat-roman-oyku","7":"pa_cilt-ciltsiz","8":"pa_tur-kitap","9":"pa_yayinevi-sel-yayincilik","10":"pa_yazar-pierre-bourdieu","12":"first","13":"instock","14":"sale","15":"shipping-taxable","16":"purchasable","17":"product-type-simple"},"_links":{"self":[{"href":"https:\/\/roveyayinevi.com.tr\/index.php\/wp-json\/wp\/v2\/product\/708888","targetHints":{"allow":["GET"]}}],"collection":[{"href":"https:\/\/roveyayinevi.com.tr\/index.php\/wp-json\/wp\/v2\/product"}],"about":[{"href":"https:\/\/roveyayinevi.com.tr\/index.php\/wp-json\/wp\/v2\/types\/product"}],"wp:attachment":[{"href":"https:\/\/roveyayinevi.com.tr\/index.php\/wp-json\/wp\/v2\/media?parent=708888"}],"wp:term":[{"taxonomy":"product_brand","embeddable":true,"href":"https:\/\/roveyayinevi.com.tr\/index.php\/wp-json\/wp\/v2\/product_brand?post=708888"},{"taxonomy":"product_cat","embeddable":true,"href":"https:\/\/roveyayinevi.com.tr\/index.php\/wp-json\/wp\/v2\/product_cat?post=708888"},{"taxonomy":"product_tag","embeddable":true,"href":"https:\/\/roveyayinevi.com.tr\/index.php\/wp-json\/wp\/v2\/product_tag?post=708888"}],"curies":[{"name":"wp","href":"https:\/\/api.w.org\/{rel}","templated":true}]}}