{"id":708887,"date":"2025-08-27T16:19:25","date_gmt":"2025-08-27T13:19:25","guid":{"rendered":"https:\/\/roveyayinevi.com.tr\/index.php\/urun\/medya-ve-sol\/"},"modified":"2026-04-16T02:17:36","modified_gmt":"2026-04-15T23:17:36","slug":"medya-ve-sol","status":"publish","type":"product","link":"https:\/\/roveyayinevi.com.tr\/index.php\/urun\/medya-ve-sol\/","title":{"rendered":"Medya ve Sol"},"content":{"rendered":"<p>Medyan\u0131n g\u00fcndelik hayat\u0131m\u0131z \u00fczerindeki h\u00fckm\u00fcn\u00fc herhalde art\u0131k kimse ink\u00e2r etmeyecektir. \u201cG\u00fcncel\u201d makro geli\u015fmelerden haberdar olma y\u00f6n\u00fcnde giderek geni\u015fleyen imk\u00e2nlardan, mikro alanlarda kurulan ki\u015fisel ili\u015fkiler ve kimliklere; her \u015fey ku\u015fat\u0131c\u0131 bir kurum olarak medyan\u0131n dolay\u0131m\u0131ndan ge\u00e7iyor.Son zamanlarda objektif \u00f6nermelerin ge\u00e7erlili\u011fini yitirdi\u011fine, duygular\u0131n ve inan\u0131\u015flar\u0131n y\u00fckseli\u015fe ge\u00e7ti\u011fine i\u015faret etmek i\u00e7in kullan\u0131lan \u201cpost-hakikat\u201d, \u201calternatif olgular\u201d gibi kavramsalla\u015ft\u0131rmalarla, kamuoyunu ayd\u0131nlat\u0131c\u0131 bir mecra olarak medyan\u0131n da defteri d\u00fcr\u00fcl\u00fcyor. \u0130\u015fte tam da b\u00f6yle bir zamanda, medyan\u0131n mevcut hali ve alternatif bir medya yaratma imk\u00e2nlar\u0131 \u00fczerine d\u00fc\u015f\u00fcnmek daha da \u00f6nem kazan\u0131yor. <\/p>\n","protected":false},"excerpt":{"rendered":"<p>Medyan\u0131n g\u00fcndelik hayat\u0131m\u0131z \u00fczerindeki h\u00fckm\u00fcn\u00fc herhalde art\u0131k kimse ink\u00e2r etmeyecektir. \u201cG\u00fcncel\u201d makro geli\u015fmelerden haberdar olma y\u00f6n\u00fcnde giderek geni\u015fleyen imk\u00e2nlardan, mikro alanlarda kurulan ki\u015fisel ili\u015fkiler ve kimliklere;<span class=\"excerpt-hellip\"> [\u2026]<\/span><\/p>\n","protected":false},"featured_media":0,"template":"","meta":{"_monsterinsights_skip_tracking":false,"_monsterinsights_sitenote_active":false,"_monsterinsights_sitenote_note":"","_monsterinsights_sitenote_category":0},"product_brand":[],"product_cat":[22061,13488],"product_tag":[],"class_list":{"0":"post-708887","1":"product","2":"type-product","3":"status-publish","5":"product_cat-sosyal-medya-ve-iletisim","6":"product_cat-toplum-ve-insan","7":"pa_cilt-ciltsiz","8":"pa_tur-kitap","9":"pa_yayinevi-sel-yayincilik","10":"pa_yazar-savas-coban","12":"first","13":"instock","14":"sale","15":"shipping-taxable","16":"purchasable","17":"product-type-simple"},"_links":{"self":[{"href":"https:\/\/roveyayinevi.com.tr\/index.php\/wp-json\/wp\/v2\/product\/708887","targetHints":{"allow":["GET"]}}],"collection":[{"href":"https:\/\/roveyayinevi.com.tr\/index.php\/wp-json\/wp\/v2\/product"}],"about":[{"href":"https:\/\/roveyayinevi.com.tr\/index.php\/wp-json\/wp\/v2\/types\/product"}],"wp:attachment":[{"href":"https:\/\/roveyayinevi.com.tr\/index.php\/wp-json\/wp\/v2\/media?parent=708887"}],"wp:term":[{"taxonomy":"product_brand","embeddable":true,"href":"https:\/\/roveyayinevi.com.tr\/index.php\/wp-json\/wp\/v2\/product_brand?post=708887"},{"taxonomy":"product_cat","embeddable":true,"href":"https:\/\/roveyayinevi.com.tr\/index.php\/wp-json\/wp\/v2\/product_cat?post=708887"},{"taxonomy":"product_tag","embeddable":true,"href":"https:\/\/roveyayinevi.com.tr\/index.php\/wp-json\/wp\/v2\/product_tag?post=708887"}],"curies":[{"name":"wp","href":"https:\/\/api.w.org\/{rel}","templated":true}]}}