{"id":708885,"date":"2025-08-27T16:19:24","date_gmt":"2025-08-27T13:19:24","guid":{"rendered":"https:\/\/roveyayinevi.com.tr\/index.php\/urun\/piyano-metodu-2\/"},"modified":"2026-04-16T02:17:36","modified_gmt":"2026-04-15T23:17:36","slug":"piyano-metodu-2","status":"publish","type":"product","link":"https:\/\/roveyayinevi.com.tr\/index.php\/urun\/piyano-metodu-2\/","title":{"rendered":"Piyano Metodu 2"},"content":{"rendered":"<p>* Piyano metodu e\u011fitim serisi \u00f6zellikle m\u00fczik kurslar\u0131nda ve se\u00e7meli ders olarak piyano e\u011fitimi veren okullarda kolayl\u0131kla uygulanabilecek 17 y\u0131ll\u0131k uygulama deneyimi ile haz\u0131rlanm\u0131\u015f \u00e7ocuklar i\u00e7in temel piyano e\u011fitim metodlar\u0131n\u0131n ikincisidir.   * \u00d6\u011frenciyi zorlamadan, tekrarlarla, bona ve solfej \u00e7al\u0131\u015fmalar\u0131yla destekleyen   * M\u00fczik teorisi ve piyano \u00f6\u011fretimi m\u00fcfredat\u0131na uygun olarak, ad\u0131m ad\u0131m haz\u0131rlanm\u0131\u015f   * Klavye resimleriyle g\u00f6rsel olarak desteklenmi\u015f bilgiler i\u00e7eren   * Sa\u011f ve sol elde 2 oktava kadar beyaz tu\u015flar\u0131n, m\u00fczikal k\u00fc\u00e7\u00fck \u015fark\u0131larla \u00f6\u011fretildi\u011fi   * Kolay \u00f6\u011freten bir piyano metodudur. <\/p>\n","protected":false},"excerpt":{"rendered":"<p>* Piyano metodu e\u011fitim serisi \u00f6zellikle m\u00fczik kurslar\u0131nda ve se\u00e7meli ders olarak piyano e\u011fitimi veren okullarda kolayl\u0131kla uygulanabilecek 17 y\u0131ll\u0131k uygulama deneyimi ile haz\u0131rlanm\u0131\u015f \u00e7ocuklar i\u00e7in<span class=\"excerpt-hellip\"> [\u2026]<\/span><\/p>\n","protected":false},"featured_media":0,"template":"","meta":{"_monsterinsights_skip_tracking":false,"_monsterinsights_sitenote_active":false,"_monsterinsights_sitenote_note":"","_monsterinsights_sitenote_category":0},"product_brand":[],"product_cat":[13835],"product_tag":[],"class_list":{"0":"post-708885","1":"product","2":"type-product","3":"status-publish","5":"product_cat-cok-satanlar","6":"pa_cilt-ciltsiz","7":"pa_tur-kitap","8":"pa_yayinevi-beste-yayinlari","9":"pa_yazar-fatma-nilgun-kirkagaclioglu","11":"first","12":"instock","13":"sale","14":"shipping-taxable","15":"purchasable","16":"product-type-simple"},"_links":{"self":[{"href":"https:\/\/roveyayinevi.com.tr\/index.php\/wp-json\/wp\/v2\/product\/708885","targetHints":{"allow":["GET"]}}],"collection":[{"href":"https:\/\/roveyayinevi.com.tr\/index.php\/wp-json\/wp\/v2\/product"}],"about":[{"href":"https:\/\/roveyayinevi.com.tr\/index.php\/wp-json\/wp\/v2\/types\/product"}],"wp:attachment":[{"href":"https:\/\/roveyayinevi.com.tr\/index.php\/wp-json\/wp\/v2\/media?parent=708885"}],"wp:term":[{"taxonomy":"product_brand","embeddable":true,"href":"https:\/\/roveyayinevi.com.tr\/index.php\/wp-json\/wp\/v2\/product_brand?post=708885"},{"taxonomy":"product_cat","embeddable":true,"href":"https:\/\/roveyayinevi.com.tr\/index.php\/wp-json\/wp\/v2\/product_cat?post=708885"},{"taxonomy":"product_tag","embeddable":true,"href":"https:\/\/roveyayinevi.com.tr\/index.php\/wp-json\/wp\/v2\/product_tag?post=708885"}],"curies":[{"name":"wp","href":"https:\/\/api.w.org\/{rel}","templated":true}]}}