{"id":708882,"date":"2025-08-27T16:19:22","date_gmt":"2025-08-27T13:19:22","guid":{"rendered":"https:\/\/roveyayinevi.com.tr\/index.php\/urun\/huznun-fizigi\/"},"modified":"2026-04-16T02:17:35","modified_gmt":"2026-04-15T23:17:35","slug":"huznun-fizigi","status":"publish","type":"product","link":"https:\/\/roveyayinevi.com.tr\/index.php\/urun\/huznun-fizigi\/","title":{"rendered":"H\u00fczn\u00fcn Fizi\u011fi"},"content":{"rendered":"<p>\u201cBen ge\u00e7mi\u015f sat\u0131n alan bir ki\u015fiyim. \u00d6yk\u00fc t\u00fcccar\u0131. Ba\u015fkalar\u0131 \u00e7ay, ki\u015fni\u015f, \u00e7ek senet, alt\u0131n saat, toprak ticareti yapar. Ben geziyorum ve toptan ge\u00e7mi\u015f sat\u0131n al\u0131yorum. Bana ne derseniz deyin, ne isim verirseniz verin. Elinde toprak olanlara \u2018toprak sahibi\u2019 derler, ben zaman sahibiyim, ba\u015fkalar\u0131na ait zaman\u0131n sahibiyim, ba\u015fkalar\u0131na ait \u00f6yk\u00fclerin ve ge\u00e7mi\u015fin sahibiyim. D\u00fcr\u00fcst bir al\u0131c\u0131y\u0131m, fiyat\u0131 asla d\u00fc\u015f\u00fcrmeye \u00e7al\u0131\u015fmam.\u201dBulgar yazar Georgi Gospodinov\u2019un d\u00f6nemden d\u00f6neme, hik\u00e2yeden hik\u00e2yeye atlayarak ince ince kurdu\u011fu bir labirent-roman H\u00fczn\u00fcn Fizi\u011fi. Roman\u0131n anlat\u0131c\u0131s\u0131, ba\u015fkalar\u0131n\u0131n zihinlerine n\u00fcfuz edip onlar\u0131n ya\u015fad\u0131klar\u0131n\u0131 ya\u015fayabilen, hayat denen labirentte kaybolmu\u015f, kendini kaybedip ba\u015fkalar\u0131nda bulmu\u015f bir adam. Onun hik\u00e2yesinin i\u00e7 i\u00e7e ge\u00e7mi\u015f koridorlar\u0131nda dola\u015f\u0131rken biz de kaybolup kendimizi onda buluyoruz \u2013 zira anlatt\u0131klar\u0131 \u00f6ylesine samimi, \u00f6ylesine duygulu, h\u00fcz\u00fcnl\u00fc, komik, derin, dokunakl\u0131\u2026 <\/p>\n","protected":false},"excerpt":{"rendered":"<p>\u201cBen ge\u00e7mi\u015f sat\u0131n alan bir ki\u015fiyim. \u00d6yk\u00fc t\u00fcccar\u0131. Ba\u015fkalar\u0131 \u00e7ay, ki\u015fni\u015f, \u00e7ek senet, alt\u0131n saat, toprak ticareti yapar. Ben geziyorum ve toptan ge\u00e7mi\u015f sat\u0131n al\u0131yorum. Bana<span class=\"excerpt-hellip\"> [\u2026]<\/span><\/p>\n","protected":false},"featured_media":0,"template":"","meta":{"_monsterinsights_skip_tracking":false,"_monsterinsights_sitenote_active":false,"_monsterinsights_sitenote_note":"","_monsterinsights_sitenote_category":0},"product_brand":[],"product_cat":[12291,12711],"product_tag":[],"class_list":{"0":"post-708882","1":"product","2":"type-product","3":"status-publish","5":"product_cat-edebiyat","6":"product_cat-roman-oyku","7":"pa_cilt-ciltsiz","8":"pa_tur-kitap","9":"pa_yayinevi-metis-yayinlari","10":"pa_yazar-georgi-gaspodinov","12":"first","13":"instock","14":"sale","15":"shipping-taxable","16":"purchasable","17":"product-type-simple"},"_links":{"self":[{"href":"https:\/\/roveyayinevi.com.tr\/index.php\/wp-json\/wp\/v2\/product\/708882","targetHints":{"allow":["GET"]}}],"collection":[{"href":"https:\/\/roveyayinevi.com.tr\/index.php\/wp-json\/wp\/v2\/product"}],"about":[{"href":"https:\/\/roveyayinevi.com.tr\/index.php\/wp-json\/wp\/v2\/types\/product"}],"wp:attachment":[{"href":"https:\/\/roveyayinevi.com.tr\/index.php\/wp-json\/wp\/v2\/media?parent=708882"}],"wp:term":[{"taxonomy":"product_brand","embeddable":true,"href":"https:\/\/roveyayinevi.com.tr\/index.php\/wp-json\/wp\/v2\/product_brand?post=708882"},{"taxonomy":"product_cat","embeddable":true,"href":"https:\/\/roveyayinevi.com.tr\/index.php\/wp-json\/wp\/v2\/product_cat?post=708882"},{"taxonomy":"product_tag","embeddable":true,"href":"https:\/\/roveyayinevi.com.tr\/index.php\/wp-json\/wp\/v2\/product_tag?post=708882"}],"curies":[{"name":"wp","href":"https:\/\/api.w.org\/{rel}","templated":true}]}}