{"id":708881,"date":"2025-08-27T16:19:22","date_gmt":"2025-08-27T13:19:22","guid":{"rendered":"https:\/\/roveyayinevi.com.tr\/index.php\/urun\/dusmanligin-faydalari\/"},"modified":"2026-04-16T02:17:35","modified_gmt":"2026-04-15T23:17:35","slug":"dusmanligin-faydalari","status":"publish","type":"product","link":"https:\/\/roveyayinevi.com.tr\/index.php\/urun\/dusmanligin-faydalari\/","title":{"rendered":"D\u00fc\u015fmanl\u0131\u011f\u0131n Faydalar\u0131"},"content":{"rendered":"<p>Hayat sadece sevin\u00e7lerden olu\u015fmaz. \u00c7o\u011fu zaman ho\u015flanmasak ve ka\u00e7\u0131nsak da, ya\u015fant\u0131m\u0131zda d\u00fc\u015fmanl\u0131klara da yer vard\u0131r. \u00c2deta insan olman\u0131n z\u0131t kutuplar\u0131ndan kaynaklanan bir zorunluluktur bu. Zira herkesin ne\u015feye ve ac\u0131ya, sevince ve k\u0131zg\u0131nl\u0131\u011fa, memnuniyete ve ho\u015fnutsuzlu\u011fa kabiliyeti oldu\u011fu gibi iyiye ve k\u00f6t\u00fcye de kabiliyeti vard\u0131r. O halde kendimize \u015fu soruyu sormam\u0131z gerekir: D\u00fc\u015fmanl\u0131k ne i\u015fe yarar ve onu hayat\u0131m\u0131zda tutmam\u0131z\u0131n alt\u0131nda ne yatar? Sigara i\u00e7enlerle i\u00e7meyenler, k\u00f6pek sevenlerle kedi sevenler, et yiyenlerle vejetaryenler, arabal\u0131larla yayalar, inananlarla inan\u00e7s\u0131zlar&#8230; Envai \u00e7e\u015fit ve taban tabana z\u0131t hayat tarzlar\u0131na ve bak\u0131\u015f a\u00e7\u0131lar\u0131na \u00e7evremizde her zaman rastlamak m\u00fcmk\u00fcn. Peki bu t\u00fcr ihtilafl\u0131 durumlar neden s\u00fcrekli ya\u015fan\u0131yor? Rekabet d\u00fc\u015fmanl\u0131\u011fa yol a\u00e7an ba\u015fl\u0131ca neden midir? \u0130nsanlar\u0131n \u201ck\u00f6t\u00fc\u201d kavram\u0131n\u0131 ba\u015fkalar\u0131nda g\u00f6rme ihtiyac\u0131 neden bu kadar b\u00fcy\u00fck? D\u00fc\u015fmanl\u0131\u011f\u0131n her seferinde yeniden ortaya \u00e7\u0131k\u0131\u015f\u0131ndaki kesinlik nas\u0131l a\u00e7\u0131klanmal\u0131? \u0130nsanlar\u0131n b\u00fct\u00fcn diren\u00e7lere ra\u011fmen d\u00fc\u015fmanl\u0131klar\u0131n\u0131 s\u00fcrd\u00fcrmelerindeki inad\u0131n sebebi nedir? D\u00fc\u015fmanl\u0131k hayatlar\u0131m\u0131za belli bir y\u00f6nelim ve istikrar m\u0131 sa\u011flar? D\u00fc\u015fman\u0131n\u0131 sevmek ne demektir ve bu m\u00fcmk\u00fcn m\u00fcd\u00fcr? Kitaplar\u0131 d\u00fcnya \u00e7ap\u0131nda ilgiyle okunan Alman felsefeci Wilhelm Schmid, D\u00fc\u015fmanl\u0131\u011f\u0131n Faydalar\u0131\u2019nda d\u00fc\u015fmanl\u0131k kavram\u0131n\u0131 hayat\u0131m\u0131zdan silmeye \u00e7al\u0131\u015fmak yerine onu benimsemeyi ve ondan elde edebilece\u011fimiz faydalara odaklanmay\u0131 \u00f6neriyor.<\/p>\n","protected":false},"excerpt":{"rendered":"<p>Hayat sadece sevin\u00e7lerden olu\u015fmaz. \u00c7o\u011fu zaman ho\u015flanmasak ve ka\u00e7\u0131nsak da, ya\u015fant\u0131m\u0131zda d\u00fc\u015fmanl\u0131klara da yer vard\u0131r. \u00c2deta insan olman\u0131n z\u0131t kutuplar\u0131ndan kaynaklanan bir zorunluluktur bu. Zira herkesin<span class=\"excerpt-hellip\"> [\u2026]<\/span><\/p>\n","protected":false},"featured_media":0,"template":"","meta":{"_monsterinsights_skip_tracking":false,"_monsterinsights_sitenote_active":false,"_monsterinsights_sitenote_note":"","_monsterinsights_sitenote_category":0},"product_brand":[],"product_cat":[12291],"product_tag":[],"class_list":{"0":"post-708881","1":"product","2":"type-product","3":"status-publish","5":"product_cat-edebiyat","6":"pa_cilt-ciltsiz","7":"pa_tur-kitap","8":"pa_yayinevi-iletisim-yayinlari","9":"pa_yazar-wilhelm-schmid","11":"first","12":"instock","13":"sale","14":"shipping-taxable","15":"purchasable","16":"product-type-simple"},"_links":{"self":[{"href":"https:\/\/roveyayinevi.com.tr\/index.php\/wp-json\/wp\/v2\/product\/708881","targetHints":{"allow":["GET"]}}],"collection":[{"href":"https:\/\/roveyayinevi.com.tr\/index.php\/wp-json\/wp\/v2\/product"}],"about":[{"href":"https:\/\/roveyayinevi.com.tr\/index.php\/wp-json\/wp\/v2\/types\/product"}],"wp:attachment":[{"href":"https:\/\/roveyayinevi.com.tr\/index.php\/wp-json\/wp\/v2\/media?parent=708881"}],"wp:term":[{"taxonomy":"product_brand","embeddable":true,"href":"https:\/\/roveyayinevi.com.tr\/index.php\/wp-json\/wp\/v2\/product_brand?post=708881"},{"taxonomy":"product_cat","embeddable":true,"href":"https:\/\/roveyayinevi.com.tr\/index.php\/wp-json\/wp\/v2\/product_cat?post=708881"},{"taxonomy":"product_tag","embeddable":true,"href":"https:\/\/roveyayinevi.com.tr\/index.php\/wp-json\/wp\/v2\/product_tag?post=708881"}],"curies":[{"name":"wp","href":"https:\/\/api.w.org\/{rel}","templated":true}]}}