{"id":708878,"date":"2025-08-27T16:19:20","date_gmt":"2025-08-27T13:19:20","guid":{"rendered":"https:\/\/roveyayinevi.com.tr\/index.php\/urun\/arkadasim-kirpi\/"},"modified":"2026-04-16T02:17:35","modified_gmt":"2026-04-15T23:17:35","slug":"arkadasim-kirpi","status":"publish","type":"product","link":"https:\/\/roveyayinevi.com.tr\/index.php\/urun\/arkadasim-kirpi\/","title":{"rendered":"Arkada\u015f\u0131m Kirpi"},"content":{"rendered":"<p>Bilgin Dede sizi \u00f6yk\u00fcler diyar\u0131nda e\u011flenceli bir yolculu\u011fa \u00e7\u0131kar\u0131yor! Peki, bu \u00f6yk\u00fclerde kimlerle tan\u0131\u015facaks\u0131n\u0131z? Rengarenk bir u\u00e7urtman\u0131n pe\u015findeki Umut Bar\u0131\u015f&#8217;la, Tela\u015fl\u0131 do\u011fum g\u00fcn\u00fc \u00e7ocu\u011fu Ya\u011fmur&#8217;la, U\u011fur B\u00f6ce\u011fi U\u011fur&#8217;la, Kirpi dostu Can&#8217;la, Sevimli uzayl\u0131larla ve U-gi&#8217;yle tan\u0131\u015facak, onlar\u0131 \u00e7ok seveceksiniz! \ufffcTan\u0131t\u0131m Metni<\/p>\n","protected":false},"excerpt":{"rendered":"<p>Bilgin Dede sizi \u00f6yk\u00fcler diyar\u0131nda e\u011flenceli bir yolculu\u011fa \u00e7\u0131kar\u0131yor! Peki, bu \u00f6yk\u00fclerde kimlerle tan\u0131\u015facaks\u0131n\u0131z? Rengarenk bir u\u00e7urtman\u0131n pe\u015findeki Umut Bar\u0131\u015f&#8217;la, Tela\u015fl\u0131 do\u011fum g\u00fcn\u00fc \u00e7ocu\u011fu Ya\u011fmur&#8217;la, U\u011fur<span class=\"excerpt-hellip\"> [\u2026]<\/span><\/p>\n","protected":false},"featured_media":0,"template":"","meta":{"_monsterinsights_skip_tracking":false,"_monsterinsights_sitenote_active":false,"_monsterinsights_sitenote_note":"","_monsterinsights_sitenote_category":0},"product_brand":[],"product_cat":[12275,12274],"product_tag":[],"class_list":{"0":"post-708878","1":"product","2":"type-product","3":"status-publish","5":"product_cat-6-12-yas-kitaplari","6":"product_cat-cocuk-ve-genclik-kitaplari","7":"pa_cilt-ciltsiz","8":"pa_tur-kitap","9":"pa_yayinevi-fom-kitap","10":"pa_yazar-bilgin-adali","12":"first","13":"instock","14":"sale","15":"shipping-taxable","16":"purchasable","17":"product-type-simple"},"_links":{"self":[{"href":"https:\/\/roveyayinevi.com.tr\/index.php\/wp-json\/wp\/v2\/product\/708878","targetHints":{"allow":["GET"]}}],"collection":[{"href":"https:\/\/roveyayinevi.com.tr\/index.php\/wp-json\/wp\/v2\/product"}],"about":[{"href":"https:\/\/roveyayinevi.com.tr\/index.php\/wp-json\/wp\/v2\/types\/product"}],"wp:attachment":[{"href":"https:\/\/roveyayinevi.com.tr\/index.php\/wp-json\/wp\/v2\/media?parent=708878"}],"wp:term":[{"taxonomy":"product_brand","embeddable":true,"href":"https:\/\/roveyayinevi.com.tr\/index.php\/wp-json\/wp\/v2\/product_brand?post=708878"},{"taxonomy":"product_cat","embeddable":true,"href":"https:\/\/roveyayinevi.com.tr\/index.php\/wp-json\/wp\/v2\/product_cat?post=708878"},{"taxonomy":"product_tag","embeddable":true,"href":"https:\/\/roveyayinevi.com.tr\/index.php\/wp-json\/wp\/v2\/product_tag?post=708878"}],"curies":[{"name":"wp","href":"https:\/\/api.w.org\/{rel}","templated":true}]}}