{"id":708877,"date":"2025-08-27T16:19:20","date_gmt":"2025-08-27T13:19:20","guid":{"rendered":"https:\/\/roveyayinevi.com.tr\/index.php\/urun\/adan-zye-dunya-mitolojisi\/"},"modified":"2026-04-16T02:17:35","modified_gmt":"2026-04-15T23:17:35","slug":"adan-zye-dunya-mitolojisi","status":"publish","type":"product","link":"https:\/\/roveyayinevi.com.tr\/index.php\/urun\/adan-zye-dunya-mitolojisi\/","title":{"rendered":"A\u2019dan Z\u2019ye D\u00fcnya Mitolojisi"},"content":{"rendered":"<p>Eskiden mitler halklar\u0131n tarihini anlatan \u00f6yk\u00fcler olarak okunurdu. Fakat Carl G. Jung, Mircea Eliade, Joseph Campbell ve Claude L\u00e9vi-Strauss gibi \u00e7a\u011fda\u015f ara\u015ft\u0131rmac\u0131lar mitlere daha farkl\u0131 bir g\u00f6zle bakmam\u0131z\u0131 sa\u011flad\u0131lar. Mitler halklar\u0131n kolektif bilin\u00e7d\u0131\u015f\u0131nda olup bitenlerin yans\u0131mas\u0131yd\u0131, \u201cuygar\u201d\u0131n zihni de mit yaratmaya en az \u201cilkel\u201din zihni kadar yatk\u0131nd\u0131 ve t\u00fcm halklar\u0131n bilin\u00e7d\u0131\u015f\u0131n\u0131n yans\u0131mas\u0131 olan bu \u00f6yk\u00fclerde belli arketipler vard\u0131. David A. Leeming A\u2019dan Z\u2019ye D\u00fcnya Mitolojisi\u2019nde mitlerin g\u00fcn\u00fcm\u00fczde nas\u0131l okunmas\u0131 gerekti\u011fine dair k\u0131sa bir giri\u015ften sonra d\u00fcnyan\u0131n belli ba\u015fl\u0131 t\u00fcm halklar\u0131n\u0131n ortaya \u00e7\u0131k\u0131\u015flar\u0131, var olu\u015flar\u0131, ya\u015fay\u0131\u015flar\u0131, do\u011fay\u0131 ve kendilerini alg\u0131lay\u0131\u015flar\u0131 hakk\u0131nda anlatageldi\u011fi \u00f6yk\u00fcleri sizin i\u00e7in \u00f6zetliyor. Tek bir cilt i\u00e7erisinde sadece eski Yunan de\u011fil, Kelt, \u0130skandinav, Aborjin, Maya, Hint, Japon, K\u0131z\u0131lderili, Dogon ve ba\u015fka bir\u00e7ok halk\u0131n mitolojisini bulacaks\u0131n\u0131z.<\/p>\n","protected":false},"excerpt":{"rendered":"<p>Eskiden mitler halklar\u0131n tarihini anlatan \u00f6yk\u00fcler olarak okunurdu. Fakat Carl G. Jung, Mircea Eliade, Joseph Campbell ve Claude L\u00e9vi-Strauss gibi \u00e7a\u011fda\u015f ara\u015ft\u0131rmac\u0131lar mitlere daha farkl\u0131 bir<span class=\"excerpt-hellip\"> [\u2026]<\/span><\/p>\n","protected":false},"featured_media":0,"template":"","meta":{"_monsterinsights_skip_tracking":false,"_monsterinsights_sitenote_active":false,"_monsterinsights_sitenote_note":"","_monsterinsights_sitenote_category":0},"product_brand":[],"product_cat":[12312,12304],"product_tag":[],"class_list":{"0":"post-708877","1":"product","2":"type-product","3":"status-publish","5":"product_cat-diger","6":"product_cat-tarih","7":"pa_cilt-ciltsiz","8":"pa_tur-kitap","9":"pa_yayinevi-say-yayinlari","10":"pa_yazar-david-adam-leeming","12":"first","13":"instock","14":"sale","15":"shipping-taxable","16":"purchasable","17":"product-type-simple"},"_links":{"self":[{"href":"https:\/\/roveyayinevi.com.tr\/index.php\/wp-json\/wp\/v2\/product\/708877","targetHints":{"allow":["GET"]}}],"collection":[{"href":"https:\/\/roveyayinevi.com.tr\/index.php\/wp-json\/wp\/v2\/product"}],"about":[{"href":"https:\/\/roveyayinevi.com.tr\/index.php\/wp-json\/wp\/v2\/types\/product"}],"wp:attachment":[{"href":"https:\/\/roveyayinevi.com.tr\/index.php\/wp-json\/wp\/v2\/media?parent=708877"}],"wp:term":[{"taxonomy":"product_brand","embeddable":true,"href":"https:\/\/roveyayinevi.com.tr\/index.php\/wp-json\/wp\/v2\/product_brand?post=708877"},{"taxonomy":"product_cat","embeddable":true,"href":"https:\/\/roveyayinevi.com.tr\/index.php\/wp-json\/wp\/v2\/product_cat?post=708877"},{"taxonomy":"product_tag","embeddable":true,"href":"https:\/\/roveyayinevi.com.tr\/index.php\/wp-json\/wp\/v2\/product_tag?post=708877"}],"curies":[{"name":"wp","href":"https:\/\/api.w.org\/{rel}","templated":true}]}}