{"id":708874,"date":"2025-08-27T16:19:18","date_gmt":"2025-08-27T13:19:18","guid":{"rendered":"https:\/\/roveyayinevi.com.tr\/index.php\/urun\/dunya-trumpa-mi-kalacak\/"},"modified":"2026-04-16T02:17:35","modified_gmt":"2026-04-15T23:17:35","slug":"dunya-trumpa-mi-kalacak","status":"publish","type":"product","link":"https:\/\/roveyayinevi.com.tr\/index.php\/urun\/dunya-trumpa-mi-kalacak\/","title":{"rendered":"D\u00fcnya Trump\u2019a M\u0131 Kalacak?"},"content":{"rendered":"<p>K\u00fcreselle\u015fmenin ma\u011fduru oldu\u011funu d\u00fc\u015f\u00fcnen d\u00fcnya halklar\u0131\u2026 Demokrasinin  be\u015fi\u011fi say\u0131lan \u00fclkelerde y\u00fckselen pop\u00fclizm dalgas\u0131\u2026  \u0130ngiltere\u2019de \u201cBrexit\u201d, ABD\u2019de Trump \u015foku\u2026 Y\u00fckselen tek adam rejimleri\u2026 \u0130\u00e7ine kapanan T\u00fcrkiye\u2026    T\u00fcm bunlar\u0131 d\u00fc\u015f\u00fcn\u00fcrken uykular\u0131 ka\u00e7anlar i\u00e7in yaz\u0131ld\u0131 D\u00fcnya Trump\u2019a m\u0131 Kalacak?  Osman Ulagay k\u00fcreselle\u015fmenin yaratt\u0131\u011f\u0131 hayal k\u0131r\u0131kl\u0131\u011f\u0131n\u0131n izlerini s\u00fcr\u00fcyor; insanl\u0131\u011f\u0131n bu zor zamanlara nas\u0131l geldi\u011fini; yeni d\u00fcnya d\u00fczeni hayallerinin nas\u0131l eski g\u00fczel g\u00fcnlere \u00f6zleme, kurtar\u0131c\u0131 aray\u0131\u015f\u0131n\u0131n nas\u0131l tek adam rejimlerine d\u00f6n\u00fc\u015ft\u00fc\u011f\u00fcn\u00fc mercek alt\u0131na al\u0131yor.   Ulagay\u2019\u0131n okura bir iyi, bir de k\u00f6t\u00fc haberi var. \u0130yi haber: \u0130nsanl\u0131\u011f\u0131n gelece\u011fini y\u0131ld\u0131z\u0131 y\u00fckselen pop\u00fclist liderler belirlemeyecek. Bu liderlerin miad\u0131 ya\u015fanan sanc\u0131l\u0131 ge\u00e7i\u015f d\u00f6neminin ard\u0131ndan dolacak. K\u00f6t\u00fc haber ise, s\u00f6z konusu ge\u00e7i\u015f d\u00f6neminin biraz uzun s\u00fcrecek olmas\u0131\u2026   D\u00fcnya Trump\u2019a m\u0131 Kalacak? i\u00e7ine kapanan bir \u00fclkede ya\u015fay\u0131p da k\u00fcresel sorunlar\u0131n neden ve nas\u0131l geli\u015fti\u011fini anlamaya \u00e7al\u0131\u015fan, yeni bir gelecek tahayy\u00fcl\u00fcne cesaret  edenler i\u00e7in kaleme al\u0131nd\u0131.   \u201cSon 35 y\u0131l\u0131n ekonomik, toplumsal ve siyasal serencam\u0131n\u0131 anlamak ve gelecek \u00fczerinde d\u00fc\u015f\u00fcnmeye ba\u015flamak i\u00e7in bu kitaptan daha iyi bir rehberin kolay bulunmayaca\u011f\u0131n\u0131 san\u0131yorum.\u201d Soli \u00d6zel <\/p>\n","protected":false},"excerpt":{"rendered":"<p>K\u00fcreselle\u015fmenin ma\u011fduru oldu\u011funu d\u00fc\u015f\u00fcnen d\u00fcnya halklar\u0131\u2026 Demokrasinin be\u015fi\u011fi say\u0131lan \u00fclkelerde y\u00fckselen pop\u00fclizm dalgas\u0131\u2026 \u0130ngiltere\u2019de \u201cBrexit\u201d, ABD\u2019de Trump \u015foku\u2026 Y\u00fckselen tek adam rejimleri\u2026 \u0130\u00e7ine kapanan T\u00fcrkiye\u2026 T\u00fcm<span class=\"excerpt-hellip\"> [\u2026]<\/span><\/p>\n","protected":false},"featured_media":0,"template":"","meta":{"_monsterinsights_skip_tracking":false,"_monsterinsights_sitenote_active":false,"_monsterinsights_sitenote_note":"","_monsterinsights_sitenote_category":0},"product_brand":[],"product_cat":[12338,12337],"product_tag":[],"class_list":{"0":"post-708874","1":"product","2":"type-product","3":"status-publish","5":"product_cat-dunya-siyaseti-ve-politikasi","6":"product_cat-politika-siyaset","7":"pa_cilt-ciltsiz","8":"pa_tur-kitap","9":"pa_yayinevi-dogan-kitap","10":"pa_yazar-osman-ulagay","12":"first","13":"instock","14":"sale","15":"shipping-taxable","16":"purchasable","17":"product-type-simple"},"_links":{"self":[{"href":"https:\/\/roveyayinevi.com.tr\/index.php\/wp-json\/wp\/v2\/product\/708874","targetHints":{"allow":["GET"]}}],"collection":[{"href":"https:\/\/roveyayinevi.com.tr\/index.php\/wp-json\/wp\/v2\/product"}],"about":[{"href":"https:\/\/roveyayinevi.com.tr\/index.php\/wp-json\/wp\/v2\/types\/product"}],"wp:attachment":[{"href":"https:\/\/roveyayinevi.com.tr\/index.php\/wp-json\/wp\/v2\/media?parent=708874"}],"wp:term":[{"taxonomy":"product_brand","embeddable":true,"href":"https:\/\/roveyayinevi.com.tr\/index.php\/wp-json\/wp\/v2\/product_brand?post=708874"},{"taxonomy":"product_cat","embeddable":true,"href":"https:\/\/roveyayinevi.com.tr\/index.php\/wp-json\/wp\/v2\/product_cat?post=708874"},{"taxonomy":"product_tag","embeddable":true,"href":"https:\/\/roveyayinevi.com.tr\/index.php\/wp-json\/wp\/v2\/product_tag?post=708874"}],"curies":[{"name":"wp","href":"https:\/\/api.w.org\/{rel}","templated":true}]}}