{"id":708872,"date":"2025-08-27T16:19:17","date_gmt":"2025-08-27T13:19:17","guid":{"rendered":"https:\/\/roveyayinevi.com.tr\/index.php\/urun\/isigin-yolu\/"},"modified":"2026-04-16T02:17:35","modified_gmt":"2026-04-15T23:17:35","slug":"isigin-yolu","status":"publish","type":"product","link":"https:\/\/roveyayinevi.com.tr\/index.php\/urun\/isigin-yolu\/","title":{"rendered":"I\u015f\u0131\u011f\u0131n Yolu"},"content":{"rendered":"<p>\u0130li\u015fkilerde incinir, ili\u015fkilerde iyile\u015firiz\u2026 Ay\u015fenur\u2019un yolculu\u011fu Michael ile tan\u0131\u015ft\u0131\u011f\u0131nda ba\u015flad\u0131. Karakteri sand\u0131\u011f\u0131, de\u011fi\u015fmez bildi\u011fi pek \u00e7ok \u00f6zelli\u011finin asl\u0131nda mizac\u0131na yap\u0131\u015fm\u0131\u015f zehirli sarma\u015f\u0131k dallar\u0131 oldu\u011funu Michael ile ili\u015fkisinde anlayacakt\u0131. Ve o zehirli sarma\u015f\u0131klar\u0131 ki\u015fili\u011finden, bak\u0131\u015f a\u00e7\u0131s\u0131ndan, hayat\u0131ndan s\u00f6kmenin yolunu \u00f6\u011frenecekti. Ge\u00e7mi\u015fi de\u011fi\u015ftirerek de\u011fil, ge\u00e7mi\u015ften ka\u00e7arak da de\u011fil, ge\u00e7mi\u015ften anlam \u00e7\u0131kararak. Bu ili\u015fkide do\u011fdu k\u0131zlar\u0131 I\u015f\u0131k. Yolculu\u011fun yeni bir d\u00f6nemecine girmi\u015flerdi. Ge\u00e7mi\u015f bir kez daha \u015fimdi oluyordu ve Ay\u015fenur bu kez k\u0131z\u0131yla ili\u015fkisinde kendini tan\u0131yordu. B\u00fct\u00fcn zorlanmalar\u0131n alt\u0131ndan kendisi ve kendi annesiyle ili\u015fkisi \u00e7\u0131k\u0131yordu. \u00c7ok \u015fey \u00f6\u011frendi bu yolculukta Ay\u015fenur. N\u00f6robilim, felsefe, \u015fiir, mindfulness, tasavvuf i\u00e7eren limanlara savruldu. Hepsi kendi hik\u00e2yesini anlamland\u0131rd\u0131. Mevl\u00e2n\u00e2\u2019n\u0131n s\u00f6z\u00fcnde ayd\u0131nland\u0131: \u201cYaralar\u0131m\u0131z, \u0131\u015f\u0131\u011f\u0131n i\u00e7eri girdi\u011fi yerdir.\u201d   I\u015f\u0131\u011f\u0131n Yolu, Psikolog Nil\u00fcfer Devecigil\u2019den anne baba olmaya, ba\u011flanmaya, ge\u00e7mi\u015fin yaralar\u0131n\u0131 sa\u011faltmaya dair \u00e7arp\u0131c\u0131 bir hik\u00e2ye\u2026 <\/p>\n","protected":false},"excerpt":{"rendered":"<p>\u0130li\u015fkilerde incinir, ili\u015fkilerde iyile\u015firiz\u2026 Ay\u015fenur\u2019un yolculu\u011fu Michael ile tan\u0131\u015ft\u0131\u011f\u0131nda ba\u015flad\u0131. Karakteri sand\u0131\u011f\u0131, de\u011fi\u015fmez bildi\u011fi pek \u00e7ok \u00f6zelli\u011finin asl\u0131nda mizac\u0131na yap\u0131\u015fm\u0131\u015f zehirli sarma\u015f\u0131k dallar\u0131 oldu\u011funu Michael ile<span class=\"excerpt-hellip\"> [\u2026]<\/span><\/p>\n","protected":false},"featured_media":0,"template":"","meta":{"_monsterinsights_skip_tracking":false,"_monsterinsights_sitenote_active":false,"_monsterinsights_sitenote_note":"","_monsterinsights_sitenote_category":0},"product_brand":[],"product_cat":[12291,12711],"product_tag":[],"class_list":{"0":"post-708872","1":"product","2":"type-product","3":"status-publish","5":"product_cat-edebiyat","6":"product_cat-roman-oyku","7":"pa_cilt-ciltsiz","8":"pa_tur-kitap","9":"pa_yayinevi-dogan-kitap","10":"pa_yazar-nilufer-devecigil","12":"first","13":"instock","14":"sale","15":"shipping-taxable","16":"purchasable","17":"product-type-simple"},"_links":{"self":[{"href":"https:\/\/roveyayinevi.com.tr\/index.php\/wp-json\/wp\/v2\/product\/708872","targetHints":{"allow":["GET"]}}],"collection":[{"href":"https:\/\/roveyayinevi.com.tr\/index.php\/wp-json\/wp\/v2\/product"}],"about":[{"href":"https:\/\/roveyayinevi.com.tr\/index.php\/wp-json\/wp\/v2\/types\/product"}],"wp:attachment":[{"href":"https:\/\/roveyayinevi.com.tr\/index.php\/wp-json\/wp\/v2\/media?parent=708872"}],"wp:term":[{"taxonomy":"product_brand","embeddable":true,"href":"https:\/\/roveyayinevi.com.tr\/index.php\/wp-json\/wp\/v2\/product_brand?post=708872"},{"taxonomy":"product_cat","embeddable":true,"href":"https:\/\/roveyayinevi.com.tr\/index.php\/wp-json\/wp\/v2\/product_cat?post=708872"},{"taxonomy":"product_tag","embeddable":true,"href":"https:\/\/roveyayinevi.com.tr\/index.php\/wp-json\/wp\/v2\/product_tag?post=708872"}],"curies":[{"name":"wp","href":"https:\/\/api.w.org\/{rel}","templated":true}]}}