{"id":708870,"date":"2025-08-27T16:19:16","date_gmt":"2025-08-27T13:19:16","guid":{"rendered":"https:\/\/roveyayinevi.com.tr\/index.php\/urun\/kayip-hasta\/"},"modified":"2026-04-16T02:17:35","modified_gmt":"2026-04-15T23:17:35","slug":"kayip-hasta","status":"publish","type":"product","link":"https:\/\/roveyayinevi.com.tr\/index.php\/urun\/kayip-hasta\/","title":{"rendered":"Kay\u0131p Hasta"},"content":{"rendered":"<p>21. y\u00fczy\u0131lda bilinmeyen bir \u00fclke&#8230; Elle tutulamaz, g\u00f6zle g\u00f6r\u00fclemez bir ger\u00e7ekli\u011fin koridorlar\u0131nda cirit att\u0131\u011f\u0131 Devlet Ara\u015ft\u0131rma Hastanesi\u2019nde bulmu\u015ftur kendini Ali Z. Yan\u0131nda kimli\u011fi yoktur, \u00e7antas\u0131n\u0131 kaybetmi\u015ftir. \u00dcstelik oraya nas\u0131l geldi\u011fini de hat\u0131rlamamaktad\u0131r.   Ali Z., Sistem adl\u0131 yapay zek\u00e2n\u0131n y\u00f6netti\u011fi ak\u0131ll\u0131 hastanenin alt katlar\u0131na  do\u011fru indik\u00e7e sadece Devlet Ara\u015ft\u0131rma Hastanesi\u2019nin de\u011fil kendi ge\u00e7mi\u015finin s\u0131rlar\u0131n\u0131 da ke\u015ffedecektir. Herkesin her \u015feyi bildi\u011fi ya da bilir g\u00f6r\u00fcnd\u00fc\u011f\u00fc, b\u00fct\u00fcn s\u0131rlar\u0131n ketum gevezeliklerle \u00f6rt\u00fcld\u00fc\u011f\u00fc bu garip d\u00fcnyada, numaraland\u0131rm\u0131\u015f dosyalar, so\u011fuk makinalar, yapay bir manzaraya bakan pencereler aras\u0131nda \u00e7\u0131k\u0131\u015f yolunu arar Ali Z. Birey ile Sistem, ba\u015fkald\u0131r\u0131 ile itaat aras\u0131ndaki o amans\u0131z \u00e7eli\u015fkide v\u00fccut bulan bu d\u00fcnyada \u00c7IKI\u015e YOK\u2019tur!   Mehmet A\u00e7ar\u2019dan \u201cToplum m\u00fchendisli\u011fi\u201d \u00fczerine gizli deneyler, derin devletin g\u00fcnahlar\u0131, beynin s\u0131rlar\u0131, bilin\u00e7d\u0131\u015f\u0131, haf\u0131za ve r\u00fcyalar \u00fczerine, ironi duygusunun eksik olmad\u0131\u011f\u0131 Kafkaesk bir roman. <\/p>\n","protected":false},"excerpt":{"rendered":"<p>21. y\u00fczy\u0131lda bilinmeyen bir \u00fclke&#8230; Elle tutulamaz, g\u00f6zle g\u00f6r\u00fclemez bir ger\u00e7ekli\u011fin koridorlar\u0131nda cirit att\u0131\u011f\u0131 Devlet Ara\u015ft\u0131rma Hastanesi\u2019nde bulmu\u015ftur kendini Ali Z. Yan\u0131nda kimli\u011fi yoktur, \u00e7antas\u0131n\u0131 kaybetmi\u015ftir.<span class=\"excerpt-hellip\"> [\u2026]<\/span><\/p>\n","protected":false},"featured_media":0,"template":"","meta":{"_monsterinsights_skip_tracking":false,"_monsterinsights_sitenote_active":false,"_monsterinsights_sitenote_note":"","_monsterinsights_sitenote_category":0},"product_brand":[],"product_cat":[12291,12711],"product_tag":[],"class_list":{"0":"post-708870","1":"product","2":"type-product","3":"status-publish","5":"product_cat-edebiyat","6":"product_cat-roman-oyku","7":"pa_cilt-ciltsiz","8":"pa_tur-kitap","9":"pa_yayinevi-dogan-kitap","10":"pa_yazar-mehmet-acar","12":"first","13":"instock","14":"sale","15":"shipping-taxable","16":"purchasable","17":"product-type-simple"},"_links":{"self":[{"href":"https:\/\/roveyayinevi.com.tr\/index.php\/wp-json\/wp\/v2\/product\/708870","targetHints":{"allow":["GET"]}}],"collection":[{"href":"https:\/\/roveyayinevi.com.tr\/index.php\/wp-json\/wp\/v2\/product"}],"about":[{"href":"https:\/\/roveyayinevi.com.tr\/index.php\/wp-json\/wp\/v2\/types\/product"}],"wp:attachment":[{"href":"https:\/\/roveyayinevi.com.tr\/index.php\/wp-json\/wp\/v2\/media?parent=708870"}],"wp:term":[{"taxonomy":"product_brand","embeddable":true,"href":"https:\/\/roveyayinevi.com.tr\/index.php\/wp-json\/wp\/v2\/product_brand?post=708870"},{"taxonomy":"product_cat","embeddable":true,"href":"https:\/\/roveyayinevi.com.tr\/index.php\/wp-json\/wp\/v2\/product_cat?post=708870"},{"taxonomy":"product_tag","embeddable":true,"href":"https:\/\/roveyayinevi.com.tr\/index.php\/wp-json\/wp\/v2\/product_tag?post=708870"}],"curies":[{"name":"wp","href":"https:\/\/api.w.org\/{rel}","templated":true}]}}