{"id":708869,"date":"2025-08-27T16:19:15","date_gmt":"2025-08-27T13:19:15","guid":{"rendered":"https:\/\/roveyayinevi.com.tr\/index.php\/urun\/toko-kucuk-bir-kusun-buyuk-gagasiyla-barisma-hikayesi\/"},"modified":"2026-04-16T02:17:35","modified_gmt":"2026-04-15T23:17:35","slug":"toko-kucuk-bir-kusun-buyuk-gagasiyla-barisma-hikayesi","status":"publish","type":"product","link":"https:\/\/roveyayinevi.com.tr\/index.php\/urun\/toko-kucuk-bir-kusun-buyuk-gagasiyla-barisma-hikayesi\/","title":{"rendered":"Toko &#8211; K\u00fc\u00e7\u00fck Bir Ku\u015fun B\u00fcy\u00fck Gagas\u0131yla Bar\u0131\u015fma Hikayesi"},"content":{"rendered":"<p>\u201cKe\u015fke benim de onlar gibi k\u00fc\u00e7\u00fck bir gagam olsayd\u0131!\u201d TOKO, G\u00fcney Amerika\u2019da ya\u015fayan kocaman gagal\u0131 bir tukan ku\u015fuydu ve b\u00fcy\u00fck gagas\u0131ndan hi\u00e7 mutlu de\u011fildi. Bir yaz g\u00fcn\u00fc, kendisi gibi b\u00fcy\u00fck gagal\u0131 ba\u015fka ku\u015flarla tan\u0131\u015fma hayaliyle uzun bir yolculu\u011fa \u00e7\u0131kt\u0131&#8230; K\u00fc\u00e7\u00fck bir ku\u015fun b\u00fcy\u00fck gagas\u0131yla tan\u0131\u015fma hik\u00e2yesi TOKO\u2019yu Naz Elkorek yazd\u0131, Gizem Darendelio\u011flu resimledi. <\/p>\n","protected":false},"excerpt":{"rendered":"<p>\u201cKe\u015fke benim de onlar gibi k\u00fc\u00e7\u00fck bir gagam olsayd\u0131!\u201d TOKO, G\u00fcney Amerika\u2019da ya\u015fayan kocaman gagal\u0131 bir tukan ku\u015fuydu ve b\u00fcy\u00fck gagas\u0131ndan hi\u00e7 mutlu de\u011fildi. Bir yaz<span class=\"excerpt-hellip\"> [\u2026]<\/span><\/p>\n","protected":false},"featured_media":0,"template":"","meta":{"_monsterinsights_skip_tracking":false,"_monsterinsights_sitenote_active":false,"_monsterinsights_sitenote_note":"","_monsterinsights_sitenote_category":0},"product_brand":[],"product_cat":[12913,12274],"product_tag":[],"class_list":{"0":"post-708869","1":"product","2":"type-product","3":"status-publish","5":"product_cat-3-6-yas-kitaplari","6":"product_cat-cocuk-ve-genclik-kitaplari","7":"pa_cilt-ciltsiz","8":"pa_tur-kitap","9":"pa_yayinevi-yapi-kredi-yayinlari","10":"pa_yazar-naz-elkorek","12":"first","13":"instock","14":"sale","15":"shipping-taxable","16":"purchasable","17":"product-type-simple"},"_links":{"self":[{"href":"https:\/\/roveyayinevi.com.tr\/index.php\/wp-json\/wp\/v2\/product\/708869","targetHints":{"allow":["GET"]}}],"collection":[{"href":"https:\/\/roveyayinevi.com.tr\/index.php\/wp-json\/wp\/v2\/product"}],"about":[{"href":"https:\/\/roveyayinevi.com.tr\/index.php\/wp-json\/wp\/v2\/types\/product"}],"wp:attachment":[{"href":"https:\/\/roveyayinevi.com.tr\/index.php\/wp-json\/wp\/v2\/media?parent=708869"}],"wp:term":[{"taxonomy":"product_brand","embeddable":true,"href":"https:\/\/roveyayinevi.com.tr\/index.php\/wp-json\/wp\/v2\/product_brand?post=708869"},{"taxonomy":"product_cat","embeddable":true,"href":"https:\/\/roveyayinevi.com.tr\/index.php\/wp-json\/wp\/v2\/product_cat?post=708869"},{"taxonomy":"product_tag","embeddable":true,"href":"https:\/\/roveyayinevi.com.tr\/index.php\/wp-json\/wp\/v2\/product_tag?post=708869"}],"curies":[{"name":"wp","href":"https:\/\/api.w.org\/{rel}","templated":true}]}}